{"id":81472,"date":"2026-04-29T12:15:19","date_gmt":"2026-04-29T11:15:19","guid":{"rendered":"https:\/\/ventesengros.fr\/?post_type=product&#038;p=81472"},"modified":"2026-04-29T12:15:57","modified_gmt":"2026-04-29T11:15:57","slug":"lait-de-chamelle-en-poudre-en-gros","status":"publish","type":"product","link":"https:\/\/ventesengros.fr\/pt\/grossiste\/leite-em-po-de-camelo-por-atacado\/","title":{"rendered":"Leite em p\u00f3 de camelo por atacado"},"content":{"rendered":"<p>Le&nbsp;<strong>leite em p\u00f3 de camelo por atacado<\/strong> destina-se aos profissionais que desejam oferecer um produto original, pr\u00e1tico de armazenar e procurado no mundo da alimenta\u00e7\u00e3o natural. Gra\u00e7as ao seu formato seco, oferece uma solu\u00e7\u00e3o simples para a compra, a conserva\u00e7\u00e3o e a revenda, nomeadamente para lojas de charcutaria, lojas orientais, lojas de produtos biol\u00f3gicos, lojas de conceitos alimentares, retalhistas de com\u00e9rcio eletr\u00f3nico e grossistas especializados.<\/p>\n<p>Na Ventes en Gros, trabalhamos com profissionais que procuram o produto certo. <strong>grossista de leite em p\u00f3 de camelo<\/strong> com uma gama concebida para compras a granel, necessidades regulares e projectos de distribui\u00e7\u00e3o. O produto pode ser proposto a granel, ao quilo ou em embalagens adaptadas \u00e0s necessidades do mercado.<\/p>\n<h2>Compra de leite em p\u00f3 de camelo ao quilo<\/h2>\n<p>L\u2019<strong>compra de leite de camelo em p\u00f3 ao quilo<\/strong> \u00e9 uma solu\u00e7\u00e3o interessante para os retalhistas que pretendem controlar os seus custos, testar uma nova gama ou constituir um stock flex\u00edvel. O formato do quilo pode ser utilizado para uma variedade de fins profissionais: reembalagem, vendas na loja, cria\u00e7\u00e3o de embalagens de descoberta ou integra\u00e7\u00e3o numa oferta alimentar de qualidade superior.<\/p>\n<p>Este tipo de produto atrai uma clientela curiosa, sens\u00edvel aos produtos tradicionais e \u00e0s alternativas alimentares do M\u00e9dio Oriente, do Norte de \u00c1frica ou das regi\u00f5es des\u00e9rticas. A sua forma em p\u00f3 facilita a conserva\u00e7\u00e3o e reduz os constrangimentos log\u00edsticos associados aos produtos l\u00edquidos.<\/p>\n<h2>Leite em p\u00f3 de camelo por grosso para profissionais<\/h2>\n<p>Como profissional, encontrar um <strong>grossista de leite em p\u00f3 de camelo<\/strong> \u00c9 uma fonte de abastecimento fi\u00e1vel que lhe permite oferecer um produto diferenciado. O leite de camelo em p\u00f3 \u00e9 um complemento perfeito para uma gama de produtos naturais, mercearias orientais, superalimentos, alimentos em p\u00f3 ou produtos premium com um elevado valor percebido.<\/p>\n<p>A procura deste tipo de produtos est\u00e1 ainda pouco explorada em alguns mercados franc\u00f3fonos. \u00c9 precisamente aqui que h\u00e1 uma carta a jogar: oferecer uma refer\u00eancia rara, bem apresentada, com um posicionamento claro e uma ficha de produto tranquilizadora. N\u00e3o \u00e9 necess\u00e1rio falar de milagres, o produto \u00e9 suficientemente intrigante por si s\u00f3.<\/p>\n<h2>Porque \u00e9 que oferecem leite em p\u00f3 de camelo no vosso cat\u00e1logo?<\/h2>\n<p>O leite em p\u00f3 de camelo tem v\u00e1rias vantagens para os profissionais. \u00c9 mais f\u00e1cil de transportar do que o leite l\u00edquido, mais f\u00e1cil de armazenar e mais pr\u00e1tico de integrar numa estrat\u00e9gia de venda em linha ou numa loja f\u00edsica. O seu formato em p\u00f3 permite igualmente tratar maiores volumes, reduzindo ao mesmo tempo certos constrangimentos de armazenamento.<\/p>\n<p>Para um retalhista, trata-se de um produto capaz de enriquecer uma gama com uma refer\u00eancia distintiva. Pode ser promovido junto de clientes interessados em produtos alimentares originais, tradi\u00e7\u00f5es n\u00f3madas, produtos de deserto ou ingredientes de qualidade invulgar.<\/p>\n<h2>Uma gama adaptada aos retalhistas e lojas especializadas<\/h2>\n<p>A nossa gama de <strong>leite em p\u00f3 de camelo por atacado<\/strong> destina-se a profissionais que procuram um produto com elevado potencial de venda. Quer se trate de uma loja de produtos alimentares, de um retalhista em linha, de uma mercearia oriental ou de um distribuidor, a compra a granel permite-lhe criar uma margem mais confort\u00e1vel e responder a uma procura orientada.<\/p>\n<p>O leite em p\u00f3 de camelo tamb\u00e9m pode ser combinado com outros produtos com uma forte identidade culin\u00e1ria. Para desenvolver a sua gama, pode tamb\u00e9m descobrir a nossa oferta de <a href=\"https:\/\/ventesengros.fr\/pt\/grossiste\/venda-marroquina-por-atacado-2\/\">Venda marroquina por atacado<\/a>, Uma refer\u00eancia tradicional e muito apreciada no mundo dos produtos marroquinos e orientais.<\/p>\n<h2>Leite em p\u00f3 de camelo: um produto diferenciador para os grossistas<\/h2>\n<p>Num mercado em que muitas lojas oferecem os mesmos produtos, a <strong>leite em p\u00f3 de camelo por quilo<\/strong> permite-lhe destacar-se da multid\u00e3o. \u00c9 uma refer\u00eancia que atrai a aten\u00e7\u00e3o, aumenta a profundidade de uma gama e pode refor\u00e7ar o posicionamento premium de uma loja.<\/p>\n<p>Para uma estrat\u00e9gia de com\u00e9rcio eletr\u00f3nico, este produto pode ser desenvolvido com conte\u00fados did\u00e1cticos, fichas descritivas claras, imagens s\u00f3brias e um discurso de vendas centrado na sua origem, praticidade, formato em p\u00f3 e compra profissional. O objetivo \u00e9 simples: tranquilizar, explicar e converter.<\/p>\n<h2>Encomendas em linha seguras<\/h2>\n<p>Pretende comprar <strong>leite em p\u00f3 de camelo por atacado<\/strong> ou receber uma oferta para uma compra ao quilo? Ventes en Gros prop\u00f5e solu\u00e7\u00f5es adaptadas aos profissionais que desejam desenvolver o seu cat\u00e1logo com produtos alimentares originais e diferenciadores.<\/p>\n<p>Se tiver alguma d\u00favida sobre pre\u00e7os, quantidades ou embalagens, contacte-nos para obter uma proposta adaptada \u00e0s suas necessidades comerciais.<\/p>\n<h2>FAQ - Leite em p\u00f3 de camelo por atacado<\/h2>\n<div itemscope=\"\" itemtype=\"https:\/\/schema.org\/FAQPage\">\n<div itemprop=\"mainEntity\" itemscope=\"\" itemtype=\"https:\/\/schema.org\/Question\">\n<h3 itemprop=\"name\">Posso comprar leite em p\u00f3 de camelo ao quilo?<\/h3>\n<div itemprop=\"acceptedAnswer\" itemscope=\"\" itemtype=\"https:\/\/schema.org\/Answer\">\n<p itemprop=\"text\">Sim, a compra de leite em p\u00f3 de camelo ao quilo \u00e9 poss\u00edvel para os profissionais, em fun\u00e7\u00e3o da disponibilidade, dos volumes necess\u00e1rios e das necessidades de acondicionamento.<\/p>\n<\/div>\n<\/div>\n<div itemprop=\"mainEntity\" itemscope=\"\" itemtype=\"https:\/\/schema.org\/Question\">\n<h3 itemprop=\"name\">A quem se destina o leite em p\u00f3 de camelo?<\/h3>\n<div itemprop=\"acceptedAnswer\" itemscope=\"\" itemtype=\"https:\/\/schema.org\/Answer\">\n<p itemprop=\"text\">O leite de camelo em p\u00f3 por grosso destina-se a mercearias orientais, lojas de produtos biol\u00f3gicos, retalhistas de com\u00e9rcio eletr\u00f3nico, grossistas de produtos alimentares, concept stores e profissionais que desejem oferecer um produto original no seu cat\u00e1logo.<\/p>\n<\/div>\n<\/div>\n<div itemprop=\"mainEntity\" itemscope=\"\" itemtype=\"https:\/\/schema.org\/Question\">\n<h3 itemprop=\"name\">Porqu\u00ea escolher um grossista de leite em p\u00f3 de camelo?<\/h3>\n<div itemprop=\"acceptedAnswer\" itemscope=\"\" itemtype=\"https:\/\/schema.org\/Answer\">\n<p itemprop=\"text\">O recurso a um grossista permite-lhe comprar em quantidade, otimizar os custos de fornecimento e dispor de um produto adequado para revenda profissional.<\/p>\n<\/div>\n<\/div>\n<div itemprop=\"mainEntity\" itemscope=\"\" itemtype=\"https:\/\/schema.org\/Question\">\n<h3 itemprop=\"name\">O leite em p\u00f3 de camelo pode ser revendido?<\/h3>\n<div itemprop=\"acceptedAnswer\" itemscope=\"\" itemtype=\"https:\/\/schema.org\/Answer\">\n<p itemprop=\"text\">Sim, o seu formato em p\u00f3 facilita o armazenamento, o transporte e a gest\u00e3o dos volumes, tornando-o uma op\u00e7\u00e3o pr\u00e1tica para lojas e retalhistas.<\/p>\n<\/div>\n<\/div>\n<\/div>","protected":false},"excerpt":{"rendered":"<p><strong>Carater\u00edsticas :<\/strong><\/p>\n<ul>\n<li><strong>Origem<\/strong> U.A.E. (Emirados \u00c1rabes Unidos.<\/li>\n<li><strong>Capacidade<\/strong> Saco de 100g - 1 quilo.<\/li>\n<\/ul>","protected":false},"featured_media":81474,"template":"","meta":[],"product_brand":[],"product_cat":[206,1571],"product_tag":[],"class_list":{"0":"post-81472","1":"product","2":"type-product","3":"status-publish","4":"has-post-thumbnail","6":"product_cat-alimentation","7":"product_cat-grossiste-produits-nabaty","9":"first","10":"instock","11":"shipping-taxable","12":"purchasable","13":"product-type-variable","14":"has-default-attributes"},"_links":{"self":[{"href":"https:\/\/ventesengros.fr\/pt\/wp-json\/wp\/v2\/product\/81472","targetHints":{"allow":["GET"]}}],"collection":[{"href":"https:\/\/ventesengros.fr\/pt\/wp-json\/wp\/v2\/product"}],"about":[{"href":"https:\/\/ventesengros.fr\/pt\/wp-json\/wp\/v2\/types\/product"}],"wp:featuredmedia":[{"embeddable":true,"href":"https:\/\/ventesengros.fr\/pt\/wp-json\/wp\/v2\/media\/81474"}],"wp:attachment":[{"href":"https:\/\/ventesengros.fr\/pt\/wp-json\/wp\/v2\/media?parent=81472"}],"wp:term":[{"taxonomy":"product_brand","embeddable":true,"href":"https:\/\/ventesengros.fr\/pt\/wp-json\/wp\/v2\/product_brand?post=81472"},{"taxonomy":"product_cat","embeddable":true,"href":"https:\/\/ventesengros.fr\/pt\/wp-json\/wp\/v2\/product_cat?post=81472"},{"taxonomy":"product_tag","embeddable":true,"href":"https:\/\/ventesengros.fr\/pt\/wp-json\/wp\/v2\/product_tag?post=81472"}],"curies":[{"name":"wp","href":"https:\/\/api.w.org\/{rel}","templated":true}]}}