{"id":77714,"date":"2025-12-16T20:29:17","date_gmt":"2025-12-16T19:29:17","guid":{"rendered":"https:\/\/ventesengros.fr\/?post_type=product&#038;p=77714"},"modified":"2026-04-20T16:17:57","modified_gmt":"2026-04-20T15:17:57","slug":"tabrima-marocaine-en-gros-1kg","status":"publish","type":"product","link":"https:\/\/ventesengros.fr\/pt\/grossiste\/tabrima-marroquina-por-atacado-1kg\/","title":{"rendered":"Tabrima marroquina a granel \u2013 1 kg"},"content":{"rendered":"","protected":false},"excerpt":{"rendered":"<p>Propomos-lhe este Tabrima 100% natural de Marrocos, utilizado h\u00e1 v\u00e1rias gera\u00e7\u00f5es nos cuidados tradicionais para purificar e acalmar a pele. Pode ser integrada nos seus rituais de beleza ou nos seus produtos caseiros de cuidado do corpo.  Vendido em embalagens de 1 kg.<\/p>","protected":false},"featured_media":77717,"template":"","meta":[],"product_brand":[],"product_cat":[1571,360,606],"product_tag":[],"class_list":{"0":"post-77714","1":"product","2":"type-product","3":"status-publish","4":"has-post-thumbnail","6":"product_cat-grossiste-produits-nabaty","7":"product_cat-produit-naturel-en-vrac","8":"product_cat-vrac-par-litre","10":"first","11":"instock","12":"shipping-taxable","13":"purchasable","14":"product-type-simple"},"_links":{"self":[{"href":"https:\/\/ventesengros.fr\/pt\/wp-json\/wp\/v2\/product\/77714","targetHints":{"allow":["GET"]}}],"collection":[{"href":"https:\/\/ventesengros.fr\/pt\/wp-json\/wp\/v2\/product"}],"about":[{"href":"https:\/\/ventesengros.fr\/pt\/wp-json\/wp\/v2\/types\/product"}],"wp:featuredmedia":[{"embeddable":true,"href":"https:\/\/ventesengros.fr\/pt\/wp-json\/wp\/v2\/media\/77717"}],"wp:attachment":[{"href":"https:\/\/ventesengros.fr\/pt\/wp-json\/wp\/v2\/media?parent=77714"}],"wp:term":[{"taxonomy":"product_brand","embeddable":true,"href":"https:\/\/ventesengros.fr\/pt\/wp-json\/wp\/v2\/product_brand?post=77714"},{"taxonomy":"product_cat","embeddable":true,"href":"https:\/\/ventesengros.fr\/pt\/wp-json\/wp\/v2\/product_cat?post=77714"},{"taxonomy":"product_tag","embeddable":true,"href":"https:\/\/ventesengros.fr\/pt\/wp-json\/wp\/v2\/product_tag?post=77714"}],"curies":[{"name":"wp","href":"https:\/\/api.w.org\/{rel}","templated":true}]}}