{"id":77694,"date":"2025-12-16T18:49:14","date_gmt":"2025-12-16T17:49:14","guid":{"rendered":"https:\/\/ventesengros.fr\/?post_type=product&#038;p=77694"},"modified":"2026-04-20T16:18:03","modified_gmt":"2026-04-20T15:18:03","slug":"graines-de-peganum-lot-de-6-unites","status":"publish","type":"product","link":"https:\/\/ventesengros.fr\/pt\/grossiste\/sementes-de-peganum-lote-de-6-unidades\/","title":{"rendered":"Sementes de Peganum a granel \u2013 Harmal \u2013 100 g (lote de 6 unidades)"},"content":{"rendered":"","protected":false},"excerpt":{"rendered":"<p>Propomos-lhe estas sementes de Peganum Harmal (Harmel), de origem marroquina, tradicionalmente utilizadas para fumiga\u00e7\u00e3o, rituais de purifica\u00e7\u00e3o ou prepara\u00e7\u00f5es medicinais naturais.<\/p>\n<p>Vendido em embalagens de 6 x 100g. &nbsp;<\/p>\n<p>Pre\u00e7o unit\u00e1rio: 0,80 euros<\/p>\n<p><strong>Pre\u00e7o: 4,80 euros<\/strong><\/p>","protected":false},"featured_media":77695,"template":"","meta":[],"product_brand":[],"product_cat":[1568,1571],"product_tag":[],"class_list":{"0":"post-77694","1":"product","2":"type-product","3":"status-publish","4":"has-post-thumbnail","6":"product_cat-grossiste-produits-a-base-de-peganum","7":"product_cat-grossiste-produits-nabaty","9":"first","10":"instock","11":"shipping-taxable","12":"purchasable","13":"product-type-simple"},"_links":{"self":[{"href":"https:\/\/ventesengros.fr\/pt\/wp-json\/wp\/v2\/product\/77694","targetHints":{"allow":["GET"]}}],"collection":[{"href":"https:\/\/ventesengros.fr\/pt\/wp-json\/wp\/v2\/product"}],"about":[{"href":"https:\/\/ventesengros.fr\/pt\/wp-json\/wp\/v2\/types\/product"}],"wp:featuredmedia":[{"embeddable":true,"href":"https:\/\/ventesengros.fr\/pt\/wp-json\/wp\/v2\/media\/77695"}],"wp:attachment":[{"href":"https:\/\/ventesengros.fr\/pt\/wp-json\/wp\/v2\/media?parent=77694"}],"wp:term":[{"taxonomy":"product_brand","embeddable":true,"href":"https:\/\/ventesengros.fr\/pt\/wp-json\/wp\/v2\/product_brand?post=77694"},{"taxonomy":"product_cat","embeddable":true,"href":"https:\/\/ventesengros.fr\/pt\/wp-json\/wp\/v2\/product_cat?post=77694"},{"taxonomy":"product_tag","embeddable":true,"href":"https:\/\/ventesengros.fr\/pt\/wp-json\/wp\/v2\/product_tag?post=77694"}],"curies":[{"name":"wp","href":"https:\/\/api.w.org\/{rel}","templated":true}]}}