{"id":69990,"date":"2025-02-20T10:34:02","date_gmt":"2025-02-20T09:34:02","guid":{"rendered":"https:\/\/ventesengros.fr\/?post_type=product&#038;p=69990"},"modified":"2025-02-20T10:34:02","modified_gmt":"2025-02-20T09:34:02","slug":"huile-darmoise-en-gros-30ml","status":"publish","type":"product","link":"https:\/\/ventesengros.fr\/pt\/grossiste\/oleo-de-darmoise-por-atacado-30ml\/","title":{"rendered":"\u00d3leo de artem\u00edsia a granel - 30ml - 12 unidades"},"content":{"rendered":"","protected":false},"excerpt":{"rendered":"<p>Oferecemos \u00f3leo de absinto. De Marrocos, vendido em embalagens de 12 frascos de 30 ml.<\/p>\n<p>15.00\u20ac \/Lote de 12 garrafas<\/p>\n<p>Pre\u00e7o unit\u00e1rio: 1,25 euros\/pe\u00e7a.<\/p>","protected":false},"featured_media":69991,"template":"","meta":[],"product_brand":[],"product_cat":[201],"product_tag":[],"class_list":{"0":"post-69990","1":"product","2":"type-product","3":"status-publish","4":"has-post-thumbnail","6":"product_cat-huiles-soin-et-bien-etre","8":"first","9":"instock","10":"shipping-taxable","11":"purchasable","12":"product-type-simple"},"_links":{"self":[{"href":"https:\/\/ventesengros.fr\/pt\/wp-json\/wp\/v2\/product\/69990","targetHints":{"allow":["GET"]}}],"collection":[{"href":"https:\/\/ventesengros.fr\/pt\/wp-json\/wp\/v2\/product"}],"about":[{"href":"https:\/\/ventesengros.fr\/pt\/wp-json\/wp\/v2\/types\/product"}],"wp:featuredmedia":[{"embeddable":true,"href":"https:\/\/ventesengros.fr\/pt\/wp-json\/wp\/v2\/media\/69991"}],"wp:attachment":[{"href":"https:\/\/ventesengros.fr\/pt\/wp-json\/wp\/v2\/media?parent=69990"}],"wp:term":[{"taxonomy":"product_brand","embeddable":true,"href":"https:\/\/ventesengros.fr\/pt\/wp-json\/wp\/v2\/product_brand?post=69990"},{"taxonomy":"product_cat","embeddable":true,"href":"https:\/\/ventesengros.fr\/pt\/wp-json\/wp\/v2\/product_cat?post=69990"},{"taxonomy":"product_tag","embeddable":true,"href":"https:\/\/ventesengros.fr\/pt\/wp-json\/wp\/v2\/product_tag?post=69990"}],"curies":[{"name":"wp","href":"https:\/\/api.w.org\/{rel}","templated":true}]}}