{"id":63567,"date":"2024-08-11T19:28:36","date_gmt":"2024-08-11T18:28:36","guid":{"rendered":"https:\/\/ventesengros.fr\/?post_type=product&#038;p=63567"},"modified":"2026-03-24T12:44:59","modified_gmt":"2026-03-24T11:44:59","slug":"huile-de-safran-30ml","status":"publish","type":"product","link":"https:\/\/ventesengros.fr\/pt\/grossiste\/oleo-de-acafrao-30ml\/","title":{"rendered":"\u00d3leo de a\u00e7afr\u00e3o 30 ml (lote de 12 frascos)"},"content":{"rendered":"","protected":false},"excerpt":{"rendered":"<p style=\"font-weight: 400;\">Oferecemos-lhe este<b>\u00a0\u00d3leo de a\u00e7afr\u00e3o\u00a0<\/b>num frasco de 30 ml, vendido por\u00a0<strong>conjunto de\u00a0<\/strong><strong>12 garrafas<\/strong>\u00a0.<\/p>\n<p style=\"font-weight: 400;\">Pre\u00e7o do frasco de 30 ml: 1,05 euros<\/p>\n<p style=\"font-weight: 400;\"><b>12,60 \u20ac<\/b><\/p>\n<p style=\"font-weight: 400;\">Receba um desconto de 10% para mais de 5 lotes (<a href=\"https:\/\/ventesengros.fr\/pt\/contacto\/\" data-saferedirecturl=\"https:\/\/www.google.com\/url?q=https:\/\/ventesengros.fr\/contact\/&amp;source=gmail&amp;ust=1723486391475000&amp;usg=AOvVaw24A08syamzlLf19Y6Irohj\">contactar-nos<\/a>).<\/p>","protected":false},"featured_media":63568,"template":"","meta":[],"product_brand":[],"product_cat":[201],"product_tag":[],"class_list":{"0":"post-63567","1":"product","2":"type-product","3":"status-publish","4":"has-post-thumbnail","6":"product_cat-huiles-soin-et-bien-etre","8":"first","9":"instock","10":"shipping-taxable","11":"purchasable","12":"product-type-simple"},"_links":{"self":[{"href":"https:\/\/ventesengros.fr\/pt\/wp-json\/wp\/v2\/product\/63567","targetHints":{"allow":["GET"]}}],"collection":[{"href":"https:\/\/ventesengros.fr\/pt\/wp-json\/wp\/v2\/product"}],"about":[{"href":"https:\/\/ventesengros.fr\/pt\/wp-json\/wp\/v2\/types\/product"}],"wp:featuredmedia":[{"embeddable":true,"href":"https:\/\/ventesengros.fr\/pt\/wp-json\/wp\/v2\/media\/63568"}],"wp:attachment":[{"href":"https:\/\/ventesengros.fr\/pt\/wp-json\/wp\/v2\/media?parent=63567"}],"wp:term":[{"taxonomy":"product_brand","embeddable":true,"href":"https:\/\/ventesengros.fr\/pt\/wp-json\/wp\/v2\/product_brand?post=63567"},{"taxonomy":"product_cat","embeddable":true,"href":"https:\/\/ventesengros.fr\/pt\/wp-json\/wp\/v2\/product_cat?post=63567"},{"taxonomy":"product_tag","embeddable":true,"href":"https:\/\/ventesengros.fr\/pt\/wp-json\/wp\/v2\/product_tag?post=63567"}],"curies":[{"name":"wp","href":"https:\/\/api.w.org\/{rel}","templated":true}]}}