{"id":63558,"date":"2024-08-11T19:19:37","date_gmt":"2024-08-11T18:19:37","guid":{"rendered":"https:\/\/ventesengros.fr\/?post_type=product&#038;p=63558"},"modified":"2024-08-11T19:22:51","modified_gmt":"2024-08-11T18:22:51","slug":"huile-de-safran-au-litre","status":"publish","type":"product","link":"https:\/\/ventesengros.fr\/pt\/grossiste\/oleo-de-acafrao-por-litro\/","title":{"rendered":"\u00d3leo de a\u00e7afr\u00e3o \u2013 1L"},"content":{"rendered":"","protected":false},"excerpt":{"rendered":"<p>Oferecemos-lhe este \u00f3leo de\u00a0<span style=\"color: #0000ff;\">Safran<\/span><span style=\"color: #777777;\">\u00a0em garrafas de\u00a0<\/span><span style=\"color: #0000ff;\">1 litro<\/span><span style=\"color: #777777;\">.<\/span><\/p>","protected":false},"featured_media":63562,"template":"","meta":[],"product_brand":[],"product_cat":[201],"product_tag":[],"class_list":{"0":"post-63558","1":"product","2":"type-product","3":"status-publish","4":"has-post-thumbnail","6":"product_cat-huiles-soin-et-bien-etre","8":"first","9":"instock","10":"shipping-taxable","11":"purchasable","12":"product-type-simple"},"_links":{"self":[{"href":"https:\/\/ventesengros.fr\/pt\/wp-json\/wp\/v2\/product\/63558","targetHints":{"allow":["GET"]}}],"collection":[{"href":"https:\/\/ventesengros.fr\/pt\/wp-json\/wp\/v2\/product"}],"about":[{"href":"https:\/\/ventesengros.fr\/pt\/wp-json\/wp\/v2\/types\/product"}],"wp:featuredmedia":[{"embeddable":true,"href":"https:\/\/ventesengros.fr\/pt\/wp-json\/wp\/v2\/media\/63562"}],"wp:attachment":[{"href":"https:\/\/ventesengros.fr\/pt\/wp-json\/wp\/v2\/media?parent=63558"}],"wp:term":[{"taxonomy":"product_brand","embeddable":true,"href":"https:\/\/ventesengros.fr\/pt\/wp-json\/wp\/v2\/product_brand?post=63558"},{"taxonomy":"product_cat","embeddable":true,"href":"https:\/\/ventesengros.fr\/pt\/wp-json\/wp\/v2\/product_cat?post=63558"},{"taxonomy":"product_tag","embeddable":true,"href":"https:\/\/ventesengros.fr\/pt\/wp-json\/wp\/v2\/product_tag?post=63558"}],"curies":[{"name":"wp","href":"https:\/\/api.w.org\/{rel}","templated":true}]}}