{"id":61111,"date":"2024-05-10T11:18:03","date_gmt":"2024-05-10T10:18:03","guid":{"rendered":"https:\/\/ventesengros.fr\/?post_type=product&#038;p=61111"},"modified":"2025-11-06T07:48:12","modified_gmt":"2025-11-06T06:48:12","slug":"huile-dakpi-en-gros","status":"publish","type":"product","link":"https:\/\/ventesengros.fr\/pt\/grossiste\/oleo-dakpi-por-atacado\/","title":{"rendered":"\u00d3leo de Akpi por atacado - 1 litro"},"content":{"rendered":"<p>No mundo dos produtos naturais conhecidos pelos seus benef\u00edcios cosm\u00e9ticos e culin\u00e1rios, o\u2019<strong>\u00d3leo de Akpi<\/strong>\u00a0destaca-se em particular. Este \u00f3leo, extra\u00eddo de uma noz origin\u00e1ria da \u00c1frica Ocidental, n\u00e3o s\u00f3 \u00e9 apreciado pela sua utiliza\u00e7\u00e3o na cozinha africana, como tamb\u00e9m \u00e9 famoso pelas suas propriedades que ajudam a melhorar o aspeto das\u00a0<strong><a href=\"https:\/\/ventesengros.fr\/pt\/product-category\/grossiste-fenugrec\/\">seios e n\u00e1degas<\/a><\/strong>. Face \u00e0 procura crescente, posicionarmo-nos como\u00a0<strong>Grossista de \u00f3leo de Akpi<\/strong>\u00a0pode revelar-se um projeto lucrativo. A explora\u00e7\u00e3o do volume, a gest\u00e3o das exist\u00eancias, a compreens\u00e3o do mercado - todos estes aspectos s\u00e3o essenciais para encontrar o seu caminho.<\/p>\n<h2><strong>No\u00e7\u00f5es b\u00e1sicas de com\u00e9rcio grossista: compreender o \u00f3leo Akpi<\/strong><\/h2>\n<p>L\u2019<strong>\u00d3leo de Akpi<\/strong>, gra\u00e7as aos seus \u00e1cidos gordos e propriedades hidratantes, \u00e9 cada vez mais procurado tanto no mercado africano como no internacional. Os comerciantes precisam de compreender as carater\u00edsticas espec\u00edficas deste produto para maximizar a sua efic\u00e1cia no mercado africano.\u00a0<strong>grossista<\/strong>. O aprovisionamento respons\u00e1vel, a sele\u00e7\u00e3o dos melhores lotes, o conhecimento profundo das normas de qualidade e o armazenamento adequado s\u00e3o apenas alguns dos muitos imperativos para o sucesso neste dom\u00ednio.<\/p>\n<h2><strong>Vantagens da venda por grosso: porqu\u00ea recorrer \u00e0 Akpi?<\/strong><\/h2>\n<p>Optar por\u00a0<strong>grossista<\/strong>\u00a0Existem v\u00e1rias vantagens significativas na utiliza\u00e7\u00e3o do \u00f3leo Akpi. Em primeiro lugar, permite uma redu\u00e7\u00e3o substancial da\u00a0<strong>pre\u00e7o<\/strong>\u00a0por unidade, tornando o produto mais atrativo para compras maiores.\u00a0<strong>volume<\/strong>\u00a0importante. Em segundo lugar, a venda por grosso permite que os vendedores estabele\u00e7am rela\u00e7\u00f5es de longo prazo com os seus clientes, o que resulta numa maior estabilidade comercial e financeira.<\/p>\n<p>Al\u00e9m disso, ter um grande stock pode posicion\u00e1-lo como um ator-chave no mercado, refor\u00e7ando o seu poder de negocia\u00e7\u00e3o com os fornecedores.<\/p>\n<h2><strong>Estrat\u00e9gias para maximizar os lucros como grossista<\/strong><\/h2>\n<p>Para se destacar na venda por grosso de \u00f3leo de Akpi, \u00e9 crucial desenvolver uma estrat\u00e9gia completa. Esta inclui um estudo cuidadoso do mercado-alvo para adaptar as ofertas, um planeamento log\u00edstico para garantir uma entrega eficiente e pol\u00edticas de pre\u00e7os competitivas. \u00c9 tamb\u00e9m uma boa ideia investir no marketing e na promo\u00e7\u00e3o do produto para garantir a sua visibilidade num mercado altamente competitivo.<\/p>\n<ul>\n<li>An\u00e1lise de mercado: identificar as necessidades e prefer\u00eancias dos clientes.<\/li>\n<li>Gest\u00e3o da cadeia de abastecimento: otimiza\u00e7\u00e3o dos processos de compra e distribui\u00e7\u00e3o para evitar rupturas de stock.<\/li>\n<li>Marketing direcionado: cria\u00e7\u00e3o de campanhas promocionais adaptadas ao segmento de clientes-alvo.<\/li>\n<\/ul>\n<h3><strong>Considera\u00e7\u00f5es log\u00edsticas para o grossista de \u00f3leo Akpi<\/strong><\/h3>\n<p>A gest\u00e3o log\u00edstica \u00e9 um pilar central do com\u00e9rcio grossista. Inclui a coordena\u00e7\u00e3o de encomendas, o controlo de stocks, o desalfandegamento e muito mais. Uma gest\u00e3o eficiente n\u00e3o s\u00f3 garante a frescura e a qualidade dos produtos, como tamb\u00e9m reduz os custos operacionais que se podem acumular devido a atrasos ou perda de mercadorias.<\/p>","protected":false},"excerpt":{"rendered":"<p>Propomos-lhe este \u00f3leo puro AKPI 100%, vendido em garrafas de 1 litro.<\/p>","protected":false},"featured_media":61114,"template":"","meta":[],"product_brand":[],"product_cat":[201],"product_tag":[],"class_list":{"0":"post-61111","1":"product","2":"type-product","3":"status-publish","4":"has-post-thumbnail","6":"product_cat-huiles-soin-et-bien-etre","8":"first","9":"instock","10":"shipping-taxable","11":"purchasable","12":"product-type-simple"},"_links":{"self":[{"href":"https:\/\/ventesengros.fr\/pt\/wp-json\/wp\/v2\/product\/61111","targetHints":{"allow":["GET"]}}],"collection":[{"href":"https:\/\/ventesengros.fr\/pt\/wp-json\/wp\/v2\/product"}],"about":[{"href":"https:\/\/ventesengros.fr\/pt\/wp-json\/wp\/v2\/types\/product"}],"wp:featuredmedia":[{"embeddable":true,"href":"https:\/\/ventesengros.fr\/pt\/wp-json\/wp\/v2\/media\/61114"}],"wp:attachment":[{"href":"https:\/\/ventesengros.fr\/pt\/wp-json\/wp\/v2\/media?parent=61111"}],"wp:term":[{"taxonomy":"product_brand","embeddable":true,"href":"https:\/\/ventesengros.fr\/pt\/wp-json\/wp\/v2\/product_brand?post=61111"},{"taxonomy":"product_cat","embeddable":true,"href":"https:\/\/ventesengros.fr\/pt\/wp-json\/wp\/v2\/product_cat?post=61111"},{"taxonomy":"product_tag","embeddable":true,"href":"https:\/\/ventesengros.fr\/pt\/wp-json\/wp\/v2\/product_tag?post=61111"}],"curies":[{"name":"wp","href":"https:\/\/api.w.org\/{rel}","templated":true}]}}