{"id":60367,"date":"2024-04-12T11:50:45","date_gmt":"2024-04-12T10:50:45","guid":{"rendered":"https:\/\/ventesengros.fr\/?post_type=product&#038;p=60367"},"modified":"2024-12-19T21:19:35","modified_gmt":"2024-12-19T20:19:35","slug":"hiltite-en-morceaux","status":"publish","type":"product","link":"https:\/\/ventesengros.fr\/pt\/grossiste\/hiltite-em-pedacos\/","title":{"rendered":"Haltite em peda\u00e7os - Asafoetida - Hantite - Hiltite (6 latas de 100g)"},"content":{"rendered":"<p>Os problemas de sa\u00fade ligados a causas misteriosas n\u00e3o s\u00e3o raros e podem ser incapacitantes para as pessoas que deles sofrem. L\u2019<strong>asafoetida<\/strong>, tamb\u00e9m conhecido como\u00a0<strong>Haltyt<\/strong>, \u00e9 uma resina utilizada desde a antiguidade numa vasta gama de tratamentos, incluindo os de doen\u00e7as de origem sobrenatural, como as doen\u00e7as causadas pela\u00a0<strong>djinns<\/strong>\u00a0ou mal oculto. Neste artigo, exploramos as virtudes desta planta, analisando as suas diferentes propriedades terap\u00eauticas.<\/p>\n<h2><strong>Introdu\u00e7\u00e3o \u00e0 Asafoetida ou Haltyt<\/strong><\/h2>\n<p>Esta resina, extra\u00edda de plantas da fam\u00edlia das Apiaceae, prov\u00e9m principalmente do Ir\u00e3o e do Afeganist\u00e3o. O seu cheiro forte e desagrad\u00e1vel valeu-lhe o nome de \u00abmerda do diabo\u00bb, mas n\u00e3o se deixe enganar! Por detr\u00e1s deste aspeto pouco apetitoso, encontra-se uma s\u00e9rie de propriedades ben\u00e9ficas para a sa\u00fade. Utilizada h\u00e1 s\u00e9culos na medicina ayurv\u00e9dica e tradicional, a asafoetida possui qualidades antiespasm\u00f3dicas, antimicrobianas, anti-inflamat\u00f3rias e expectorantes.<\/p>\n<h3><strong>Os seus benef\u00edcios para a digest\u00e3o<\/strong><\/h3>\n<p>Dores de est\u00f4mago, incha\u00e7o, pris\u00e3o de ventre... O Haltyt \u00e9 um aliado precioso para quem sofre de problemas digestivos. Gra\u00e7as \u00e0s suas propriedades carminativas e antiespasm\u00f3dicas, ajuda a <a href=\"https:\/\/ventesengros.fr\/pt\/grossiste\/folhas-de-sene-maki-5-quilos-a-granel\/\"><strong>digest\u00e3o<\/strong><\/a> reduzindo a sensa\u00e7\u00e3o de peso e os espasmos intestinais. Ajuda igualmente a eliminar os gases e previne a obstipa\u00e7\u00e3o, estimulando o tr\u00e2nsito intestinal.<\/p>\n<h2><strong>Haltyt Asafoetida no tratamento de doen\u00e7as ocultas<\/strong><\/h2>\n<p>\u00c9 importante notar que a asafoetida n\u00e3o substitui o aconselhamento m\u00e9dico e que um m\u00e9dico deve ser consultado antes de recorrer a este tipo de tratamento.<\/p>\n<p>Infec\u00e7\u00f5es de origem misteriosa, como as <a href=\"https:\/\/www.la-librairie-musulmane.com\/produit\/les-djinns\/\" target=\"_blank\" rel=\"noopener\"><strong>causada por djinns<\/strong><\/a> ou mal oculto, pode causar numerosos problemas de sa\u00fade. O Haltyt \u00e9 uma solu\u00e7\u00e3o natural que pode ajudar a aliviar estes males, gra\u00e7as \u00e0s suas propriedades terap\u00eauticas e \u00e0 sua capacidade de refor\u00e7ar o sistema imunit\u00e1rio.<\/p>\n<h3><strong>Refor\u00e7ar o sistema imunit\u00e1rio<\/strong><\/h3>\n<p>Ao estimular a produ\u00e7\u00e3o de gl\u00f3bulos brancos, Haltyt ajuda a refor\u00e7ar o sistema imunit\u00e1rio e a combater mais eficazmente as infec\u00e7\u00f5es. Possui tamb\u00e9m propriedades anti-inflamat\u00f3rias e analg\u00e9sicas que ajudam a aliviar a dor e o desconforto associados a problemas de sa\u00fade causados por causas sobrenaturais.<\/p>\n<h3><strong>Tratamento dos sintomas psicol\u00f3gicos associados ao mal oculto<\/strong><\/h3>\n<p>As v\u00edtimas do mal oculto podem sofrer de sintomas psicol\u00f3gicos como ansiedade, depress\u00e3o e ins\u00f3nia. Gra\u00e7as \u00e0s suas propriedades calmantes e relaxantes, o Haltyt pode ajudar a reduzir estes sintomas, proporcionando uma certa serenidade e um melhor controlo das emo\u00e7\u00f5es.<\/p>\n<h2><strong>Outras utiliza\u00e7\u00f5es medicinais do Haltyt<\/strong><\/h2>\n<p>Al\u00e9m de tratar doen\u00e7as ocultas e dist\u00farbios digestivos, a asafoetida tamb\u00e9m \u00e9 conhecida por :<\/p>\n<ul>\n<li>Alivia os sintomas de certas afec\u00e7\u00f5es respirat\u00f3rias, como a bronquite, a tosse cr\u00f3nica e a asma, gra\u00e7as \u00e0s suas propriedades expectorantes.<\/li>\n<li>Combate as infec\u00e7\u00f5es bacterianas, f\u00fangicas e parasit\u00e1rias gra\u00e7as \u00e0s suas propriedades antimicrobianas.<\/li>\n<li>Regula a tens\u00e3o arterial e previne as doen\u00e7as card\u00edacas, melhorando a circula\u00e7\u00e3o.<\/li>\n<li>Alivia as dores menstruais e promove ciclos regulares nas mulheres.<\/li>\n<li>Tratamento de dores de cabe\u00e7a, enxaquecas e dores dent\u00e1rias.<\/li>\n<\/ul>\n<p>Para colher todos os benef\u00edcios da Asafoetida Haltyt, deve ser utilizada numa variedade de formas, tais como suplementos alimentares, p\u00f3 para adicionar aos seus pratos ou \u00f3leos essenciais para massagens espec\u00edficas.<\/p>","protected":false},"excerpt":{"rendered":"<p><span style=\"color: #777777;\">Oferecemos a Hantie em pe\u00e7as,\u00a0<\/span><span style=\"color: #45818e;\"><b>Vendido em embalagens de 6 latas de 100 g<\/b>.<\/span><\/p>\n<div>\n<div dir=\"ltr\">\n<p><b>Pre\u00e7o por caixa: 2,70 euros<\/b><\/p>\n<\/div>\n<div>\n<p>1 lote: 2,70 euros\/caixaX 6 = 16,20 euros<\/p>\n<\/div>\n<\/div>","protected":false},"featured_media":60368,"template":"","meta":[],"product_brand":[],"product_cat":[1372,59],"product_tag":[],"class_list":{"0":"post-60367","1":"product","2":"type-product","3":"status-publish","4":"has-post-thumbnail","6":"product_cat-roqya","7":"product_cat-soin-et-bien-etre","9":"first","10":"instock","11":"shipping-taxable","12":"purchasable","13":"product-type-simple"},"_links":{"self":[{"href":"https:\/\/ventesengros.fr\/pt\/wp-json\/wp\/v2\/product\/60367","targetHints":{"allow":["GET"]}}],"collection":[{"href":"https:\/\/ventesengros.fr\/pt\/wp-json\/wp\/v2\/product"}],"about":[{"href":"https:\/\/ventesengros.fr\/pt\/wp-json\/wp\/v2\/types\/product"}],"wp:featuredmedia":[{"embeddable":true,"href":"https:\/\/ventesengros.fr\/pt\/wp-json\/wp\/v2\/media\/60368"}],"wp:attachment":[{"href":"https:\/\/ventesengros.fr\/pt\/wp-json\/wp\/v2\/media?parent=60367"}],"wp:term":[{"taxonomy":"product_brand","embeddable":true,"href":"https:\/\/ventesengros.fr\/pt\/wp-json\/wp\/v2\/product_brand?post=60367"},{"taxonomy":"product_cat","embeddable":true,"href":"https:\/\/ventesengros.fr\/pt\/wp-json\/wp\/v2\/product_cat?post=60367"},{"taxonomy":"product_tag","embeddable":true,"href":"https:\/\/ventesengros.fr\/pt\/wp-json\/wp\/v2\/product_tag?post=60367"}],"curies":[{"name":"wp","href":"https:\/\/api.w.org\/{rel}","templated":true}]}}