{"id":59077,"date":"2024-02-27T18:22:36","date_gmt":"2024-02-27T17:22:36","guid":{"rendered":"https:\/\/ventesengros.fr\/?post_type=product&#038;p=59077"},"modified":"2024-02-27T18:23:00","modified_gmt":"2024-02-27T17:23:00","slug":"graines-de-pollen","status":"publish","type":"product","link":"https:\/\/ventesengros.fr\/pt\/grossiste\/sementes-de-polen\/","title":{"rendered":"Sementes de p\u00f3len - 1kg"},"content":{"rendered":"<p>O mundo de\u00a0<strong>sementes de p\u00f3len<\/strong> \u00e9 um mundo excitante que atrai muitos especialistas em produtos frescos. As frutas, os legumes e outros alimentos \u00e0 base de p\u00f3len s\u00e3o apreciados pelos seus benef\u00edcios para a sa\u00fade e pelo seu sabor delicioso. Se \u00e9 um profissional do sector ou apenas um curioso, d\u00ea uma vista de olhos a este artigo dedicado aos grossistas.<\/p>\n<h2><strong>Fornecimento de qualidade: como escolhe os seus fornecedores?<\/strong><\/h2>\n<p>A compra de\u00a0<strong>sementes de p\u00f3len<\/strong>\u00a0para empresas especializadas na venda de produtos frescos. Existem v\u00e1rios crit\u00e9rios para selecionar um bom fornecedor:<\/p>\n<ul>\n<li><strong>De onde v\u00eam as sementes :<\/strong>\u00a0\u00c9 aconselh\u00e1vel dar prefer\u00eancia aos produtores locais, a fim de limitar os custos de transporte e apoiar a economia local. Para al\u00e9m disso, este facto garante tamb\u00e9m uma rastreabilidade total, para que se saiba de onde v\u00eam as sementes.<\/li>\n<li><strong>Certifica\u00e7\u00f5es :<\/strong>\u00a0Para garantir a qualidade das sementes, verificar se o fornecedor possui certifica\u00e7\u00e3o biol\u00f3gica (AB, Ecocert...).<\/li>\n<li><strong>A variedade da oferta :<\/strong>\u00a0Um grossista que ofere\u00e7a uma vasta escolha de sementes de p\u00f3len tem a vantagem de responder \u00e0s necessidades espec\u00edficas de cada cliente.<\/li>\n<li><strong>Gest\u00e3o de stocks :<\/strong>\u00a0Um bom fornecedor deve ser capaz de se adaptar \u00e0s flutua\u00e7\u00f5es do mercado e de gerir eficazmente as suas exist\u00eancias para evitar a escassez de abastecimento.<\/li>\n<\/ul>\n<h3><strong>Novos produtos e tend\u00eancias em sementes de p\u00f3len<\/strong><\/h3>\n<p>A procura de produtos de p\u00f3len fresco est\u00e1 a aumentar constantemente. Os consumidores est\u00e3o sempre \u00e0 procura de novos sabores e qualidades nutricionais. Para se destacarem neste mercado din\u00e2mico, os grossistas de sementes de p\u00f3len t\u00eam de se manter a par das \u00faltimas tend\u00eancias e inova\u00e7\u00f5es, a fim de oferecerem os produtos certos.<\/p>\n<h2><strong>As m\u00faltiplas aplica\u00e7\u00f5es das sementes de p\u00f3len<\/strong><\/h2>\n<p>Para al\u00e9m da sua utiliza\u00e7\u00e3o principal como suplemento alimentar natural, as\u00a0<strong>sementes de p\u00f3len<\/strong>\u00a0encontraram o seu lugar numa variedade de dom\u00ednios:<\/p>\n<ul>\n<li><strong>Gastronomia :<\/strong>\u00a0Estas sementes podem ser utilizadas harmoniosamente numa grande variedade de receitas, dando um toque original e saboroso aos pratos preparados.<\/li>\n<li><strong>Bebidas :<\/strong> Alguns fabricantes de sumos de fruta incorporam sementes nas suas receitas para aumentar o valor nutricional dos seus produtos.<\/li>\n<li><strong>Cosm\u00e9ticos:<\/strong>\u00a0Gra\u00e7as \u00e0 sua riqueza em vitaminas, minerais e antioxidantes, as sementes de p\u00f3len s\u00e3o tamb\u00e9m apreciadas na ind\u00fastria cosm\u00e9tica. S\u00e3o utilizadas em <a href=\"https:\/\/ventesengros.fr\/pt\/grossiste\/creme-descargot-hemani\/\"><strong>cremes hidratantes,<\/strong><\/a> cuidados capilares e b\u00e1lsamos labiais.<\/li>\n<\/ul>\n<h3><strong>O papel dos grossistas na valoriza\u00e7\u00e3o do p\u00f3len franc\u00eas<\/strong><\/h3>\n<p>Com a sua posi\u00e7\u00e3o estrat\u00e9gica entre o produtor e o retalhista, o grossista de sementes de p\u00f3len tem um papel a desempenhar na promo\u00e7\u00e3o das sementes da apicultura francesa. Ao dar prioridade aos produtores locais, contribui para :<\/p>\n<ol>\n<li><strong>Promover a economia local:<\/strong>\u00a0Ao escolherem produtos provenientes de Fran\u00e7a, os grossistas contribuem para o desenvolvimento da apicultura nacional;<\/li>\n<li><strong>Garantir a rastreabilidade:<\/strong> ao trabalhar com parceiros locais, o grossista de sementes de p\u00f3len pode garantir a qualidade e a origem das sementes postas \u00e0 venda;<\/li>\n<li><strong>Limitar o impacto ambiental:<\/strong>\u00a0Ao preferirem fontes de abastecimento locais, os clientes reduzem as emiss\u00f5es de gases com efeito de estufa associadas ao transporte.<\/li>\n<\/ol>","protected":false},"excerpt":{"rendered":"<p>Le monde des\u00a0graines de pollen est un univers passionnant qui attire de nombreux experts en produits frais. Les fruits, l\u00e9gumes et autres aliments \u00e0 base de pollen sont appr\u00e9ci\u00e9s pour leurs bienfaits sur la sant\u00e9 et leur go\u00fbt savoureux. Si vous \u00eates un professionnel du secteur ou un simple curieux, plongez au c\u0153ur de cet [&#8230;]\n","protected":false},"featured_media":59078,"template":"","meta":[],"product_brand":[],"product_cat":[1495],"product_tag":[],"class_list":{"0":"post-59077","1":"product","2":"type-product","3":"status-publish","4":"has-post-thumbnail","6":"product_cat-vrac","8":"first","9":"instock","10":"shipping-taxable","11":"purchasable","12":"product-type-simple"},"_links":{"self":[{"href":"https:\/\/ventesengros.fr\/pt\/wp-json\/wp\/v2\/product\/59077","targetHints":{"allow":["GET"]}}],"collection":[{"href":"https:\/\/ventesengros.fr\/pt\/wp-json\/wp\/v2\/product"}],"about":[{"href":"https:\/\/ventesengros.fr\/pt\/wp-json\/wp\/v2\/types\/product"}],"wp:featuredmedia":[{"embeddable":true,"href":"https:\/\/ventesengros.fr\/pt\/wp-json\/wp\/v2\/media\/59078"}],"wp:attachment":[{"href":"https:\/\/ventesengros.fr\/pt\/wp-json\/wp\/v2\/media?parent=59077"}],"wp:term":[{"taxonomy":"product_brand","embeddable":true,"href":"https:\/\/ventesengros.fr\/pt\/wp-json\/wp\/v2\/product_brand?post=59077"},{"taxonomy":"product_cat","embeddable":true,"href":"https:\/\/ventesengros.fr\/pt\/wp-json\/wp\/v2\/product_cat?post=59077"},{"taxonomy":"product_tag","embeddable":true,"href":"https:\/\/ventesengros.fr\/pt\/wp-json\/wp\/v2\/product_tag?post=59077"}],"curies":[{"name":"wp","href":"https:\/\/api.w.org\/{rel}","templated":true}]}}