{"id":57910,"date":"2024-01-18T10:45:03","date_gmt":"2024-01-18T09:45:03","guid":{"rendered":"https:\/\/ventesengros.fr\/?post_type=product&#038;p=57910"},"modified":"2024-01-18T10:45:03","modified_gmt":"2024-01-18T09:45:03","slug":"gelules-de-nigelle-en-gros","status":"publish","type":"product","link":"https:\/\/ventesengros.fr\/pt\/grossiste\/capsulas-de-nigella-por-atacado\/","title":{"rendered":"Cominho preto em c\u00e1psulas a granel - 60 c\u00e1psulas - (embalagem de 6)"},"content":{"rendered":"","protected":false},"excerpt":{"rendered":"<div>\n<p>Estas c\u00e1psulas de sementes de cominho preto (x 60 c\u00e1psulas) s\u00e3o vendidas em embalagens de 6.<\/p>\n<p><span style=\"color: #ff0000; font-size: xx-small;\">Pre\u00e7o unit\u00e1rio: 4,50 euros<\/span><\/div>\n<div>\n<p>1 lote: 4,50 euros\/pe\u00e7a X6 = 27 euros<\/p>\n<p><em>Pre\u00e7o de venda recomendado: 9,00 euros<\/em><\/p>\n<\/div>","protected":false},"featured_media":57911,"template":"","meta":[],"product_brand":[],"product_cat":[873,203,1554],"product_tag":[],"class_list":{"0":"post-57910","1":"product","2":"type-product","3":"status-publish","4":"has-post-thumbnail","6":"product_cat-habba-sawda-alimentation","7":"product_cat-graine-de-nigelle-soin-et-bien-etre","8":"product_cat-grossiste-gelules","10":"first","11":"instock","12":"shipping-taxable","13":"purchasable","14":"product-type-simple"},"_links":{"self":[{"href":"https:\/\/ventesengros.fr\/pt\/wp-json\/wp\/v2\/product\/57910","targetHints":{"allow":["GET"]}}],"collection":[{"href":"https:\/\/ventesengros.fr\/pt\/wp-json\/wp\/v2\/product"}],"about":[{"href":"https:\/\/ventesengros.fr\/pt\/wp-json\/wp\/v2\/types\/product"}],"wp:featuredmedia":[{"embeddable":true,"href":"https:\/\/ventesengros.fr\/pt\/wp-json\/wp\/v2\/media\/57911"}],"wp:attachment":[{"href":"https:\/\/ventesengros.fr\/pt\/wp-json\/wp\/v2\/media?parent=57910"}],"wp:term":[{"taxonomy":"product_brand","embeddable":true,"href":"https:\/\/ventesengros.fr\/pt\/wp-json\/wp\/v2\/product_brand?post=57910"},{"taxonomy":"product_cat","embeddable":true,"href":"https:\/\/ventesengros.fr\/pt\/wp-json\/wp\/v2\/product_cat?post=57910"},{"taxonomy":"product_tag","embeddable":true,"href":"https:\/\/ventesengros.fr\/pt\/wp-json\/wp\/v2\/product_tag?post=57910"}],"curies":[{"name":"wp","href":"https:\/\/api.w.org\/{rel}","templated":true}]}}