{"id":57844,"date":"2024-01-16T09:57:49","date_gmt":"2024-01-16T08:57:49","guid":{"rendered":"https:\/\/ventesengros.fr\/?post_type=product&#038;p=57844"},"modified":"2024-02-11T20:36:36","modified_gmt":"2024-02-11T19:36:36","slug":"ameerat-al-arab-en-gros","status":"publish","type":"product","link":"https:\/\/ventesengros.fr\/pt\/grossiste\/ameerat-al-arab-wholesale\/","title":{"rendered":"Ameerat Al Arab grossista 100ml - Asdaaf"},"content":{"rendered":"<p>Descobrir o\u2019<strong>Ameerat Al Arab eau de parfum<\/strong>, Esta fragr\u00e2ncia sublime, dispon\u00edvel individualmente ou em conjuntos, encarna a pura excel\u00eancia e requinte. As notas desta fragr\u00e2ncia oriental oferecem uma experi\u00eancia olfactiva cativante, onde o calor de ingredientes ex\u00f3ticos o transporta para um mundo de luxo e sedu\u00e7\u00e3o.<\/p>\n<h2><strong>Ameerat Al Arab \u00e9 um perfume sublime vendido individualmente ou a granel!<\/strong><\/h2>\n<p>Ameerat Al Arab eau de parfum \u00e9 <strong>dispon\u00edvel individualmente ou em embalagens\u00a0<\/strong>! Gra\u00e7as ao seu grossista, tem acesso a esta ess\u00eancia sedutora. Para enriquecer a sua cole\u00e7\u00e3o de perfumes ou para oferecer aos seus clientes uma experi\u00eancia olfactiva excecional. Cada pulveriza\u00e7\u00e3o revela um rasto sedutor e elegante, deixando uma marca olfactiva memor\u00e1vel.<\/p>\n<h2><strong>Ameerat Al Arab a granel, uma fragr\u00e2ncia oriental<\/strong><\/h2>\n<p>Ameerat Al Arab \u00e9 uma composi\u00e7\u00e3o olfactiva cativante, com as notas sedutoras de <a href=\"https:\/\/ventesengros.fr\/pt\/product-category\/alimentation\/miel-alimentation\/\"><strong>mel<\/strong><\/a>, A nota de topo \u00e9 uma mistura de citrinos, laranjas e notas verdes. Depois, no cora\u00e7\u00e3o, o jasmim e a tuberosa acrescentam uma delicada dimens\u00e3o floral! As notas de fundo de baunilha, orris e s\u00e2ndalo oferecem uma profundidade e um calor inigual\u00e1veis. Esta combina\u00e7\u00e3o \u00fanica cria uma fragr\u00e2ncia cativante e decididamente elegante.<\/p>\n<h3><strong>Descubra a excel\u00eancia das fragr\u00e2ncias orientais<\/strong><\/h3>\n<p>Esta fragr\u00e2ncia oriental encarna a excel\u00eancia dos perfumes orientais, revelando uma mistura subtil de ingredientes ex\u00f3ticos e encantadores. Mergulhe num mundo de requinte e sedu\u00e7\u00e3o, onde cada pulveriza\u00e7\u00e3o o transporta para um reino de luxo. Deixe-se seduzir pelo fasc\u00ednio irresist\u00edvel desta fragr\u00e2ncia por atacado, para uma experi\u00eancia olfactiva inesquec\u00edvel.<\/p>\n<p>Este\u00a0<strong>fragr\u00e2ncia oriental por atacado\u00a0<\/strong>\u00e9 muito mais do que uma fragr\u00e2ncia, \u00e9 um convite \u00e0 excel\u00eancia e \u00e0 sedu\u00e7\u00e3o. Mergulhe num mundo de requinte e sedu\u00e7\u00e3o, onde cada fragr\u00e2ncia revela um toque de mist\u00e9rio e eleg\u00e2ncia.<\/p>\n<p>Deixe-se transportar para um reino de luxo e sedu\u00e7\u00e3o com esta fragr\u00e2ncia oriental por atacado.<\/p>","protected":false},"excerpt":{"rendered":"<p><strong>Notas olfactivas :<\/strong><\/p>\n<p><strong>Notas<\/strong> Notas de cabe\u00e7a: Mel, Laranjas, Notas verdes<br \/>\n<strong>Notas de cora\u00e7\u00e3o<\/strong>\u00a0Jasmim, Tuberosa<br \/>\n<strong>Notas de base<\/strong>\u00a0Baunilha, Orris e S\u00e2ndalo<\/p>\n<p><strong>Tipo<\/strong>\u00a0Feminino.<\/p>","protected":false},"featured_media":57845,"template":"","meta":[],"product_brand":[],"product_cat":[237,1555,1517],"product_tag":[],"class_list":{"0":"post-57844","1":"product","2":"type-product","3":"status-publish","4":"has-post-thumbnail","6":"product_cat-parfummusk","7":"product_cat-grossiste-parfum-lattafa","8":"product_cat-grossiste-parfums-de-dubai","10":"first","11":"instock","12":"shipping-taxable","13":"purchasable","14":"product-type-simple"},"_links":{"self":[{"href":"https:\/\/ventesengros.fr\/pt\/wp-json\/wp\/v2\/product\/57844","targetHints":{"allow":["GET"]}}],"collection":[{"href":"https:\/\/ventesengros.fr\/pt\/wp-json\/wp\/v2\/product"}],"about":[{"href":"https:\/\/ventesengros.fr\/pt\/wp-json\/wp\/v2\/types\/product"}],"wp:featuredmedia":[{"embeddable":true,"href":"https:\/\/ventesengros.fr\/pt\/wp-json\/wp\/v2\/media\/57845"}],"wp:attachment":[{"href":"https:\/\/ventesengros.fr\/pt\/wp-json\/wp\/v2\/media?parent=57844"}],"wp:term":[{"taxonomy":"product_brand","embeddable":true,"href":"https:\/\/ventesengros.fr\/pt\/wp-json\/wp\/v2\/product_brand?post=57844"},{"taxonomy":"product_cat","embeddable":true,"href":"https:\/\/ventesengros.fr\/pt\/wp-json\/wp\/v2\/product_cat?post=57844"},{"taxonomy":"product_tag","embeddable":true,"href":"https:\/\/ventesengros.fr\/pt\/wp-json\/wp\/v2\/product_tag?post=57844"}],"curies":[{"name":"wp","href":"https:\/\/api.w.org\/{rel}","templated":true}]}}