{"id":50927,"date":"2023-03-12T16:57:38","date_gmt":"2023-03-12T15:57:38","guid":{"rendered":"https:\/\/ventesengros.fr\/?post_type=product&#038;p=50927"},"modified":"2023-03-12T16:58:01","modified_gmt":"2023-03-12T15:58:01","slug":"sarouel-anthracite-lot-de-6-pieces","status":"publish","type":"product","link":"https:\/\/ventesengros.fr\/pt\/grossiste\/pacote-de-6-pecas-de-sarouel-de-carvao-vegetal\/","title":{"rendered":"Cal\u00e7as sarouel antracite (lote de 6 pe\u00e7as)"},"content":{"rendered":"","protected":false},"excerpt":{"rendered":"<p><strong>Carater\u00edsticas da embalagem de 6 pe\u00e7as:<\/strong><\/p>\n<ul>\n<li>2 sarouals tamanho M<\/li>\n<li>2 saraus tamanho L<\/li>\n<li>2 saraus tamanho XL<\/li>\n<\/ul>","protected":false},"featured_media":50921,"template":"","meta":[],"product_brand":[],"product_cat":[1531,58],"product_tag":[],"class_list":{"0":"post-50927","1":"product","2":"type-product","3":"status-publish","4":"has-post-thumbnail","6":"product_cat-grossiste-sarouel","7":"product_cat-pret-a-porter","9":"first","10":"instock","11":"shipping-taxable","12":"purchasable","13":"product-type-simple"},"_links":{"self":[{"href":"https:\/\/ventesengros.fr\/pt\/wp-json\/wp\/v2\/product\/50927","targetHints":{"allow":["GET"]}}],"collection":[{"href":"https:\/\/ventesengros.fr\/pt\/wp-json\/wp\/v2\/product"}],"about":[{"href":"https:\/\/ventesengros.fr\/pt\/wp-json\/wp\/v2\/types\/product"}],"wp:featuredmedia":[{"embeddable":true,"href":"https:\/\/ventesengros.fr\/pt\/wp-json\/wp\/v2\/media\/50921"}],"wp:attachment":[{"href":"https:\/\/ventesengros.fr\/pt\/wp-json\/wp\/v2\/media?parent=50927"}],"wp:term":[{"taxonomy":"product_brand","embeddable":true,"href":"https:\/\/ventesengros.fr\/pt\/wp-json\/wp\/v2\/product_brand?post=50927"},{"taxonomy":"product_cat","embeddable":true,"href":"https:\/\/ventesengros.fr\/pt\/wp-json\/wp\/v2\/product_cat?post=50927"},{"taxonomy":"product_tag","embeddable":true,"href":"https:\/\/ventesengros.fr\/pt\/wp-json\/wp\/v2\/product_tag?post=50927"}],"curies":[{"name":"wp","href":"https:\/\/api.w.org\/{rel}","templated":true}]}}