{"id":50338,"date":"2023-02-11T10:33:42","date_gmt":"2023-02-11T09:33:42","guid":{"rendered":"https:\/\/ventesengros.fr\/?post_type=product&#038;p=50338"},"modified":"2025-02-05T08:54:19","modified_gmt":"2025-02-05T07:54:19","slug":"melasse-de-dattes-250-grs","status":"publish","type":"product","link":"https:\/\/ventesengros.fr\/pt\/grossiste\/melaco-de-tamaras-250-grs\/","title":{"rendered":"Mela\u00e7o de t\u00e2maras 250 g (lote de 6 potes)"},"content":{"rendered":"","protected":false},"excerpt":{"rendered":"<div>\n<div>\n<div>Sugerimos o mela\u00e7o de t\u00e2maras, tamb\u00e9m conhecido como xarope de t\u00e2maras,\u00a0<span style=\"color: #000000;\">vendido por\u00a0<\/span><b><span style=\"color: #3d85c6;\">embalagem de 6 frascos de 250 g,\u00a0<\/span><\/b>a um pre\u00e7o de <b><span style=\"color: #990000;\">4,25 \u20ac por frasco<\/span><\/b>.<\/div>\n<div><\/div>\n<div>\n<div>\n<div><span lang=\"EN-US\">1 lote: 4,25 euros<\/span><span lang=\"EN-US\"><b>\u20ac\/potX 6 = \u20ac25,50<\/b><\/span><\/div>\n<\/div>\n<\/div>\n<div>\n<p><i><span style=\"font-size: xx-small;\">Pre\u00e7o de venda recomendado: 7,50 euros.<\/span><\/i><\/p>\n<p>Receba um desconto de 10% para mais de 5 lotes (<a href=\"https:\/\/ventesengros.fr\/pt\/contacto\/\" target=\"_blank\" rel=\"noopener\" data-saferedirecturl=\"https:\/\/www.google.com\/url?q=https:\/\/ventesengros.fr\/contact\/&amp;source=gmail&amp;ust=1676192501291000&amp;usg=AOvVaw3pXTanivbOGNwdN0ZBlapn\">contactar-nos<\/a>).<\/p>\n<\/div>\n<\/div>\n<\/div>\n<div><\/div>\n<div><\/div>","protected":false},"featured_media":50337,"template":"","meta":[],"product_brand":[],"product_cat":[743,206],"product_tag":[],"class_list":{"0":"post-50338","1":"product","2":"type-product","3":"status-publish","4":"has-post-thumbnail","6":"product_cat-dattes","7":"product_cat-alimentation","9":"first","10":"instock","11":"shipping-taxable","12":"purchasable","13":"product-type-simple"},"_links":{"self":[{"href":"https:\/\/ventesengros.fr\/pt\/wp-json\/wp\/v2\/product\/50338","targetHints":{"allow":["GET"]}}],"collection":[{"href":"https:\/\/ventesengros.fr\/pt\/wp-json\/wp\/v2\/product"}],"about":[{"href":"https:\/\/ventesengros.fr\/pt\/wp-json\/wp\/v2\/types\/product"}],"wp:featuredmedia":[{"embeddable":true,"href":"https:\/\/ventesengros.fr\/pt\/wp-json\/wp\/v2\/media\/50337"}],"wp:attachment":[{"href":"https:\/\/ventesengros.fr\/pt\/wp-json\/wp\/v2\/media?parent=50338"}],"wp:term":[{"taxonomy":"product_brand","embeddable":true,"href":"https:\/\/ventesengros.fr\/pt\/wp-json\/wp\/v2\/product_brand?post=50338"},{"taxonomy":"product_cat","embeddable":true,"href":"https:\/\/ventesengros.fr\/pt\/wp-json\/wp\/v2\/product_cat?post=50338"},{"taxonomy":"product_tag","embeddable":true,"href":"https:\/\/ventesengros.fr\/pt\/wp-json\/wp\/v2\/product_tag?post=50338"}],"curies":[{"name":"wp","href":"https:\/\/api.w.org\/{rel}","templated":true}]}}