{"id":47377,"date":"2022-07-24T14:37:13","date_gmt":"2022-07-24T13:37:13","guid":{"rendered":"https:\/\/ventesengros.fr\/?post_type=product&#038;p=47377"},"modified":"2024-02-27T19:46:04","modified_gmt":"2024-02-27T18:46:04","slug":"theiere-marocaine-en-acier-inoxydable","status":"publish","type":"product","link":"https:\/\/ventesengros.fr\/pt\/grossiste\/bule-marroquino-em-aco-inoxidavel-2\/","title":{"rendered":"Bule marroquino em a\u00e7o inoxid\u00e1vel"},"content":{"rendered":"","protected":false},"excerpt":{"rendered":"<div class=\"gmail_quote\">\n<div dir=\"ltr\">\n<div>\n<div>Este bule de a\u00e7o inoxid\u00e1vel pode ser utilizado com um fog\u00e3o a g\u00e1s ou el\u00e9trico.<\/div>\n<div><strong><u>Est\u00e1 dispon\u00edvel em tr\u00eas tamanhos:<\/u><\/strong>Tamanho pequeno: 4 copos de ch\u00e1,\u00a0<b>vendido por 5 euros<\/b><\/p>\n<p>Tamanho m\u00e9dio: 6 ch\u00e1venas de ch\u00e1,\u00a0<b>vendido por 6 euros<\/b><\/p>\n<p>Tamanho grande: 8 copos de ch\u00e1,\u00a0<b>vendido a 8 euros<\/b><\/p>\n<\/div>\n<\/div>\n<div dir=\"ltr\" data-smartmail=\"gmail_signature\">\n<div dir=\"ltr\">\n<div>\n<div dir=\"ltr\">\n<div>\n<div dir=\"ltr\">\n<div dir=\"ltr\">\n<div><\/div>\n<\/div>\n<\/div>\n<\/div>\n<\/div>\n<\/div>\n<\/div>\n<\/div>\n<\/div>\n<\/div>\n<div dir=\"ltr\" data-smartmail=\"gmail_signature\">\n<div dir=\"ltr\">\n<div>\n<div dir=\"ltr\">\n<div>\n<div dir=\"ltr\">\n<div dir=\"ltr\">\n<div><i>Receba um desconto de 10% nas compras de 5 ou mais bules (<a href=\"https:\/\/ventesengros.fr\/pt\/contacto\/\"><b><span style=\"color: #ff0000;\">contactar-nos<\/span><\/b><\/a>)<\/i><\/div>\n<\/div>\n<\/div>\n<\/div>\n<\/div>\n<\/div>\n<\/div>\n<\/div>","protected":false},"featured_media":47381,"template":"","meta":[],"product_brand":[],"product_cat":[1516],"product_tag":[],"class_list":{"0":"post-47377","1":"product","2":"type-product","3":"status-publish","4":"has-post-thumbnail","6":"product_cat-theieres-marocaines-en-gros","8":"first","9":"instock","10":"shipping-taxable","11":"purchasable","12":"product-type-variable"},"_links":{"self":[{"href":"https:\/\/ventesengros.fr\/pt\/wp-json\/wp\/v2\/product\/47377","targetHints":{"allow":["GET"]}}],"collection":[{"href":"https:\/\/ventesengros.fr\/pt\/wp-json\/wp\/v2\/product"}],"about":[{"href":"https:\/\/ventesengros.fr\/pt\/wp-json\/wp\/v2\/types\/product"}],"wp:featuredmedia":[{"embeddable":true,"href":"https:\/\/ventesengros.fr\/pt\/wp-json\/wp\/v2\/media\/47381"}],"wp:attachment":[{"href":"https:\/\/ventesengros.fr\/pt\/wp-json\/wp\/v2\/media?parent=47377"}],"wp:term":[{"taxonomy":"product_brand","embeddable":true,"href":"https:\/\/ventesengros.fr\/pt\/wp-json\/wp\/v2\/product_brand?post=47377"},{"taxonomy":"product_cat","embeddable":true,"href":"https:\/\/ventesengros.fr\/pt\/wp-json\/wp\/v2\/product_cat?post=47377"},{"taxonomy":"product_tag","embeddable":true,"href":"https:\/\/ventesengros.fr\/pt\/wp-json\/wp\/v2\/product_tag?post=47377"}],"curies":[{"name":"wp","href":"https:\/\/api.w.org\/{rel}","templated":true}]}}