{"id":46889,"date":"2022-06-05T08:34:50","date_gmt":"2022-06-05T07:34:50","guid":{"rendered":"https:\/\/ventesengros.fr\/?post_type=product&#038;p=46889"},"modified":"2024-08-01T16:46:08","modified_gmt":"2024-08-01T15:46:08","slug":"theiere-vintage-traditionelle","status":"publish","type":"product","link":"https:\/\/ventesengros.fr\/pt\/grossiste\/bule-tradicional-vintage\/","title":{"rendered":"Bule de ch\u00e1 vintage tradicional"},"content":{"rendered":"","protected":false},"excerpt":{"rendered":"<p>Este bule de ch\u00e1 em metal esmaltado, ao estilo dos anos 70, \u00e9 vendido por 11 euros.<\/p>","protected":false},"featured_media":46893,"template":"","meta":[],"product_brand":[],"product_cat":[1516],"product_tag":[],"class_list":{"0":"post-46889","1":"product","2":"type-product","3":"status-publish","4":"has-post-thumbnail","6":"product_cat-theieres-marocaines-en-gros","8":"first","9":"instock","10":"shipping-taxable","11":"purchasable","12":"product-type-variable"},"_links":{"self":[{"href":"https:\/\/ventesengros.fr\/pt\/wp-json\/wp\/v2\/product\/46889","targetHints":{"allow":["GET"]}}],"collection":[{"href":"https:\/\/ventesengros.fr\/pt\/wp-json\/wp\/v2\/product"}],"about":[{"href":"https:\/\/ventesengros.fr\/pt\/wp-json\/wp\/v2\/types\/product"}],"wp:featuredmedia":[{"embeddable":true,"href":"https:\/\/ventesengros.fr\/pt\/wp-json\/wp\/v2\/media\/46893"}],"wp:attachment":[{"href":"https:\/\/ventesengros.fr\/pt\/wp-json\/wp\/v2\/media?parent=46889"}],"wp:term":[{"taxonomy":"product_brand","embeddable":true,"href":"https:\/\/ventesengros.fr\/pt\/wp-json\/wp\/v2\/product_brand?post=46889"},{"taxonomy":"product_cat","embeddable":true,"href":"https:\/\/ventesengros.fr\/pt\/wp-json\/wp\/v2\/product_cat?post=46889"},{"taxonomy":"product_tag","embeddable":true,"href":"https:\/\/ventesengros.fr\/pt\/wp-json\/wp\/v2\/product_tag?post=46889"}],"curies":[{"name":"wp","href":"https:\/\/api.w.org\/{rel}","templated":true}]}}