{"id":46884,"date":"2022-06-05T08:23:26","date_gmt":"2022-06-05T07:23:26","guid":{"rendered":"https:\/\/ventesengros.fr\/?post_type=product&#038;p=46884"},"modified":"2023-06-07T09:46:26","modified_gmt":"2023-06-07T08:46:26","slug":"theiere-marocaine-inox","status":"publish","type":"product","link":"https:\/\/ventesengros.fr\/pt\/grossiste\/bule-marroquino-em-aco-inoxidavel\/","title":{"rendered":"Bule de ch\u00e1 marroquino em a\u00e7o inoxid\u00e1vel"},"content":{"rendered":"","protected":false},"excerpt":{"rendered":"<div>Este magn\u00edfico bule em a\u00e7o inoxid\u00e1vel pode ser utilizado com um fog\u00e3o a g\u00e1s ou el\u00e9trico.<\/div>","protected":false},"featured_media":46885,"template":"","meta":[],"product_brand":[],"product_cat":[1516],"product_tag":[],"class_list":{"0":"post-46884","1":"product","2":"type-product","3":"status-publish","4":"has-post-thumbnail","6":"product_cat-theieres-marocaines-en-gros","8":"first","9":"instock","10":"shipping-taxable","11":"purchasable","12":"product-type-variable"},"_links":{"self":[{"href":"https:\/\/ventesengros.fr\/pt\/wp-json\/wp\/v2\/product\/46884","targetHints":{"allow":["GET"]}}],"collection":[{"href":"https:\/\/ventesengros.fr\/pt\/wp-json\/wp\/v2\/product"}],"about":[{"href":"https:\/\/ventesengros.fr\/pt\/wp-json\/wp\/v2\/types\/product"}],"wp:featuredmedia":[{"embeddable":true,"href":"https:\/\/ventesengros.fr\/pt\/wp-json\/wp\/v2\/media\/46885"}],"wp:attachment":[{"href":"https:\/\/ventesengros.fr\/pt\/wp-json\/wp\/v2\/media?parent=46884"}],"wp:term":[{"taxonomy":"product_brand","embeddable":true,"href":"https:\/\/ventesengros.fr\/pt\/wp-json\/wp\/v2\/product_brand?post=46884"},{"taxonomy":"product_cat","embeddable":true,"href":"https:\/\/ventesengros.fr\/pt\/wp-json\/wp\/v2\/product_cat?post=46884"},{"taxonomy":"product_tag","embeddable":true,"href":"https:\/\/ventesengros.fr\/pt\/wp-json\/wp\/v2\/product_tag?post=46884"}],"curies":[{"name":"wp","href":"https:\/\/api.w.org\/{rel}","templated":true}]}}