{"id":46874,"date":"2022-06-05T08:04:37","date_gmt":"2022-06-05T07:04:37","guid":{"rendered":"https:\/\/ventesengros.fr\/?post_type=product&#038;p=46874"},"modified":"2023-12-04T09:17:26","modified_gmt":"2023-12-04T08:17:26","slug":"oud-al-sahara","status":"publish","type":"product","link":"https:\/\/ventesengros.fr\/pt\/grossiste\/oud-al-sahara\/","title":{"rendered":"Oud Al Sahara - Fragr\u00e2ncia mista 100 ml de Lattafa"},"content":{"rendered":"","protected":false},"excerpt":{"rendered":"<p>Oud Al Sahraa da Lattafa \u00e9 uma fragr\u00e2ncia de \u00e2mbar para homens e mulheres. \u00c9 uma nova fragr\u00e2ncia.<\/p>","protected":false},"featured_media":46875,"template":"","meta":[],"product_brand":[],"product_cat":[1517],"product_tag":[],"class_list":{"0":"post-46874","1":"product","2":"type-product","3":"status-publish","4":"has-post-thumbnail","6":"product_cat-grossiste-parfums-de-dubai","8":"first","9":"instock","10":"shipping-taxable","11":"purchasable","12":"product-type-simple"},"_links":{"self":[{"href":"https:\/\/ventesengros.fr\/pt\/wp-json\/wp\/v2\/product\/46874","targetHints":{"allow":["GET"]}}],"collection":[{"href":"https:\/\/ventesengros.fr\/pt\/wp-json\/wp\/v2\/product"}],"about":[{"href":"https:\/\/ventesengros.fr\/pt\/wp-json\/wp\/v2\/types\/product"}],"wp:featuredmedia":[{"embeddable":true,"href":"https:\/\/ventesengros.fr\/pt\/wp-json\/wp\/v2\/media\/46875"}],"wp:attachment":[{"href":"https:\/\/ventesengros.fr\/pt\/wp-json\/wp\/v2\/media?parent=46874"}],"wp:term":[{"taxonomy":"product_brand","embeddable":true,"href":"https:\/\/ventesengros.fr\/pt\/wp-json\/wp\/v2\/product_brand?post=46874"},{"taxonomy":"product_cat","embeddable":true,"href":"https:\/\/ventesengros.fr\/pt\/wp-json\/wp\/v2\/product_cat?post=46874"},{"taxonomy":"product_tag","embeddable":true,"href":"https:\/\/ventesengros.fr\/pt\/wp-json\/wp\/v2\/product_tag?post=46874"}],"curies":[{"name":"wp","href":"https:\/\/api.w.org\/{rel}","templated":true}]}}