{"id":46499,"date":"2022-04-22T13:05:39","date_gmt":"2022-04-22T12:05:39","guid":{"rendered":"https:\/\/ventesengros.fr\/?post_type=product&#038;p=46499"},"modified":"2025-06-04T07:21:24","modified_gmt":"2025-06-04T06:21:24","slug":"savon-a-base-de-nila-lot-de-12-savons","status":"publish","type":"product","link":"https:\/\/ventesengros.fr\/pt\/grossiste\/sabonete-a-base-de-nila-embalagem-de-12-sabonetes\/","title":{"rendered":"Sabonete \u00e0 base de Nila (lote de 12 sabonetes)"},"content":{"rendered":"","protected":false},"excerpt":{"rendered":"<p>Este sab\u00e3o natural \u00e0 base de Nila 100% \u00e9 vendido em embalagens de 12 unidades.<\/p>\n<p>Pre\u00e7o de retalho recomendado: 3,90 euros cada<\/p>\n<p><span style=\"color: #ff0000;\">Pre\u00e7o unit\u00e1rio: 1,15 euros<\/span><\/p>\n<div><b><span style=\"font-size: large;\"><span style=\"color: #00ff00;\">1 lote: 1,15 euros\/pe\u00e7a x 12 = 13,80 euros<\/span><br \/>\n<\/span><\/b><\/div>\n<div><\/div>\n<p>Receba um desconto de 10% para mais de 5 lotes (<a href=\"https:\/\/ventesengros.fr\/pt\/contacto\/\" target=\"_blank\" rel=\"noopener\" data-saferedirecturl=\"https:\/\/www.google.com\/url?q=https:\/\/ventesengros.fr\/contact\/&amp;source=gmail&amp;ust=1650713186399000&amp;usg=AOvVaw0qzGw1ySrYJ2h5PBSPRw8Z\">contactar-nos<\/a>).<\/p>\n<p><i>\u00a0<\/i><\/p>","protected":false},"featured_media":46500,"template":"","meta":[],"product_brand":[],"product_cat":[200,1528],"product_tag":[],"class_list":{"0":"post-46499","1":"product","2":"type-product","3":"status-publish","4":"has-post-thumbnail","6":"product_cat-savon-soin-et-bien-etre","7":"product_cat-grossiste-nila","9":"first","10":"instock","11":"shipping-taxable","12":"purchasable","13":"product-type-simple"},"_links":{"self":[{"href":"https:\/\/ventesengros.fr\/pt\/wp-json\/wp\/v2\/product\/46499","targetHints":{"allow":["GET"]}}],"collection":[{"href":"https:\/\/ventesengros.fr\/pt\/wp-json\/wp\/v2\/product"}],"about":[{"href":"https:\/\/ventesengros.fr\/pt\/wp-json\/wp\/v2\/types\/product"}],"wp:featuredmedia":[{"embeddable":true,"href":"https:\/\/ventesengros.fr\/pt\/wp-json\/wp\/v2\/media\/46500"}],"wp:attachment":[{"href":"https:\/\/ventesengros.fr\/pt\/wp-json\/wp\/v2\/media?parent=46499"}],"wp:term":[{"taxonomy":"product_brand","embeddable":true,"href":"https:\/\/ventesengros.fr\/pt\/wp-json\/wp\/v2\/product_brand?post=46499"},{"taxonomy":"product_cat","embeddable":true,"href":"https:\/\/ventesengros.fr\/pt\/wp-json\/wp\/v2\/product_cat?post=46499"},{"taxonomy":"product_tag","embeddable":true,"href":"https:\/\/ventesengros.fr\/pt\/wp-json\/wp\/v2\/product_tag?post=46499"}],"curies":[{"name":"wp","href":"https:\/\/api.w.org\/{rel}","templated":true}]}}