{"id":42784,"date":"2021-05-23T20:03:44","date_gmt":"2021-05-23T19:03:44","guid":{"rendered":"https:\/\/ventesengros.fr\/?post_type=product&#038;p=42784"},"modified":"2024-02-11T20:39:50","modified_gmt":"2024-02-11T19:39:50","slug":"ameer-al-oudh","status":"publish","type":"product","link":"https:\/\/ventesengros.fr\/pt\/grossiste\/ameer-al-oudh\/","title":{"rendered":"Ameer Al Oudh eau de parfum 100ml - Lattafa"},"content":{"rendered":"","protected":false},"excerpt":{"rendered":"<p><strong>Carater\u00edsticas :<\/strong><\/p>\n<ul>\n<li>Uma fragr\u00e2ncia oriental unissexo, este perfume amadeirado com notas de baunilha e jasmim tamb\u00e9m cont\u00e9m notas de \u00e2mbar e caramelo.<\/li>\n<\/ul>","protected":false},"featured_media":42780,"template":"","meta":[],"product_brand":[],"product_cat":[1517,1555,237],"product_tag":[],"class_list":{"0":"post-42784","1":"product","2":"type-product","3":"status-publish","4":"has-post-thumbnail","6":"product_cat-grossiste-parfums-de-dubai","7":"product_cat-grossiste-parfum-lattafa","8":"product_cat-parfummusk","10":"first","11":"instock","12":"shipping-taxable","13":"purchasable","14":"product-type-simple"},"_links":{"self":[{"href":"https:\/\/ventesengros.fr\/pt\/wp-json\/wp\/v2\/product\/42784","targetHints":{"allow":["GET"]}}],"collection":[{"href":"https:\/\/ventesengros.fr\/pt\/wp-json\/wp\/v2\/product"}],"about":[{"href":"https:\/\/ventesengros.fr\/pt\/wp-json\/wp\/v2\/types\/product"}],"wp:featuredmedia":[{"embeddable":true,"href":"https:\/\/ventesengros.fr\/pt\/wp-json\/wp\/v2\/media\/42780"}],"wp:attachment":[{"href":"https:\/\/ventesengros.fr\/pt\/wp-json\/wp\/v2\/media?parent=42784"}],"wp:term":[{"taxonomy":"product_brand","embeddable":true,"href":"https:\/\/ventesengros.fr\/pt\/wp-json\/wp\/v2\/product_brand?post=42784"},{"taxonomy":"product_cat","embeddable":true,"href":"https:\/\/ventesengros.fr\/pt\/wp-json\/wp\/v2\/product_cat?post=42784"},{"taxonomy":"product_tag","embeddable":true,"href":"https:\/\/ventesengros.fr\/pt\/wp-json\/wp\/v2\/product_tag?post=42784"}],"curies":[{"name":"wp","href":"https:\/\/api.w.org\/{rel}","templated":true}]}}