{"id":42769,"date":"2021-05-23T19:33:45","date_gmt":"2021-05-23T18:33:45","guid":{"rendered":"https:\/\/ventesengros.fr\/?post_type=product&#038;p=42769"},"modified":"2024-02-11T20:38:25","modified_gmt":"2024-02-11T19:38:25","slug":"pure-oudi-liquid-gold","status":"publish","type":"product","link":"https:\/\/ventesengros.fr\/pt\/grossiste\/ouro-liquido-oudi-puro\/","title":{"rendered":"Pure Oudi Liquid Gold Eau De Parfum 100ml - Lattafa"},"content":{"rendered":"","protected":false},"excerpt":{"rendered":"<p><strong>Carater\u00edsticas :<\/strong><\/p>\n<ul>\n<li>Esta fragr\u00e2ncia combina notas amadeiradas (patchouli e s\u00e2ndalo), chocolate preto, incenso, \u00e2mbar, vetiver, baunilha e b\u00e1lsamo.<\/li>\n<\/ul>","protected":false},"featured_media":42770,"template":"","meta":[],"product_brand":[],"product_cat":[1517,1555,237],"product_tag":[],"class_list":{"0":"post-42769","1":"product","2":"type-product","3":"status-publish","4":"has-post-thumbnail","6":"product_cat-grossiste-parfums-de-dubai","7":"product_cat-grossiste-parfum-lattafa","8":"product_cat-parfummusk","10":"first","11":"instock","12":"shipping-taxable","13":"purchasable","14":"product-type-simple"},"_links":{"self":[{"href":"https:\/\/ventesengros.fr\/pt\/wp-json\/wp\/v2\/product\/42769","targetHints":{"allow":["GET"]}}],"collection":[{"href":"https:\/\/ventesengros.fr\/pt\/wp-json\/wp\/v2\/product"}],"about":[{"href":"https:\/\/ventesengros.fr\/pt\/wp-json\/wp\/v2\/types\/product"}],"wp:featuredmedia":[{"embeddable":true,"href":"https:\/\/ventesengros.fr\/pt\/wp-json\/wp\/v2\/media\/42770"}],"wp:attachment":[{"href":"https:\/\/ventesengros.fr\/pt\/wp-json\/wp\/v2\/media?parent=42769"}],"wp:term":[{"taxonomy":"product_brand","embeddable":true,"href":"https:\/\/ventesengros.fr\/pt\/wp-json\/wp\/v2\/product_brand?post=42769"},{"taxonomy":"product_cat","embeddable":true,"href":"https:\/\/ventesengros.fr\/pt\/wp-json\/wp\/v2\/product_cat?post=42769"},{"taxonomy":"product_tag","embeddable":true,"href":"https:\/\/ventesengros.fr\/pt\/wp-json\/wp\/v2\/product_tag?post=42769"}],"curies":[{"name":"wp","href":"https:\/\/api.w.org\/{rel}","templated":true}]}}