{"id":4152,"date":"2014-06-07T06:16:04","date_gmt":"2014-06-07T05:16:04","guid":{"rendered":"http:\/\/pietra-communication.com\/ventesengros.fr\/?post_type=product&#038;p=4152"},"modified":"2023-11-11T09:27:39","modified_gmt":"2023-11-11T08:27:39","slug":"serum-capillaire-lhuile-dolive-170ml","status":"publish","type":"product","link":"https:\/\/ventesengros.fr\/pt\/grossiste\/serum-capilar-dolive-oil-170ml\/","title":{"rendered":"S\u00e9rum Capilar de Azeite 170mL X 12"},"content":{"rendered":"<p><strong>Propriedade:<\/strong><\/p>\n<p>Um s\u00e9rum reestruturante intenso \u00e0 base de azeite, que reveste o cabelo com suavidade e o penteia perfeitamente sem o deixar gorduroso.<\/p>\n<p>Repara as pontas espigadas e deixa o cabelo flex\u00edvel.<\/p>\n<p><strong>Instru\u00e7\u00f5es de utiliza\u00e7\u00e3o:<\/strong><\/p>\n<p>Ap\u00f3s cada champ\u00f4, aplicar 2 a 3 gotas de s\u00e9rum uniformemente com as m\u00e3os em todo o cabelo molhado, n\u00e3o seco com a toalha. Massajar at\u00e9 \u00e0s pontas e em todo o cabelo. Secar com a toalha sem esfregar nem pentear.<\/p>\n<h5><b>Capacidade :<\/b>170mL<br \/>\n<b><\/b><\/h5>\n<p><b>Nome da marca:<\/b>\u00a0\u00a0Sunseven<\/p>\n<p><b>Proveni\u00eancia:<\/b>Marrocos<\/p>\n<p><b>Peso:<\/b>20g<\/p>","protected":false},"excerpt":{"rendered":"<p>Oferecemos-lhe este\u00a0<strong>S\u00e9rum Capilar de Azeite 170mL<\/strong><strong><span style=\"color: #000000;\">\u00a0<\/span><\/strong>vendido em embalagens de 12 unidades.<\/p>\n<p>Pre\u00e7o de venda recomendado: 12,00 euros.<\/p>\n<p>1 lote : <span style=\"color: #0ad227;\">3,99\/pe\u00e7a X 12 = 47,88 euros<\/span><\/p>\n<p>&nbsp;<\/p>","protected":false},"featured_media":4156,"template":"","meta":[],"product_brand":[],"product_cat":[1553,59],"product_tag":[431,430,258,974,410],"class_list":{"0":"post-4152","1":"product","2":"type-product","3":"status-publish","4":"has-post-thumbnail","6":"product_cat-grossiste-huile-dolive","7":"product_cat-soin-et-bien-etre","8":"product_tag-170ml","9":"product_tag-capillaire-a-l-huile-d-olive","10":"product_tag-en-gros","11":"product_tag-grossiste","12":"product_tag-serum","13":"pa_lot-158","14":"pa_lot-160","15":"pa_lot-159","17":"first","18":"instock","19":"shipping-taxable","20":"purchasable","21":"product-type-simple"},"_links":{"self":[{"href":"https:\/\/ventesengros.fr\/pt\/wp-json\/wp\/v2\/product\/4152","targetHints":{"allow":["GET"]}}],"collection":[{"href":"https:\/\/ventesengros.fr\/pt\/wp-json\/wp\/v2\/product"}],"about":[{"href":"https:\/\/ventesengros.fr\/pt\/wp-json\/wp\/v2\/types\/product"}],"wp:featuredmedia":[{"embeddable":true,"href":"https:\/\/ventesengros.fr\/pt\/wp-json\/wp\/v2\/media\/4156"}],"wp:attachment":[{"href":"https:\/\/ventesengros.fr\/pt\/wp-json\/wp\/v2\/media?parent=4152"}],"wp:term":[{"taxonomy":"product_brand","embeddable":true,"href":"https:\/\/ventesengros.fr\/pt\/wp-json\/wp\/v2\/product_brand?post=4152"},{"taxonomy":"product_cat","embeddable":true,"href":"https:\/\/ventesengros.fr\/pt\/wp-json\/wp\/v2\/product_cat?post=4152"},{"taxonomy":"product_tag","embeddable":true,"href":"https:\/\/ventesengros.fr\/pt\/wp-json\/wp\/v2\/product_tag?post=4152"}],"curies":[{"name":"wp","href":"https:\/\/api.w.org\/{rel}","templated":true}]}}