{"id":39844,"date":"2020-09-11T16:04:11","date_gmt":"2020-09-11T15:04:11","guid":{"rendered":"https:\/\/ventesengros.fr\/?post_type=product&#038;p=39844"},"modified":"2022-06-30T22:52:31","modified_gmt":"2022-06-30T21:52:31","slug":"tapis-berbere-hanbal-rouge-de-oued-zem-livraison-gratuite","status":"publish","type":"product","link":"https:\/\/ventesengros.fr\/pt\/grossiste\/tapete-berbere-hanbal-vermelho-de-oued-zem-entrega-gratuita\/","title":{"rendered":"Tapete berbere Hanbal Vermelho de Oued-Zem (Entrega gratuita)"},"content":{"rendered":"","protected":false},"excerpt":{"rendered":"<p><strong>Carater\u00edsticas :<\/strong><\/p>\n<ul>\n<li>Feito \u00e0 m\u00e3o e totalmente aut\u00eantico<\/li>\n<li>Fabricado em l\u00e3 de ovelha<\/li>\n<li>Decora\u00e7\u00e3o \u00fanica<\/li>\n<li>Da regi\u00e3o de Oued Zem<\/li>\n<li>Tamb\u00e9m conhecido como tapete Hanbal<\/li>\n<li>150 x 230 cm<\/li>\n<\/ul>\n<p>&nbsp;<\/p>","protected":false},"featured_media":39846,"template":"","meta":[],"product_brand":[],"product_cat":[1505],"product_tag":[],"class_list":{"0":"post-39844","1":"product","2":"type-product","3":"status-publish","4":"has-post-thumbnail","6":"product_cat-tapis-berbere","8":"first","9":"instock","10":"shipping-taxable","11":"purchasable","12":"product-type-simple"},"_links":{"self":[{"href":"https:\/\/ventesengros.fr\/pt\/wp-json\/wp\/v2\/product\/39844","targetHints":{"allow":["GET"]}}],"collection":[{"href":"https:\/\/ventesengros.fr\/pt\/wp-json\/wp\/v2\/product"}],"about":[{"href":"https:\/\/ventesengros.fr\/pt\/wp-json\/wp\/v2\/types\/product"}],"wp:featuredmedia":[{"embeddable":true,"href":"https:\/\/ventesengros.fr\/pt\/wp-json\/wp\/v2\/media\/39846"}],"wp:attachment":[{"href":"https:\/\/ventesengros.fr\/pt\/wp-json\/wp\/v2\/media?parent=39844"}],"wp:term":[{"taxonomy":"product_brand","embeddable":true,"href":"https:\/\/ventesengros.fr\/pt\/wp-json\/wp\/v2\/product_brand?post=39844"},{"taxonomy":"product_cat","embeddable":true,"href":"https:\/\/ventesengros.fr\/pt\/wp-json\/wp\/v2\/product_cat?post=39844"},{"taxonomy":"product_tag","embeddable":true,"href":"https:\/\/ventesengros.fr\/pt\/wp-json\/wp\/v2\/product_tag?post=39844"}],"curies":[{"name":"wp","href":"https:\/\/api.w.org\/{rel}","templated":true}]}}