{"id":39832,"date":"2020-09-11T15:58:11","date_gmt":"2020-09-11T14:58:11","guid":{"rendered":"https:\/\/ventesengros.fr\/?post_type=product&#038;p=39832"},"modified":"2022-06-30T22:52:35","modified_gmt":"2022-06-30T21:52:35","slug":"tapis-berbere-hanbel-creme-unique-et-fait-main-livraison-gratuite","status":"publish","type":"product","link":"https:\/\/ventesengros.fr\/pt\/grossiste\/hanbel-creme-berber-carpet-unico-e-feito-a-mao-entrega-gratuita\/","title":{"rendered":"Tapete Hanbel Berber creme - \u00danico e feito \u00e0 m\u00e3o (Entrega gratuita)"},"content":{"rendered":"","protected":false},"excerpt":{"rendered":"<p><strong>Carater\u00edsticas :<\/strong><\/p>\n<ul>\n<li>Feito \u00e0 m\u00e3o e totalmente aut\u00eantico<\/li>\n<li>Fabricado em l\u00e3 de ovelha<\/li>\n<li>Decora\u00e7\u00e3o \u00fanica da regi\u00e3o de Oued-Zem<\/li>\n<li>Tamb\u00e9m conhecido como tapete Hnbel<\/li>\n<li>150 x 240 cm<\/li>\n<\/ul>\n<p>&nbsp;<\/p>","protected":false},"featured_media":39834,"template":"","meta":[],"product_brand":[],"product_cat":[1505],"product_tag":[],"class_list":{"0":"post-39832","1":"product","2":"type-product","3":"status-publish","4":"has-post-thumbnail","6":"product_cat-tapis-berbere","8":"first","9":"instock","10":"shipping-taxable","11":"purchasable","12":"product-type-simple"},"_links":{"self":[{"href":"https:\/\/ventesengros.fr\/pt\/wp-json\/wp\/v2\/product\/39832","targetHints":{"allow":["GET"]}}],"collection":[{"href":"https:\/\/ventesengros.fr\/pt\/wp-json\/wp\/v2\/product"}],"about":[{"href":"https:\/\/ventesengros.fr\/pt\/wp-json\/wp\/v2\/types\/product"}],"wp:featuredmedia":[{"embeddable":true,"href":"https:\/\/ventesengros.fr\/pt\/wp-json\/wp\/v2\/media\/39834"}],"wp:attachment":[{"href":"https:\/\/ventesengros.fr\/pt\/wp-json\/wp\/v2\/media?parent=39832"}],"wp:term":[{"taxonomy":"product_brand","embeddable":true,"href":"https:\/\/ventesengros.fr\/pt\/wp-json\/wp\/v2\/product_brand?post=39832"},{"taxonomy":"product_cat","embeddable":true,"href":"https:\/\/ventesengros.fr\/pt\/wp-json\/wp\/v2\/product_cat?post=39832"},{"taxonomy":"product_tag","embeddable":true,"href":"https:\/\/ventesengros.fr\/pt\/wp-json\/wp\/v2\/product_tag?post=39832"}],"curies":[{"name":"wp","href":"https:\/\/api.w.org\/{rel}","templated":true}]}}