{"id":39661,"date":"2020-09-03T12:50:12","date_gmt":"2020-09-03T11:50:12","guid":{"rendered":"https:\/\/ventesengros.fr\/?post_type=product&#038;p=39661"},"modified":"2024-02-14T17:58:31","modified_gmt":"2024-02-14T16:58:31","slug":"tapis-berbere-authentique-fait-main","status":"publish","type":"product","link":"https:\/\/ventesengros.fr\/pt\/grossiste\/autentico-tapete-berbere-feito-a-mao\/","title":{"rendered":"Tapete berbere aut\u00eantico - \u00fanico e feito \u00e0 m\u00e3o (envio gratuito)"},"content":{"rendered":"","protected":false},"excerpt":{"rendered":"<p><strong>Carater\u00edsticas :<\/strong><\/p>\n<ul>\n<li>Fabricado em l\u00e3 de ovelha<\/li>\n<li>Feito \u00e0 m\u00e3o e totalmente aut\u00eantico<\/li>\n<li>Da tribo Beni Ouarain<\/li>\n<li>250 x 150cm<\/li>\n<\/ul>\n<p>Para encomendar um tapete por medida <a href=\"https:\/\/ventesengros.fr\/pt\/contacto\/\" target=\"_blank\" rel=\"noopener noreferrer\"><strong><span style=\"color: #ff0000;\">&gt;&gt;&gt; contacte-nos &lt;&lt;&lt;<\/span><\/strong><\/a><\/p>","protected":false},"featured_media":39673,"template":"","meta":[],"product_brand":[],"product_cat":[1505],"product_tag":[],"class_list":{"0":"post-39661","1":"product","2":"type-product","3":"status-publish","4":"has-post-thumbnail","6":"product_cat-tapis-berbere","8":"first","9":"instock","10":"shipping-taxable","11":"purchasable","12":"product-type-simple"},"_links":{"self":[{"href":"https:\/\/ventesengros.fr\/pt\/wp-json\/wp\/v2\/product\/39661","targetHints":{"allow":["GET"]}}],"collection":[{"href":"https:\/\/ventesengros.fr\/pt\/wp-json\/wp\/v2\/product"}],"about":[{"href":"https:\/\/ventesengros.fr\/pt\/wp-json\/wp\/v2\/types\/product"}],"wp:featuredmedia":[{"embeddable":true,"href":"https:\/\/ventesengros.fr\/pt\/wp-json\/wp\/v2\/media\/39673"}],"wp:attachment":[{"href":"https:\/\/ventesengros.fr\/pt\/wp-json\/wp\/v2\/media?parent=39661"}],"wp:term":[{"taxonomy":"product_brand","embeddable":true,"href":"https:\/\/ventesengros.fr\/pt\/wp-json\/wp\/v2\/product_brand?post=39661"},{"taxonomy":"product_cat","embeddable":true,"href":"https:\/\/ventesengros.fr\/pt\/wp-json\/wp\/v2\/product_cat?post=39661"},{"taxonomy":"product_tag","embeddable":true,"href":"https:\/\/ventesengros.fr\/pt\/wp-json\/wp\/v2\/product_tag?post=39661"}],"curies":[{"name":"wp","href":"https:\/\/api.w.org\/{rel}","templated":true}]}}