{"id":39626,"date":"2020-09-01T06:40:30","date_gmt":"2020-09-01T05:40:30","guid":{"rendered":"https:\/\/ventesengros.fr\/?post_type=product&#038;p=39626"},"modified":"2026-01-29T09:59:11","modified_gmt":"2026-01-29T08:59:11","slug":"miel-aphrodisiaque-jaguar-power-en-gros","status":"publish","type":"product","link":"https:\/\/ventesengros.fr\/pt\/grossiste\/jaguar-power-mel-afrodisiaco-por-atacado\/","title":{"rendered":"Mel Afrodis\u00edaco Jaguar Power (Caixa com 12 sach\u00eas de 15 g)"},"content":{"rendered":"","protected":false},"excerpt":{"rendered":"<p>Oferecemos-lhe Mel afrodis\u00edaco jaguar power vendido por\u00a0<strong><span style=\"color: #0000ff;\">por caixa de 12 palitos\u00a0<span style=\"caret-color: #0000ff;\">afrodis\u00edaco<\/span>\u00a0de 15g.<\/span><\/strong><\/p>\n<p><b>Pre\u00e7o de retalho da caixa :<\/b>\u00a0<strong><span style=\"color: #ff0000;\">37<\/span><\/strong><strong><span style=\"color: #ff0000;\">\u20ac<\/span><\/strong><\/p>","protected":false},"featured_media":39627,"template":"","meta":[],"product_brand":[],"product_cat":[930],"product_tag":[],"class_list":{"0":"post-39626","1":"product","2":"type-product","3":"status-publish","4":"has-post-thumbnail","6":"product_cat-aphrodisiaque","8":"first","9":"instock","10":"shipping-taxable","11":"purchasable","12":"product-type-simple"},"_links":{"self":[{"href":"https:\/\/ventesengros.fr\/pt\/wp-json\/wp\/v2\/product\/39626","targetHints":{"allow":["GET"]}}],"collection":[{"href":"https:\/\/ventesengros.fr\/pt\/wp-json\/wp\/v2\/product"}],"about":[{"href":"https:\/\/ventesengros.fr\/pt\/wp-json\/wp\/v2\/types\/product"}],"wp:featuredmedia":[{"embeddable":true,"href":"https:\/\/ventesengros.fr\/pt\/wp-json\/wp\/v2\/media\/39627"}],"wp:attachment":[{"href":"https:\/\/ventesengros.fr\/pt\/wp-json\/wp\/v2\/media?parent=39626"}],"wp:term":[{"taxonomy":"product_brand","embeddable":true,"href":"https:\/\/ventesengros.fr\/pt\/wp-json\/wp\/v2\/product_brand?post=39626"},{"taxonomy":"product_cat","embeddable":true,"href":"https:\/\/ventesengros.fr\/pt\/wp-json\/wp\/v2\/product_cat?post=39626"},{"taxonomy":"product_tag","embeddable":true,"href":"https:\/\/ventesengros.fr\/pt\/wp-json\/wp\/v2\/product_tag?post=39626"}],"curies":[{"name":"wp","href":"https:\/\/api.w.org\/{rel}","templated":true}]}}