{"id":39517,"date":"2020-08-24T19:28:50","date_gmt":"2020-08-24T18:28:50","guid":{"rendered":"https:\/\/ventesengros.fr\/?post_type=product&#038;p=39517"},"modified":"2023-08-17T18:15:56","modified_gmt":"2023-08-17T17:15:56","slug":"savon-au-lait-de-chevre-naturel-en-gros","status":"publish","type":"product","link":"https:\/\/ventesengros.fr\/pt\/grossiste\/sabao-natural-de-leite-de-cabra-por-atacado\/","title":{"rendered":"Sabonete natural com leite de cabra 100% (Lote de 12)"},"content":{"rendered":"<p>A nossa categoria\u00a0<strong>cuidados e bem-estar\u00a0<\/strong>est\u00e1 a ficar mais longo! O vosso\u00a0<strong>sab\u00e3o de leite de cabra por atacado<\/strong>\u00a0oferece-lhe isto\u00a0<strong>p\u00e3o maci\u00e7o por atacado<\/strong>, para poupan\u00e7as definitivas.<\/p>\n<p>Este\u00a0<strong>cosm\u00e9tico<\/strong>\u00a0ultra-moderno \u00e9 um must-have para os seus clientes. Que est\u00e3o sempre \u00e0 procura de produtos mais saud\u00e1veis para a sua pele.<\/p>\n<h2><strong>Sab\u00e3o de leite de cabra por grosso: um cosm\u00e9tico para toda a fam\u00edlia\u00a0<\/strong><\/h2>\n<p>Este\u00a0<strong>cosm\u00e9ticos por atacado<\/strong>\u00a0100% natural \u00e9 formulado sem produtos qu\u00edmicos. \u00c9 natural, econ\u00f3mico, amigo do ambiente e pode ser utilizado por toda a fam\u00edlia!<\/p>\n<p>J\u00e1 para n\u00e3o falar do facto de que o seu\u00a0<strong>atacadista online<\/strong>\u00a0traz-lhe O cosm\u00e9tico do momento! E porqu\u00ea? Porque \u00e9 essencialmente adequado a todos os tipos de pele. E pode ser utilizado por toda a gente, desde os mais novos aos mais velhos!<\/p>\n<p>Al\u00e9m disso, \u00e9 hidratante, calmante e anti-envelhecimento: ser\u00e1 a estrela da casa de banho! Um aliado natural para a pele, este<strong>\u00a0sab\u00e3o por atacado<\/strong>\u00a0\u00e9 ideal para o eczema, a psor\u00edase, a irrita\u00e7\u00e3o e a pele seca. Tal como o nosso\u00a0<strong><a href=\"https:\/\/ventesengros.fr\/pt\/grossiste\/habachia-oleo-de-cominho-preto-5-litros-a-granel\/\">\u00f3leo de cominho preto por atacado<\/a>.\u00a0<\/strong><\/p>\n<h2><strong>Sab\u00e3o de leite de cabra grossista: promover os seus benef\u00edcios!\u00a0<\/strong><\/h2>\n<p>N\u00e3o ser\u00e1 dif\u00edcil propor este\u00a0<strong>sab\u00e3o de queijo de cabra barato<\/strong>\u00a0para os seus clientes. Possui uma vasta gama de propriedades:<\/p>\n<ul>\n<li>Eficaz contra a acne: o \u00e1cido l\u00e1tico combate os pontos negros e os micro-cistos (pontos brancos); ;<\/li>\n<li>Tamb\u00e9m ajuda a fechar os poros da pele; ;<\/li>\n<li>Esfoliante suave ;<\/li>\n<li>Estimula a renova\u00e7\u00e3o celular e mant\u00e9m o equil\u00edbrio da pele; ;<\/li>\n<li>Cont\u00e9m vitaminas A, C e E e sel\u00e9nio para ajudar a prevenir o envelhecimento prematuro da pele; ;<\/li>\n<li>Combate o aparecimento de r\u00eddulas e rugas; ;<\/li>\n<li>Protege tamb\u00e9m contra os raios solares (UV).<\/li>\n<\/ul>\n<h3><strong>Como utilizar este cosm\u00e9tico a granel?\u00a0<\/strong><\/h3>\n<p>A utiliza\u00e7\u00e3o deste\u00a0<strong>p\u00e3o s\u00f3lido\u00a0<\/strong>\u00e9 muito simples:<\/p>\n<ol>\n<li>Enxaguar o corpo e\/ou o rosto com \u00e1gua limpa; ;<\/li>\n<li>Humede\u00e7a o sab\u00e3o e ensaboe-o entre as m\u00e3os;<\/li>\n<li>Aplicar na pele e massajar suavemente com pequenos movimentos circulares, evitando a zona dos olhos; ;<\/li>\n<li>Enxaguar bem e depois secar com uma toalha.<\/li>\n<\/ol>\n<p>N\u00e3o hesite em sugerir um soro para o\u2019<strong><a href=\"https:\/\/ventesengros.fr\/pt\/product-category\/alimentation\/huile-dargan\/\">\u00f3leo de arg\u00e3o<\/a>\u00a0<\/strong>para hidratar a pele ap\u00f3s este tratamento.<\/p>","protected":false},"excerpt":{"rendered":"<p>Oferecemos-lhe este sabonete natural de leite de cabra 100% vendido\u00a0<strong><span style=\"color: #0000ff;\">por embalagem de 12 sabonetes.<\/span><\/strong><\/p>\n<p><b>Pre\u00e7o de retalho do sab\u00e3o :<\/b>\u00a0<strong><span style=\"color: #ff0000;\">0,97<\/span><\/strong><strong><span style=\"color: #ff0000;\">\u20ac<\/span><\/strong><\/p>","protected":false},"featured_media":39518,"template":"","meta":[],"product_brand":[],"product_cat":[59,200],"product_tag":[],"class_list":{"0":"post-39517","1":"product","2":"type-product","3":"status-publish","4":"has-post-thumbnail","6":"product_cat-soin-et-bien-etre","7":"product_cat-savon-soin-et-bien-etre","9":"first","10":"instock","11":"shipping-taxable","12":"purchasable","13":"product-type-simple"},"_links":{"self":[{"href":"https:\/\/ventesengros.fr\/pt\/wp-json\/wp\/v2\/product\/39517","targetHints":{"allow":["GET"]}}],"collection":[{"href":"https:\/\/ventesengros.fr\/pt\/wp-json\/wp\/v2\/product"}],"about":[{"href":"https:\/\/ventesengros.fr\/pt\/wp-json\/wp\/v2\/types\/product"}],"wp:featuredmedia":[{"embeddable":true,"href":"https:\/\/ventesengros.fr\/pt\/wp-json\/wp\/v2\/media\/39518"}],"wp:attachment":[{"href":"https:\/\/ventesengros.fr\/pt\/wp-json\/wp\/v2\/media?parent=39517"}],"wp:term":[{"taxonomy":"product_brand","embeddable":true,"href":"https:\/\/ventesengros.fr\/pt\/wp-json\/wp\/v2\/product_brand?post=39517"},{"taxonomy":"product_cat","embeddable":true,"href":"https:\/\/ventesengros.fr\/pt\/wp-json\/wp\/v2\/product_cat?post=39517"},{"taxonomy":"product_tag","embeddable":true,"href":"https:\/\/ventesengros.fr\/pt\/wp-json\/wp\/v2\/product_tag?post=39517"}],"curies":[{"name":"wp","href":"https:\/\/api.w.org\/{rel}","templated":true}]}}