{"id":39507,"date":"2020-08-24T18:51:44","date_gmt":"2020-08-24T17:51:44","guid":{"rendered":"https:\/\/ventesengros.fr\/?post_type=product&#038;p=39507"},"modified":"2022-06-30T22:56:50","modified_gmt":"2022-06-30T21:56:50","slug":"encensoir-non-electrique-lot-de-6","status":"publish","type":"product","link":"https:\/\/ventesengros.fr\/pt\/grossiste\/incensario-nao-eletrico-conjunto-de-6\/","title":{"rendered":"Incens\u00e1rio n\u00e3o el\u00e9trico (lote de 6)"},"content":{"rendered":"","protected":false},"excerpt":{"rendered":"<p>Oferecemos este queimador de incenso n\u00e3o el\u00e9trico da\u00a0<strong><span style=\"color: #0000ff;\">conjunto de 6 incens\u00e1rios.<\/span><\/strong><\/p>\n<p><b>Pre\u00e7o de retalho do incens\u00e1rio<span class=\"Apple-converted-space\">\u00a0\u00a0<\/span>:<\/b>\u00a0<strong><span style=\"color: #ff0000;\">9,70<\/span><\/strong><strong><span style=\"color: #ff0000;\">\u20ac<\/span><\/strong><\/p>","protected":false},"featured_media":39508,"template":"","meta":[],"product_brand":[],"product_cat":[60,207],"product_tag":[],"class_list":{"0":"post-39507","1":"product","2":"type-product","3":"status-publish","4":"has-post-thumbnail","6":"product_cat-bazar","7":"product_cat-encensoires","9":"first","10":"instock","11":"shipping-taxable","12":"purchasable","13":"product-type-simple"},"_links":{"self":[{"href":"https:\/\/ventesengros.fr\/pt\/wp-json\/wp\/v2\/product\/39507","targetHints":{"allow":["GET"]}}],"collection":[{"href":"https:\/\/ventesengros.fr\/pt\/wp-json\/wp\/v2\/product"}],"about":[{"href":"https:\/\/ventesengros.fr\/pt\/wp-json\/wp\/v2\/types\/product"}],"wp:featuredmedia":[{"embeddable":true,"href":"https:\/\/ventesengros.fr\/pt\/wp-json\/wp\/v2\/media\/39508"}],"wp:attachment":[{"href":"https:\/\/ventesengros.fr\/pt\/wp-json\/wp\/v2\/media?parent=39507"}],"wp:term":[{"taxonomy":"product_brand","embeddable":true,"href":"https:\/\/ventesengros.fr\/pt\/wp-json\/wp\/v2\/product_brand?post=39507"},{"taxonomy":"product_cat","embeddable":true,"href":"https:\/\/ventesengros.fr\/pt\/wp-json\/wp\/v2\/product_cat?post=39507"},{"taxonomy":"product_tag","embeddable":true,"href":"https:\/\/ventesengros.fr\/pt\/wp-json\/wp\/v2\/product_tag?post=39507"}],"curies":[{"name":"wp","href":"https:\/\/api.w.org\/{rel}","templated":true}]}}