{"id":39162,"date":"2020-07-13T21:36:02","date_gmt":"2020-07-13T20:36:02","guid":{"rendered":"https:\/\/ventesengros.fr\/?post_type=product&#038;p=39162"},"modified":"2022-06-30T23:00:25","modified_gmt":"2022-06-30T22:00:25","slug":"huile-daloe-vera-30ml-lot-de-12","status":"publish","type":"product","link":"https:\/\/ventesengros.fr\/pt\/grossiste\/oleo-de-daloe-vera-30ml-embalagem-de-12\/","title":{"rendered":"\u00d3leo de alo\u00e9 vera 30ml (Conjunto de 12)"},"content":{"rendered":"","protected":false},"excerpt":{"rendered":"<p>Oferecemos este \u00f3leo de alo\u00e9 vera em <strong><span style=\"color: #0000ff;\">frasco de 12 frascos de 30 ml. <\/span><\/strong><\/p>\n<p><b>Pre\u00e7o do frasco de 30ml <span class=\"Apple-converted-space\">\u00a0 <\/span>:<\/b>\u00a0<strong><span style=\"color: #ff0000;\">1,05<\/span><\/strong><strong><span style=\"color: #ff0000;\">\u20ac<\/span><\/strong><\/p>","protected":false},"featured_media":39163,"template":"","meta":[],"product_brand":[],"product_cat":[606,201],"product_tag":[],"class_list":{"0":"post-39162","1":"product","2":"type-product","3":"status-publish","4":"has-post-thumbnail","6":"product_cat-vrac-par-litre","7":"product_cat-huiles-soin-et-bien-etre","9":"first","10":"instock","11":"shipping-taxable","12":"purchasable","13":"product-type-simple"},"_links":{"self":[{"href":"https:\/\/ventesengros.fr\/pt\/wp-json\/wp\/v2\/product\/39162","targetHints":{"allow":["GET"]}}],"collection":[{"href":"https:\/\/ventesengros.fr\/pt\/wp-json\/wp\/v2\/product"}],"about":[{"href":"https:\/\/ventesengros.fr\/pt\/wp-json\/wp\/v2\/types\/product"}],"wp:featuredmedia":[{"embeddable":true,"href":"https:\/\/ventesengros.fr\/pt\/wp-json\/wp\/v2\/media\/39163"}],"wp:attachment":[{"href":"https:\/\/ventesengros.fr\/pt\/wp-json\/wp\/v2\/media?parent=39162"}],"wp:term":[{"taxonomy":"product_brand","embeddable":true,"href":"https:\/\/ventesengros.fr\/pt\/wp-json\/wp\/v2\/product_brand?post=39162"},{"taxonomy":"product_cat","embeddable":true,"href":"https:\/\/ventesengros.fr\/pt\/wp-json\/wp\/v2\/product_cat?post=39162"},{"taxonomy":"product_tag","embeddable":true,"href":"https:\/\/ventesengros.fr\/pt\/wp-json\/wp\/v2\/product_tag?post=39162"}],"curies":[{"name":"wp","href":"https:\/\/api.w.org\/{rel}","templated":true}]}}