{"id":38567,"date":"2020-05-30T13:59:46","date_gmt":"2020-05-30T12:59:46","guid":{"rendered":"https:\/\/ventesengros.fr\/?post_type=product&#038;p=38567"},"modified":"2026-04-21T14:28:38","modified_gmt":"2026-04-21T13:28:38","slug":"graines-de-nigelle-darabie-5kg-en-vrac","status":"publish","type":"product","link":"https:\/\/ventesengros.fr\/pt\/grossiste\/sementes-de-nigella-darabie-5kg-a-granel\/","title":{"rendered":"Sementes de haba saouda da Ar\u00e1bia 5 quilos a granel"},"content":{"rendered":"<p>Este produto n\u00e3o \u00e9 o conhecido cominho preto sativa, mas o seu nome latino \u00e9 Cassia absus, que \u00e9 eficaz em casos de obstipa\u00e7\u00e3o,<\/p>\n<p>ela \u00e9 chamada a semente negra da ar\u00e1bia<\/p>","protected":false},"excerpt":{"rendered":"<p>ce produits n&rsquo;est pas la nigelle sativa connue mais son nom latin est Cassia absus efficace en cas de constipation, elle est appeler la graine noir d&rsquo;arabie<\/p>","protected":false},"featured_media":75505,"template":"","meta":[],"product_brand":[],"product_cat":[1495,873,1571],"product_tag":[],"class_list":{"0":"post-38567","1":"product","2":"type-product","3":"status-publish","4":"has-post-thumbnail","6":"product_cat-vrac","7":"product_cat-habba-sawda-alimentation","8":"product_cat-grossiste-produits-nabaty","10":"first","11":"instock","12":"shipping-taxable","13":"purchasable","14":"product-type-simple"},"_links":{"self":[{"href":"https:\/\/ventesengros.fr\/pt\/wp-json\/wp\/v2\/product\/38567","targetHints":{"allow":["GET"]}}],"collection":[{"href":"https:\/\/ventesengros.fr\/pt\/wp-json\/wp\/v2\/product"}],"about":[{"href":"https:\/\/ventesengros.fr\/pt\/wp-json\/wp\/v2\/types\/product"}],"wp:featuredmedia":[{"embeddable":true,"href":"https:\/\/ventesengros.fr\/pt\/wp-json\/wp\/v2\/media\/75505"}],"wp:attachment":[{"href":"https:\/\/ventesengros.fr\/pt\/wp-json\/wp\/v2\/media?parent=38567"}],"wp:term":[{"taxonomy":"product_brand","embeddable":true,"href":"https:\/\/ventesengros.fr\/pt\/wp-json\/wp\/v2\/product_brand?post=38567"},{"taxonomy":"product_cat","embeddable":true,"href":"https:\/\/ventesengros.fr\/pt\/wp-json\/wp\/v2\/product_cat?post=38567"},{"taxonomy":"product_tag","embeddable":true,"href":"https:\/\/ventesengros.fr\/pt\/wp-json\/wp\/v2\/product_tag?post=38567"}],"curies":[{"name":"wp","href":"https:\/\/api.w.org\/{rel}","templated":true}]}}