{"id":3854,"date":"2014-06-03T21:44:09","date_gmt":"2014-06-03T20:44:09","guid":{"rendered":"http:\/\/pietra-communication.com\/ventesengros.fr\/?post_type=product&#038;p=3854"},"modified":"2023-07-10T11:27:08","modified_gmt":"2023-07-10T10:27:08","slug":"savonneuse-dorsale","status":"publish","type":"product","link":"https:\/\/ventesengros.fr\/pt\/grossiste\/sabao-para-as-costas\/","title":{"rendered":"Saboneteira dorsal 55\/8 cm (lote de 12 pe\u00e7as)"},"content":{"rendered":"<p><b>Proveni\u00eancia:<\/b>Marrocos<\/p>\n<p><b>Peso:<\/b>90g\/pe\u00e7a<\/p>\n<p>fotografias n\u00e3o contratuais, as cores podem mudar consoante as esta\u00e7\u00f5es do ano.<\/p>","protected":false},"excerpt":{"rendered":"<p>Oferecemos-lhe este <strong>Luva de dorso com sab\u00e3o 55\/8cm<\/strong><strong>\u00a0<\/strong>vendido em embalagens de 12 unidades.<\/p>\n<p>Pre\u00e7o de venda recomendado: 7,49 euros.<\/p>\n<p>1 lote :\u00a0<span style=\"color: #0ad227;\">1,49\/unidade X 12 = 17,88 euros<\/span><\/p>\n<p>&nbsp;<\/p>","protected":false},"featured_media":3859,"template":"","meta":[],"product_brand":[],"product_cat":[401,59],"product_tag":[],"class_list":{"0":"post-3854","1":"product","2":"type-product","3":"status-publish","4":"has-post-thumbnail","6":"product_cat-produits-du-hammam","7":"product_cat-soin-et-bien-etre","8":"pa_lot-158","9":"pa_lot-160","10":"pa_lot-159","12":"first","13":"instock","14":"shipping-taxable","15":"purchasable","16":"product-type-simple"},"_links":{"self":[{"href":"https:\/\/ventesengros.fr\/pt\/wp-json\/wp\/v2\/product\/3854","targetHints":{"allow":["GET"]}}],"collection":[{"href":"https:\/\/ventesengros.fr\/pt\/wp-json\/wp\/v2\/product"}],"about":[{"href":"https:\/\/ventesengros.fr\/pt\/wp-json\/wp\/v2\/types\/product"}],"wp:featuredmedia":[{"embeddable":true,"href":"https:\/\/ventesengros.fr\/pt\/wp-json\/wp\/v2\/media\/3859"}],"wp:attachment":[{"href":"https:\/\/ventesengros.fr\/pt\/wp-json\/wp\/v2\/media?parent=3854"}],"wp:term":[{"taxonomy":"product_brand","embeddable":true,"href":"https:\/\/ventesengros.fr\/pt\/wp-json\/wp\/v2\/product_brand?post=3854"},{"taxonomy":"product_cat","embeddable":true,"href":"https:\/\/ventesengros.fr\/pt\/wp-json\/wp\/v2\/product_cat?post=3854"},{"taxonomy":"product_tag","embeddable":true,"href":"https:\/\/ventesengros.fr\/pt\/wp-json\/wp\/v2\/product_tag?post=3854"}],"curies":[{"name":"wp","href":"https:\/\/api.w.org\/{rel}","templated":true}]}}