{"id":38228,"date":"2020-05-07T10:48:41","date_gmt":"2020-05-07T09:48:41","guid":{"rendered":"https:\/\/ventesengros.fr\/?post_type=product&#038;p=38228"},"modified":"2023-06-22T12:18:32","modified_gmt":"2023-06-22T11:18:32","slug":"huile-de-carotte","status":"publish","type":"product","link":"https:\/\/ventesengros.fr\/pt\/grossiste\/oleo-de-cenoura\/","title":{"rendered":"\u00d3leo de cenoura (por litro ou garrafa de 60 ml\/120 ml)"},"content":{"rendered":"<p>Pode parecer surpreendente que um vegetal tenha benef\u00edcios para a pele. Mas no caso do \u00f3leo de cenoura, esta teoria \u00e9 verdadeira. E depressa se aperceber\u00e1 de que este \u00f3leo tem muitos benef\u00edcios para a vitalidade da pele.<\/p>\n<h2><b>\u00d3leo capilar de cenoura: muito rico em beta-caroteno.<\/b><\/h2>\n<p>O \u00f3leo de cenoura \u00e9 uma prepara\u00e7\u00e3o oleaginosa obtida a partir de<span class=\"Apple-converted-space\">\u00a0 <\/span>Macera\u00e7\u00e3o de ra\u00edzes de cenoura. As ra\u00edzes s\u00e3o depois misturadas com um \u00f3leo de base, como o \u00f3leo de girassol. No \u00f3leo de cenoura, as ra\u00edzes s\u00e3o a base do vegetal. Cont\u00eam todos os nutrientes e concentrados que ajudaram o vegetal a crescer. Como todos os legumes cor de laranja, o \u00f3leo de cenoura \u00e9 muito rico em beta-caroteno. Este nutriente \u00e9 conhecido como vitamina pro A, e \u00e9 muito bem assimilado com a vitamina E. A cenoura \u00e9 o segundo legume mais concentrado em betacaroteno, logo a seguir \u00e0 batata-doce e antes da ab\u00f3bora. As mangas tamb\u00e9m cont\u00eam uma quantidade significativa. \u00c9, portanto, essencialmente esta subst\u00e2ncia presente no \u00f3leo de cenoura que vai <a href=\"https:\/\/www.kardoune-cheveux.com\/produit\/huile-de-carotte\/\" target=\"_blank\" rel=\"noopener\"><strong>determinar os benef\u00edcios para a pele e o cabelo<\/strong><\/a>.<\/p>\n<h2><b>Vitamina pro A: um papel fundamental para a pele<\/b><\/h2>\n<p>No \u00f3leo de laranja, esta vitamina \u00e9 a que confere ao rosto e \u00e0 pele uma excelente tez. De facto, na g\u00edria de beleza, fala-se de um \u00abbrilho saud\u00e1vel\u00bb.<\/p>\n<p>A sua a\u00e7\u00e3o autobronzeadora permite \u00e0 pele tirar partido dos raios ultravioleta e dar um pouco de cor com toda a mod\u00e9stia. Desempenha assim um papel na pigmenta\u00e7\u00e3o da pele. <a href=\"https:\/\/ventesengros.fr\/pt\/grossiste\/po-de-pele-de-roma-quilo\/\"><strong>pele<\/strong><\/a>. Contribui igualmente para a renova\u00e7\u00e3o das c\u00e9lulas da pele e das mucosas. Esta a\u00e7\u00e3o ajuda a combater o envelhecimento da pele.<\/p>\n<p>Eis as fun\u00e7\u00f5es essenciais deste \u00f3leo de laranja em poucas palavras: ajuda ao bronzeamento e a\u00e7\u00e3o antioxidante.<\/p>","protected":false},"excerpt":{"rendered":"<p>Este \u00f3leo de cenoura est\u00e1 dispon\u00edvel em <span style=\"color: #0000ff;\"><b>Garrafa de 1 litro ou 12 garrafas 60 ml \/ 120ml<\/b>.<\/span><\/p>\n<p><span style=\"color: #000000;\"><strong>Pre\u00e7o de afilamento<\/strong>.<\/span><\/p>\n<ul>\n<li><b>Pre\u00e7o por litro <span class=\"Apple-converted-space\">\u00a0 <\/span>:<\/b>\u00a0<span style=\"color: #ff0000;\"><strong>22,90\u20ac<\/strong><\/span><\/li>\n<li><b>Pre\u00e7o do frasco de 120ml <span class=\"Apple-converted-space\">\u00a0 <\/span>:<\/b>\u00a0<strong><span style=\"color: #ff0000;\">5,39\u20ac<\/span><\/strong><\/li>\n<li><b>Pre\u00e7o do frasco de 60ml <span class=\"Apple-converted-space\">\u00a0 <\/span>:<\/b>\u00a0<span style=\"color: #ff0000;\"><strong>3,49\u20ac<\/strong><\/span><\/li>\n<\/ul>\n<p><span style=\"color: #ff0000;\"><b>Para mais de 3 lotes, selecionar uma quantidade no cesto.<\/b><\/span><\/p>\n<p>Receba um desconto de 10% nas encomendas de mais de 10 lotes (<span style=\"color: #ff0000;\"><a style=\"color: #ff0000;\" href=\"https:\/\/ventesengros.fr\/pt\/contacto\/\"><strong>contactar-nos<\/strong><\/a><\/span>).<\/p>","protected":false},"featured_media":38239,"template":"","meta":[],"product_brand":[],"product_cat":[59,290,201,606],"product_tag":[],"class_list":{"0":"post-38228","1":"product","2":"type-product","3":"status-publish","4":"has-post-thumbnail","6":"product_cat-soin-et-bien-etre","7":"product_cat-autre","8":"product_cat-huiles-soin-et-bien-etre","9":"product_cat-vrac-par-litre","10":"pa_lot-1-lot-1-litre-2490e-le-litre","11":"pa_lot-1-lot-12-bouteilles-120ml-589e-la-bouteille","12":"pa_lot-1-lot-12-bouteilles-60ml-389e-la-bouteille","13":"pa_lot-2-lots-2-litres-2390e-le-litre","14":"pa_lot-2-lot-24-bouteilles-120ml-569e-la-bouteille","15":"pa_lot-2-lots-24-bouteilles-60ml-369e-la-bouteille","16":"pa_lot-3-lots-3-litres-2290e-le-litre","17":"pa_lot-3-lot-36-bouteilles-120ml-539e-la-bouteille","18":"pa_lot-3-lots-36-bouteilles-60ml-349e-la-bouteille","20":"first","21":"instock","22":"shipping-taxable","23":"purchasable","24":"product-type-variable"},"_links":{"self":[{"href":"https:\/\/ventesengros.fr\/pt\/wp-json\/wp\/v2\/product\/38228","targetHints":{"allow":["GET"]}}],"collection":[{"href":"https:\/\/ventesengros.fr\/pt\/wp-json\/wp\/v2\/product"}],"about":[{"href":"https:\/\/ventesengros.fr\/pt\/wp-json\/wp\/v2\/types\/product"}],"wp:featuredmedia":[{"embeddable":true,"href":"https:\/\/ventesengros.fr\/pt\/wp-json\/wp\/v2\/media\/38239"}],"wp:attachment":[{"href":"https:\/\/ventesengros.fr\/pt\/wp-json\/wp\/v2\/media?parent=38228"}],"wp:term":[{"taxonomy":"product_brand","embeddable":true,"href":"https:\/\/ventesengros.fr\/pt\/wp-json\/wp\/v2\/product_brand?post=38228"},{"taxonomy":"product_cat","embeddable":true,"href":"https:\/\/ventesengros.fr\/pt\/wp-json\/wp\/v2\/product_cat?post=38228"},{"taxonomy":"product_tag","embeddable":true,"href":"https:\/\/ventesengros.fr\/pt\/wp-json\/wp\/v2\/product_tag?post=38228"}],"curies":[{"name":"wp","href":"https:\/\/api.w.org\/{rel}","templated":true}]}}