{"id":3730,"date":"2014-07-10T08:13:13","date_gmt":"2014-07-10T07:13:13","guid":{"rendered":"http:\/\/pietra-communication.com\/ventesengros.fr\/?post_type=product&#038;p=3730"},"modified":"2022-06-30T23:28:21","modified_gmt":"2022-06-30T22:28:21","slug":"creme-capillaire-nigelle-500ml-vatika","status":"publish","type":"product","link":"https:\/\/ventesengros.fr\/pt\/grossiste\/creme-capilar-cominhos-pretos-500ml-vatika\/","title":{"rendered":"Creme Vatika com Nigela 500 ml X 12"},"content":{"rendered":"<p><strong><span style=\"color: #000000;\">Conselhos de utiliza\u00e7\u00e3o:<\/span><\/strong><\/p>\n<p>Este creme aplica-se depois do champ\u00f4 ou depois de lavar o cabelo com \u00e1gua. Ao aplicar, massajar suavemente o cabelo e o couro cabeludo com os dedos para garantir uma aplica\u00e7\u00e3o completa da raiz at\u00e9 \u00e0s pontas. Deixar atuar durante 10 a 15 minutos. Manter o cabelo enrolado e depois enxaguar o cabelo.<\/p>\n<p><b>Capacidade :<\/b>500mL<\/p>\n<p><b>Nome da marca:<\/b>\u00a0\u00a0Vatika<\/p>\n<div class=\"tL8wMe xAWnQc\" dir=\"ltr\"><b><b>Proveni\u00eancia:<\/b><\/b>Marrocos<\/div>\n<div class=\"tL8wMe xAWnQc\" dir=\"ltr\"><\/div>\n<div class=\"tL8wMe xAWnQc\" dir=\"ltr\"><b>Peso:<\/b>550g\/pe\u00e7a<\/div>","protected":false},"excerpt":{"rendered":"<p>Oferecemos-lhe este<strong>\u00a0Creme de Vatika com \u00f3leo de Nigella\u00a0<\/strong>vendido em embalagens de 12 unidades.<\/p>\n<p>Pre\u00e7o de venda recomendado: 12,50 euros.<\/p>\n<p>1 lote :\u00a0<span style=\"color: #0ad227;\">4,09\/unidade X 12 = 49,08 euros<\/span><\/p>","protected":false},"featured_media":3739,"template":"","meta":[],"product_brand":[],"product_cat":[59],"product_tag":[164,163,132,258,974,88,299],"class_list":{"0":"post-3730","1":"product","2":"type-product","3":"status-publish","4":"has-post-thumbnail","6":"product_cat-soin-et-bien-etre","7":"product_tag-500ml","8":"product_tag-capillaire","9":"product_tag-creme","10":"product_tag-en-gros","11":"product_tag-grossiste","12":"product_tag-nigelle","13":"product_tag-vatika","14":"pa_lot-158","15":"pa_lot-160","16":"pa_lot-159","18":"first","19":"instock","20":"shipping-taxable","21":"purchasable","22":"product-type-simple"},"_links":{"self":[{"href":"https:\/\/ventesengros.fr\/pt\/wp-json\/wp\/v2\/product\/3730","targetHints":{"allow":["GET"]}}],"collection":[{"href":"https:\/\/ventesengros.fr\/pt\/wp-json\/wp\/v2\/product"}],"about":[{"href":"https:\/\/ventesengros.fr\/pt\/wp-json\/wp\/v2\/types\/product"}],"wp:featuredmedia":[{"embeddable":true,"href":"https:\/\/ventesengros.fr\/pt\/wp-json\/wp\/v2\/media\/3739"}],"wp:attachment":[{"href":"https:\/\/ventesengros.fr\/pt\/wp-json\/wp\/v2\/media?parent=3730"}],"wp:term":[{"taxonomy":"product_brand","embeddable":true,"href":"https:\/\/ventesengros.fr\/pt\/wp-json\/wp\/v2\/product_brand?post=3730"},{"taxonomy":"product_cat","embeddable":true,"href":"https:\/\/ventesengros.fr\/pt\/wp-json\/wp\/v2\/product_cat?post=3730"},{"taxonomy":"product_tag","embeddable":true,"href":"https:\/\/ventesengros.fr\/pt\/wp-json\/wp\/v2\/product_tag?post=3730"}],"curies":[{"name":"wp","href":"https:\/\/api.w.org\/{rel}","templated":true}]}}