{"id":37116,"date":"2018-10-19T16:17:16","date_gmt":"2018-10-19T15:17:16","guid":{"rendered":"https:\/\/ventesengros.fr\/?post_type=product&#038;p=37116"},"modified":"2024-10-14T09:06:04","modified_gmt":"2024-10-14T08:06:04","slug":"gelule-de-nigelle-et-de-costus-indien","status":"publish","type":"product","link":"https:\/\/ventesengros.fr\/pt\/grossiste\/cominho-preto-e-geleia-de-costus-indiano\/","title":{"rendered":"Cominhos pretos e costo indiano em c\u00e1psulas (60g) - embalagem de 6 frascos"},"content":{"rendered":"<p><strong>As diferentes propriedades das duas plantas combinadas numa \u00fanica c\u00e1psula<\/strong><\/p>\n<p>La <strong>Cominho preto e c\u00e1psula de costus indiano<\/strong> \u00e9 um produto que foi cuidadosamente desenvolvido para criar uma combina\u00e7\u00e3o t\u00e3o surpreendente quanto eficaz. Apresentado sob a forma de c\u00e1psulas, \u00e9 um produto natural 100 % que permite que os princ\u00edpios activos de cada planta (<em>cominhos pretos e costus indiano<\/em>) para permanecer intacto.<\/p>\n<p>Para al\u00e9m de serem comest\u00edveis, os dois componentes t\u00eam tamb\u00e9m numerosas propriedades terap\u00eauticas.<\/p>\n<p><strong>C\u00e1psulas de cominho preto e de costus indiano, virtudes e benef\u00edcios<\/strong><\/p>\n<p>La <strong>Cominho preto e c\u00e1psula de costus indiano<\/strong> \u00e9 duplamente eficaz, actuando na sa\u00fade do organismo de v\u00e1rias formas. Entre elas, os seus efeitos estimulantes e revigorantes. A c\u00e1psula tem tamb\u00e9m propriedades analg\u00e9sicas, carminativas, antiespasm\u00f3dicas, diur\u00e9ticas, expectorantes, profil\u00e1cticas, adstringentes, antial\u00e9rgicas e anti-helm\u00ednticas. Os diferentes componentes das duas plantas, quando combinados, tamb\u00e9m d\u00e3o a <strong>Cominho preto e c\u00e1psula de costus indiano<\/strong> qualidades estomacais (refor\u00e7a e estimula o sistema digestivo, protege o est\u00f4mago) e ajuda a prevenir certas doen\u00e7as que podem afetar as vias respirat\u00f3rias (asma, bronquite, tosse, etc.).<\/p>\n<p>O consumo de <strong>Cominho preto e c\u00e1psula de costus indiano<\/strong> \u00e9 tamb\u00e9m uma excelente forma de refor\u00e7ar o sistema imunit\u00e1rio do corpo e de defender os \u00f3rg\u00e3os vitais contra v\u00e1rias doen\u00e7as e infec\u00e7\u00f5es. Al\u00e9m disso, promove a circula\u00e7\u00e3o sangu\u00ednea e regula os n\u00edveis de a\u00e7\u00facar e colesterol no sangue.<\/p>\n<p>Encher-se de energia ficou mais f\u00e1cil com a <strong>Cominho preto e c\u00e1psula de costus indiano<\/strong>.<a href=\"https:\/\/ventesengros.fr\/wp-content\/uploads\/2018\/10\/Fiche-produit-G\u00e9lule-de-nigelle-et-de-costus-indien.docx\">Ficha de produto-cigella-and-costus-indian-capsule<\/a> <a href=\"https:\/\/ventesengros.fr\/wp-content\/uploads\/2018\/10\/G\u00e9lule-de-Nigelle-Costus.jpg\"><img loading=\"lazy\" decoding=\"async\" class=\"aligncenter size-full wp-image-37119\" src=\"https:\/\/ventesengros.fr\/wp-content\/uploads\/2018\/10\/G\u00e9lule-de-Nigelle-Costus.jpg\" alt=\"\" width=\"951\" height=\"618\" srcset=\"https:\/\/ventesengros.fr\/wp-content\/uploads\/2018\/10\/G\u00e9lule-de-Nigelle-Costus.jpg 951w, https:\/\/ventesengros.fr\/wp-content\/uploads\/2018\/10\/G\u00e9lule-de-Nigelle-Costus-600x390.jpg 600w, https:\/\/ventesengros.fr\/wp-content\/uploads\/2018\/10\/G\u00e9lule-de-Nigelle-Costus-300x195.jpg 300w, https:\/\/ventesengros.fr\/wp-content\/uploads\/2018\/10\/G\u00e9lule-de-Nigelle-Costus-768x499.jpg 768w, https:\/\/ventesengros.fr\/wp-content\/uploads\/2018\/10\/G\u00e9lule-de-Nigelle-Costus-510x331.jpg 510w\" sizes=\"auto, (max-width: 951px) 100vw, 951px\" \/><\/a><\/p>","protected":false},"excerpt":{"rendered":"<div>\n<p>Oferecemos-lhe estas c\u00e1psulas de sementes de cominho preto Costus indiano (x 60 c\u00e1psulas), os dois produtos s\u00e3o misturados, 50% p\u00f3 de cominho preto e 50% p\u00f3 de costus,\u00a0 <strong>vendido em embalagens de 6 unidades<\/strong>.<\/p>\n<p><span style=\"color: #ff0000; font-size: xx-small;\">Pre\u00e7o unit\u00e1rio: 4,50 euros<\/span><\/p>\n<\/div>\n<div>\n<p>1 lote: 4,50 euros\/pe\u00e7a X6 = 27 euros<em>Pre\u00e7o de venda recomendado: 9,00 euros<\/em><\/p>\n<\/div>","protected":false},"featured_media":37119,"template":"","meta":[],"product_brand":[],"product_cat":[1509],"product_tag":[],"class_list":{"0":"post-37116","1":"product","2":"type-product","3":"status-publish","4":"has-post-thumbnail","6":"product_cat-huiles-de-ricin-en-gros","8":"first","9":"instock","10":"shipping-taxable","11":"purchasable","12":"product-type-simple"},"_links":{"self":[{"href":"https:\/\/ventesengros.fr\/pt\/wp-json\/wp\/v2\/product\/37116","targetHints":{"allow":["GET"]}}],"collection":[{"href":"https:\/\/ventesengros.fr\/pt\/wp-json\/wp\/v2\/product"}],"about":[{"href":"https:\/\/ventesengros.fr\/pt\/wp-json\/wp\/v2\/types\/product"}],"wp:featuredmedia":[{"embeddable":true,"href":"https:\/\/ventesengros.fr\/pt\/wp-json\/wp\/v2\/media\/37119"}],"wp:attachment":[{"href":"https:\/\/ventesengros.fr\/pt\/wp-json\/wp\/v2\/media?parent=37116"}],"wp:term":[{"taxonomy":"product_brand","embeddable":true,"href":"https:\/\/ventesengros.fr\/pt\/wp-json\/wp\/v2\/product_brand?post=37116"},{"taxonomy":"product_cat","embeddable":true,"href":"https:\/\/ventesengros.fr\/pt\/wp-json\/wp\/v2\/product_cat?post=37116"},{"taxonomy":"product_tag","embeddable":true,"href":"https:\/\/ventesengros.fr\/pt\/wp-json\/wp\/v2\/product_tag?post=37116"}],"curies":[{"name":"wp","href":"https:\/\/api.w.org\/{rel}","templated":true}]}}