{"id":37086,"date":"2018-10-15T11:11:33","date_gmt":"2018-10-15T10:11:33","guid":{"rendered":"https:\/\/ventesengros.fr\/?post_type=product&#038;p=37086"},"modified":"2024-01-18T10:58:20","modified_gmt":"2024-01-18T09:58:20","slug":"gelule-dail","status":"publish","type":"product","link":"https:\/\/ventesengros.fr\/pt\/grossiste\/gelule-dail\/","title":{"rendered":"C\u00e1psula de alho"},"content":{"rendered":"<p>Alho, origens e propriedades:<\/p>\n<p>O alho (Allium sarivum), tamb\u00e9m conhecido como alho comum e alho cultivado, \u00e9 uma esp\u00e9cie de planta hort\u00edcola perene origin\u00e1ria da \u00c1sia Central. Utilizado e cultivado h\u00e1 mais de 5000 anos pelo povo eg\u00edpcio, teve mais tarde grande sucesso na China e nos pa\u00edses da bacia mediterr\u00e2nica. Esta planta \u00e9 particularmente apreciada n\u00e3o s\u00f3 pelas suas propriedades gustativas mas tamb\u00e9m medicinais.<\/p>\n<p>Os benef\u00edcios e as virtudes das c\u00e1psulas de alho :<\/p>\n<p>O alho \u00e9 uma planta muito especial. De facto, \u00e9 considerado como um alicamento natural 100 %. As c\u00e1psulas de alho t\u00eam as propriedades de um alimento e de um medicamento. Os seus benef\u00edcios s\u00e3o incr\u00edveis.<\/p>\n<p>O consumo regular de c\u00e1psulas de alho ajuda a manter o bem-estar e uma melhor sa\u00fade numa base di\u00e1ria. A sua a\u00e7\u00e3o no organismo inclui o refor\u00e7o do sistema imunit\u00e1rio e dos \u00f3rg\u00e3os vitais. Os efeitos da c\u00e1psula s\u00e3o igualmente ben\u00e9ficos para o sistema cardiovascular. Ajuda, nomeadamente, a proteger o sistema cardiovascular, a regular a tens\u00e3o arterial e o funcionamento do cora\u00e7\u00e3o e a prevenir a forma\u00e7\u00e3o de co\u00e1gulos sangu\u00edneos. A c\u00e1psula tem tamb\u00e9m um efeito significativo na regula\u00e7\u00e3o dos n\u00edveis de a\u00e7\u00facar no sangue, reduzindo o risco de diabetes, bem como na redu\u00e7\u00e3o dos n\u00edveis de colesterol mau.<br \/>\n<a href=\"https:\/\/ventesengros.fr\/wp-content\/uploads\/2018\/10\/G\u00e9lule-dAil.jpg\"><img loading=\"lazy\" decoding=\"async\" class=\"aligncenter size-full wp-image-37087\" src=\"https:\/\/ventesengros.fr\/wp-content\/uploads\/2018\/10\/G\u00e9lule-dAil.jpg\" alt=\"\" width=\"951\" height=\"618\" srcset=\"https:\/\/ventesengros.fr\/wp-content\/uploads\/2018\/10\/G\u00e9lule-dAil.jpg 951w, https:\/\/ventesengros.fr\/wp-content\/uploads\/2018\/10\/G\u00e9lule-dAil-600x390.jpg 600w, https:\/\/ventesengros.fr\/wp-content\/uploads\/2018\/10\/G\u00e9lule-dAil-300x195.jpg 300w, https:\/\/ventesengros.fr\/wp-content\/uploads\/2018\/10\/G\u00e9lule-dAil-768x499.jpg 768w, https:\/\/ventesengros.fr\/wp-content\/uploads\/2018\/10\/G\u00e9lule-dAil-510x331.jpg 510w\" sizes=\"auto, (max-width: 951px) 100vw, 951px\" \/><\/a><br \/>\nAs c\u00e1psulas de alho desempenham igualmente um papel importante na manuten\u00e7\u00e3o do sistema digestivo e s\u00e3o tamb\u00e9m conhecidas pelo seu efeito laxante suave.<\/p>","protected":false},"excerpt":{"rendered":"<p>L\u2019ail, origines et propri\u00e9t\u00e9s: L\u2019ail (Allium sarivum), \u00e9galement connu sous les noms d\u2019ail commun et ail cultiv\u00e9, est une esp\u00e8ce de plante potag\u00e8re vivace originaire d\u2019Asie centrale. Utilis\u00e9e et exploit\u00e9e depuis plus de 5000 ans par le peuple \u00c9gyptien, il connait plus tard un grand succ\u00e8s en Chine et dans les pays situ\u00e9s dans le [&#8230;]\n","protected":false},"featured_media":37087,"template":"","meta":[],"product_brand":[],"product_cat":[1507],"product_tag":[],"class_list":{"0":"post-37086","1":"product","2":"type-product","3":"status-publish","4":"has-post-thumbnail","6":"product_cat-uncategorized","8":"first","9":"instock","10":"shipping-taxable","11":"product-type-simple"},"_links":{"self":[{"href":"https:\/\/ventesengros.fr\/pt\/wp-json\/wp\/v2\/product\/37086","targetHints":{"allow":["GET"]}}],"collection":[{"href":"https:\/\/ventesengros.fr\/pt\/wp-json\/wp\/v2\/product"}],"about":[{"href":"https:\/\/ventesengros.fr\/pt\/wp-json\/wp\/v2\/types\/product"}],"wp:featuredmedia":[{"embeddable":true,"href":"https:\/\/ventesengros.fr\/pt\/wp-json\/wp\/v2\/media\/37087"}],"wp:attachment":[{"href":"https:\/\/ventesengros.fr\/pt\/wp-json\/wp\/v2\/media?parent=37086"}],"wp:term":[{"taxonomy":"product_brand","embeddable":true,"href":"https:\/\/ventesengros.fr\/pt\/wp-json\/wp\/v2\/product_brand?post=37086"},{"taxonomy":"product_cat","embeddable":true,"href":"https:\/\/ventesengros.fr\/pt\/wp-json\/wp\/v2\/product_cat?post=37086"},{"taxonomy":"product_tag","embeddable":true,"href":"https:\/\/ventesengros.fr\/pt\/wp-json\/wp\/v2\/product_tag?post=37086"}],"curies":[{"name":"wp","href":"https:\/\/api.w.org\/{rel}","templated":true}]}}