{"id":35865,"date":"2016-11-24T16:05:23","date_gmt":"2016-11-24T15:05:23","guid":{"rendered":"https:\/\/ventesengros.fr\/grossiste\/fiole-vide-60ml-marrakech\/"},"modified":"2022-06-30T23:05:03","modified_gmt":"2022-06-30T22:05:03","slug":"fiole-vide-60ml-marrakech","status":"publish","type":"product","link":"https:\/\/ventesengros.fr\/pt\/grossiste\/frasco-vazio-60ml-marraquexe-2\/","title":{"rendered":"Frasco vazio 60mL Marrakech (lote de 12)"},"content":{"rendered":"<p><b>Orientar<\/b> <b>Grossista<\/b> \u00e9 um s\u00edtio em linha especializado na venda de <b>a granel<\/b> especialmente destinado a empresas que pretendam vender produtos a retalho (frascos vazios de 60 ml, siwak, mel, etc.). Comprometemo-nos a oferecer produtos de qualidade a pre\u00e7os competitivos, bem como novos produtos numa base regular para responder \u00e0 crescente e mut\u00e1vel procura dos clientes.<\/p>\n<h2><strong>Apresenta\u00e7\u00e3o do frasco vazio de 60 ml:<\/strong><\/h2>\n<p>O seu <b>atacadista online<\/b> na categoria \u00abbazar isl\u00e2mico\u00bb. <b>frascos vazios<\/b> Capacidade de 60 ml, tamanhos pequenos e acabamentos precisos para revenda a retalho. Pode, evidentemente, revend\u00ea-las vazias para que os clientes possam ench\u00ea-las com os produtos da sua escolha, ou ench\u00ea-las com \u00f3leos essenciais, por exemplo, p\u00f3s alimentares, cosm\u00e9ticos ou outros produtos, conforme necess\u00e1rio.<\/p>\n<p>Na categoria \u00abCuidados e bem-estar\u00bb, oferecemos-lhe uma gama de produtos complementares que pode utilizar para satisfazer as suas necessidades. <b>garrafas vazias<\/b>, Estes incluem \u00f3leos essenciais naturais, \u00f3leos de massagem e muitos outros.<\/p>\n<p>Pode tamb\u00e9m optar por encher os frascos com perfumes, tais como alm\u00edscares ou quaisquer outros l\u00edquidos e p\u00f3s preciosos a preservar.<\/p>\n<p>O seu grossista online \u00abOrient Grossiste\u00bb oferece-lhe <b>frascos transparentes<\/b> vendido em lotes de 12 ao pre\u00e7o de <b>barato<\/b> Quanto maior for a quantidade comprada, menor ser\u00e1 o pre\u00e7o unit\u00e1rio. Para facilitar a revenda destes produtos, fornecemos um pre\u00e7o de revenda recomendado com base nos pre\u00e7os de mercado actuais.<\/p>\n<p>Quando os frascos s\u00e3o acondicionados em caixas, ser\u00e3o, naturalmente, cuidadosamente protegidos para evitar qualquer quebra ou fissura durante o transporte.<\/p>\n<p>N\u00e3o hesite em contactar o Servi\u00e7o de Apoio ao Cliente se tiver alguma d\u00favida ou precisar de mais informa\u00e7\u00f5es. Estamos dispon\u00edveis em hor\u00e1rios muito flex\u00edveis para o servir.<\/p>\n<p>&nbsp;<\/p>\n<p>&nbsp;<\/p>\n<p>&nbsp;<\/p>\n<p>&nbsp;<\/p>","protected":false},"excerpt":{"rendered":"<p>Oferecemos-lhe <strong>Frascos vazios 60mL Marraquexe\u00a0<\/strong>vendido em embalagens de 12 unidades a 2,19 euros cada.<\/p>\n<p>1 lote :\u00a0<span style=\"color: #0ad227;\">2.19\u20ac\/pe\u00e7a<\/span><br \/>\n2 lotes : <span style=\"color: #ff7100;\">2.09\u20ac\/pe\u00e7a<\/span><br \/>\n3 lotes e mais : <span style=\"color: #ff0000;\">1,99\u20ac\/pe\u00e7a<\/span><\/p>","protected":false},"featured_media":35869,"template":"","meta":[],"product_brand":[],"product_cat":[60,323],"product_tag":[1158,258,1157,974,688],"class_list":{"0":"post-35865","1":"product","2":"type-product","3":"status-publish","4":"has-post-thumbnail","6":"product_cat-bazar","7":"product_cat-flacon-vide-bazar","8":"product_tag-artisanat","9":"product_tag-en-gros","10":"product_tag-fiole-vide-marrakech","11":"product_tag-grossiste","12":"product_tag-maroc","13":"pa_lot-158","14":"pa_lot-160","15":"pa_lot-159","17":"first","18":"instock","19":"shipping-taxable","20":"purchasable","21":"product-type-simple"},"_links":{"self":[{"href":"https:\/\/ventesengros.fr\/pt\/wp-json\/wp\/v2\/product\/35865","targetHints":{"allow":["GET"]}}],"collection":[{"href":"https:\/\/ventesengros.fr\/pt\/wp-json\/wp\/v2\/product"}],"about":[{"href":"https:\/\/ventesengros.fr\/pt\/wp-json\/wp\/v2\/types\/product"}],"wp:featuredmedia":[{"embeddable":true,"href":"https:\/\/ventesengros.fr\/pt\/wp-json\/wp\/v2\/media\/35869"}],"wp:attachment":[{"href":"https:\/\/ventesengros.fr\/pt\/wp-json\/wp\/v2\/media?parent=35865"}],"wp:term":[{"taxonomy":"product_brand","embeddable":true,"href":"https:\/\/ventesengros.fr\/pt\/wp-json\/wp\/v2\/product_brand?post=35865"},{"taxonomy":"product_cat","embeddable":true,"href":"https:\/\/ventesengros.fr\/pt\/wp-json\/wp\/v2\/product_cat?post=35865"},{"taxonomy":"product_tag","embeddable":true,"href":"https:\/\/ventesengros.fr\/pt\/wp-json\/wp\/v2\/product_tag?post=35865"}],"curies":[{"name":"wp","href":"https:\/\/api.w.org\/{rel}","templated":true}]}}