{"id":3552,"date":"2014-06-16T18:18:07","date_gmt":"2014-06-16T17:18:07","guid":{"rendered":"http:\/\/pietra-communication.com\/ventesengros.fr\/?post_type=product&#038;p=3552"},"modified":"2022-06-30T23:29:25","modified_gmt":"2022-06-30T22:29:25","slug":"eau-de-rose-125ml-en-gros","status":"publish","type":"product","link":"https:\/\/ventesengros.fr\/pt\/grossiste\/agua-de-rosas-125ml-por-atacado\/","title":{"rendered":"\u00c1gua perfumada com aroma de rosa 125 ml x 12"},"content":{"rendered":"<p><strong>Propriedade:<\/strong><\/p>\n<p>1)Antirrugas<\/p>\n<p>2) Perfeito para peles sens\u00edveis<\/p>\n<p>3)Prepara a pele antes de aplicar um creme<\/p>\n<p>4) Acalma a vermelhid\u00e3o e a irrita\u00e7\u00e3o<\/p>\n<p>5)Ajuda a eliminar as cicatrizes...<\/p>\n<div id=\":9l.co\" class=\"JL\">\n<div id=\":9n.ma\" class=\"Mu SP\">\n<div id=\":9n.co\" class=\"tL8wMe xAWnQc\" dir=\"ltr\"><b>Capacidade :<\/b>125mL<br \/>\n<b>Nome da marca:<\/b>\u00a0 El kelaa<br \/>\n<b>Proveni\u00eancia:<\/b>Marrocos<br \/>\n<b>Peso:<\/b>160g<\/div>\n<\/div>\n<\/div>\n<p>&nbsp;<\/p>","protected":false},"excerpt":{"rendered":"<p>Oferecemos-lhe este\u00a0<strong>\u00c1gua perfumada de rosas\u00a0<\/strong><strong>125mL<\/strong><strong><span style=\"color: #000000;\">\u00a0<\/span><\/strong>vendido em embalagens de 12 unidades.<\/p>\n<p>Pre\u00e7o de retalho recomendado: 2,50 euros.<\/p>\n<p>1 lote :\u00a0<span style=\"color: #0ad227;\">0,75\/pe\u00e7a X 12 = 9,00 euros<\/span><\/p>\n<p>&nbsp;<\/p>","protected":false},"featured_media":3810,"template":"","meta":[],"product_brand":[],"product_cat":[59],"product_tag":[389,388,258,974],"class_list":{"0":"post-3552","1":"product","2":"type-product","3":"status-publish","4":"has-post-thumbnail","6":"product_cat-soin-et-bien-etre","7":"product_tag-125ml","8":"product_tag-eau-de-rose-2","9":"product_tag-en-gros","10":"product_tag-grossiste","11":"pa_lot-158","12":"pa_lot-160","13":"pa_lot-159","15":"first","16":"instock","17":"shipping-taxable","18":"purchasable","19":"product-type-simple"},"_links":{"self":[{"href":"https:\/\/ventesengros.fr\/pt\/wp-json\/wp\/v2\/product\/3552","targetHints":{"allow":["GET"]}}],"collection":[{"href":"https:\/\/ventesengros.fr\/pt\/wp-json\/wp\/v2\/product"}],"about":[{"href":"https:\/\/ventesengros.fr\/pt\/wp-json\/wp\/v2\/types\/product"}],"wp:featuredmedia":[{"embeddable":true,"href":"https:\/\/ventesengros.fr\/pt\/wp-json\/wp\/v2\/media\/3810"}],"wp:attachment":[{"href":"https:\/\/ventesengros.fr\/pt\/wp-json\/wp\/v2\/media?parent=3552"}],"wp:term":[{"taxonomy":"product_brand","embeddable":true,"href":"https:\/\/ventesengros.fr\/pt\/wp-json\/wp\/v2\/product_brand?post=3552"},{"taxonomy":"product_cat","embeddable":true,"href":"https:\/\/ventesengros.fr\/pt\/wp-json\/wp\/v2\/product_cat?post=3552"},{"taxonomy":"product_tag","embeddable":true,"href":"https:\/\/ventesengros.fr\/pt\/wp-json\/wp\/v2\/product_tag?post=3552"}],"curies":[{"name":"wp","href":"https:\/\/api.w.org\/{rel}","templated":true}]}}