{"id":34835,"date":"2016-06-10T15:28:39","date_gmt":"2016-06-10T14:28:39","guid":{"rendered":"https:\/\/ventesengros.fr\/grossiste\/coffret-musk-hemani\/"},"modified":"2023-02-18T17:08:31","modified_gmt":"2023-02-18T16:08:31","slug":"coffret-musk-hemani","status":"publish","type":"product","link":"https:\/\/ventesengros.fr\/pt\/grossiste\/conjunto-de-caixas-hemani-musk\/","title":{"rendered":"Caixa de alm\u00edscar Hemani X 12"},"content":{"rendered":"<p><strong>Propriedade:<\/strong><\/p>\n<p>O quadrado de alm\u00edscar \u00e9 muito pr\u00e1tico para perfumar, uma simples aplica\u00e7\u00e3o na roupa, a pele deixa um cheiro muito bom e duradouro.<\/p>\n<p><b>Peso:\u00a0<\/b>75g<\/p>\n<p><strong>Capacidade:<\/strong>\u00a03 quadrados\/caixa<\/p>","protected":false},"excerpt":{"rendered":"<p>Oferecemos-lhe <strong>Caixa de alm\u00edscar Hemani<\/strong>\u00a0vendido em embalagens de 12 unidades.<\/p>\n<p>pre\u00e7o de retalho recomendado 3,60 euros.<\/p>\n<p>1 lote :\u00a0<span style=\"color: #0ad227;\">1,79\/unidade X 12 = 21,48 euros<\/span><\/p>\n<p>&nbsp;<\/p>\n<p>&nbsp;<\/p>","protected":false},"featured_media":34865,"template":"","meta":[],"product_brand":[],"product_cat":[60,237],"product_tag":[1215,258,974,305,67,343],"class_list":{"0":"post-34835","1":"product","2":"type-product","3":"status-publish","4":"has-post-thumbnail","6":"product_cat-bazar","7":"product_cat-parfummusk","8":"product_tag-coffret","9":"product_tag-en-gros","10":"product_tag-grossiste","11":"product_tag-hemani","12":"product_tag-musk","13":"product_tag-solide","14":"pa_lot-158","15":"pa_lot-160","16":"pa_lot-159","18":"first","19":"instock","20":"shipping-taxable","21":"purchasable","22":"product-type-simple"},"_links":{"self":[{"href":"https:\/\/ventesengros.fr\/pt\/wp-json\/wp\/v2\/product\/34835","targetHints":{"allow":["GET"]}}],"collection":[{"href":"https:\/\/ventesengros.fr\/pt\/wp-json\/wp\/v2\/product"}],"about":[{"href":"https:\/\/ventesengros.fr\/pt\/wp-json\/wp\/v2\/types\/product"}],"wp:featuredmedia":[{"embeddable":true,"href":"https:\/\/ventesengros.fr\/pt\/wp-json\/wp\/v2\/media\/34865"}],"wp:attachment":[{"href":"https:\/\/ventesengros.fr\/pt\/wp-json\/wp\/v2\/media?parent=34835"}],"wp:term":[{"taxonomy":"product_brand","embeddable":true,"href":"https:\/\/ventesengros.fr\/pt\/wp-json\/wp\/v2\/product_brand?post=34835"},{"taxonomy":"product_cat","embeddable":true,"href":"https:\/\/ventesengros.fr\/pt\/wp-json\/wp\/v2\/product_cat?post=34835"},{"taxonomy":"product_tag","embeddable":true,"href":"https:\/\/ventesengros.fr\/pt\/wp-json\/wp\/v2\/product_tag?post=34835"}],"curies":[{"name":"wp","href":"https:\/\/api.w.org\/{rel}","templated":true}]}}