{"id":34637,"date":"2016-05-23T09:58:49","date_gmt":"2016-05-23T08:58:49","guid":{"rendered":"https:\/\/ventesengros.fr\/grossiste\/chajarat-mariam-poudre-25g\/"},"modified":"2022-06-30T23:08:43","modified_gmt":"2022-06-30T22:08:43","slug":"chajarat-mariam-poudre-25g","status":"publish","type":"product","link":"https:\/\/ventesengros.fr\/pt\/grossiste\/chajarat-mariam-em-po-25g\/","title":{"rendered":"Chajarat mariam em p\u00f3 (ao quilo ou em saquinhos de 25 g)"},"content":{"rendered":"<p>La<span class=\"Apple-converted-space\">\u00a0<\/span>O p\u00f3 de chajarat mariam \u00e9 a forma mais conveniente de beneficiar deste rem\u00e9dio terap\u00eautico. Embora a utiliza\u00e7\u00e3o de <a href=\"https:\/\/www.amlou.fr\/rose-de-jericho\/\" target=\"_blank\" rel=\"noopener noreferrer\"><strong>rosa de jeric\u00f3<\/strong><\/a> \u00e9, por si s\u00f3, igualmente eficaz. Algumas pessoas est\u00e3o mais inclinadas a utilizar chajarat maryam em p\u00f3 por raz\u00f5es de rapidez e facilidade.<\/p>\n<h2><b>Chajarat mariam em p\u00f3: todos os benef\u00edcios dos gr\u00e2nulos de feto<\/b><\/h2>\n<p><span class=\"Apple-converted-space\">\u00a0<\/span>Ao moer a planta diretamente em p\u00f3, pode preparar decoc\u00e7\u00f5es com toda a tranquilidade. Esta t\u00e9cnica exige simplicidade. Uma ta\u00e7a ou ch\u00e1vena de \u00e1gua quente \u00e9 tudo o que \u00e9 necess\u00e1rio para preparar uma tisana. Juntar duas colheres de ch\u00e1 de chajarat maryam em p\u00f3. Os efeitos esperados ser\u00e3o equivalentes aos da planta seca.<\/p>\n<p><span class=\"Apple-converted-space\">\u00a0<\/span>Embora a Rosa de Jeric\u00f3 seja objeto de muitas supersti\u00e7\u00f5es, \u00e9 de facto o seu efeito sobre a fertilidade que as mulheres procuram. As v\u00e1rias lendas pag\u00e3s sobre a planta s\u00e3o exageradas e n\u00e3o t\u00eam qualquer base factual. O p\u00f3 de Chajarat maryam \u00e9, portanto, um feto cuja a\u00e7\u00e3o poderia estimular a fecunda\u00e7\u00e3o e a ovula\u00e7\u00e3o. \u00c9 sobretudo este efeito que se procura com a ingest\u00e3o de tisanas \u00e0 base de casca de Jeric\u00f3.<\/p>\n<h2><b>Outros benef\u00edcios da Rosa de Jeric\u00f3 mo\u00edda<\/b><\/h2>\n<p>Entre as outras virtudes do p\u00f3 de chajarat mariam conta-se o seu efeito hipoglicemiante. Quando bebido em ch\u00e1, ajuda a regular o \u00edndice glic\u00e9mico. Por si s\u00f3, ajuda a reduzir os efeitos indesej\u00e1veis da diabetes.<span class=\"Apple-converted-space\">\u00a0<\/span><\/p>\n<p><span class=\"Apple-converted-space\">\u00a0<\/span>Em segundo lugar, o p\u00f3 de chajarat maryam \u00e9 tamb\u00e9m eficaz no tratamento da conjuntivite e de outras alergias oculares. Em si mesmas, estas infec\u00e7\u00f5es oculares s\u00e3o frequentemente tempor\u00e1rias ou sazonais. No entanto, provocam uma comich\u00e3o muito desagrad\u00e1vel, que a planta de Jeric\u00f3 ajuda a aliviar. Assim, em tempos de crise, \u00e9 aconselh\u00e1vel beber uma tisana \u00e0 base de chajarat maryam uma vez por dia.<\/p>\n<p>Fotografia n\u00e3o contratual.<\/p>","protected":false},"excerpt":{"rendered":"<p>Oferecemos-lhe chajarat mariam em p\u00f3\u00a0<span style=\"color: #0000ff;\"><strong>vendido ao quilo ou em saquetas de 25 g<\/strong><\/span>. Com ou sem etiqueta.<\/p>\n<p><b>Pre\u00e7o por quilo :<\/b>\u00a0<span style=\"color: #ff0000;\"><strong>52\u20ac<\/strong><\/span><\/p>\n<p><b>Pre\u00e7o por saco<span class=\"Apple-converted-space\">\u00a0<\/span>:<\/b>\u00a0<strong><span style=\"color: #ff0000;\">2,69\u20ac<\/span><\/strong><\/p>\n<p>&nbsp;<\/p>","protected":false},"featured_media":38048,"template":"","meta":[],"product_brand":[],"product_cat":[206,285,59],"product_tag":[1020,1184,258,974,688,268],"class_list":{"0":"post-34637","1":"product","2":"type-product","3":"status-publish","4":"has-post-thumbnail","6":"product_cat-alimentation","7":"product_cat-autres","8":"product_cat-soin-et-bien-etre","9":"product_tag-chajarat-mariam-25g","10":"product_tag-en","11":"product_tag-en-gros","12":"product_tag-grossiste","13":"product_tag-maroc","14":"product_tag-poudre","15":"pa_lot-1-lot-1-kg-59e-soit-59e-le-kilo","16":"pa_lot-1-lot-12-sachets-3588e-2-99e-le-sachet","17":"pa_lot-2-lots-2-kg-112e-soit-56e-le-kilo","18":"pa_lot-2-lot-24-sachets-6936e-2-89e-le-sachet","19":"pa_lot-3-lots-3-kg-56e-soit-56e-le-kilo","20":"pa_lot-3-lot-36-sachets-9684e-2-69e-le-sachet","22":"first","23":"instock","24":"featured","25":"shipping-taxable","26":"purchasable","27":"product-type-variable"},"_links":{"self":[{"href":"https:\/\/ventesengros.fr\/pt\/wp-json\/wp\/v2\/product\/34637","targetHints":{"allow":["GET"]}}],"collection":[{"href":"https:\/\/ventesengros.fr\/pt\/wp-json\/wp\/v2\/product"}],"about":[{"href":"https:\/\/ventesengros.fr\/pt\/wp-json\/wp\/v2\/types\/product"}],"wp:featuredmedia":[{"embeddable":true,"href":"https:\/\/ventesengros.fr\/pt\/wp-json\/wp\/v2\/media\/38048"}],"wp:attachment":[{"href":"https:\/\/ventesengros.fr\/pt\/wp-json\/wp\/v2\/media?parent=34637"}],"wp:term":[{"taxonomy":"product_brand","embeddable":true,"href":"https:\/\/ventesengros.fr\/pt\/wp-json\/wp\/v2\/product_brand?post=34637"},{"taxonomy":"product_cat","embeddable":true,"href":"https:\/\/ventesengros.fr\/pt\/wp-json\/wp\/v2\/product_cat?post=34637"},{"taxonomy":"product_tag","embeddable":true,"href":"https:\/\/ventesengros.fr\/pt\/wp-json\/wp\/v2\/product_tag?post=34637"}],"curies":[{"name":"wp","href":"https:\/\/api.w.org\/{rel}","templated":true}]}}