{"id":34520,"date":"2016-05-12T07:13:59","date_gmt":"2016-05-12T06:13:59","guid":{"rendered":"https:\/\/ventesengros.fr\/grossiste\/gant-de-gommage-haute-qualite-rouge-carmin\/"},"modified":"2023-08-15T10:07:23","modified_gmt":"2023-08-15T09:07:23","slug":"gant-de-gommage-haute-qualite-rouge-carmin","status":"publish","type":"product","link":"https:\/\/ventesengros.fr\/pt\/grossiste\/luva-de-esfrega-vermelha-carmim-de-alta-qualidade\/","title":{"rendered":"Luva esfoliante de alta qualidade vermelho carmim X 12"},"content":{"rendered":"<p>Numa altura em que o mercado da moda e da beleza est\u00e1 no auge, em que as empresas redobram os seus esfor\u00e7os e investem somas astron\u00f3micas para apresentarem o melhor produto a fim de serem conhecidas e reconhecidas em todo o mundo, h\u00e1 produtos de beleza e de higiene que t\u00eam vindo a provar a sua efic\u00e1cia h\u00e1 muito tempo, como a Luva de Esfolia\u00e7\u00e3o de Alta Qualidade da Orient Grossiste.<\/p>\n<p>\u00c9 o caso de <b>luva de esfregar<\/b> originalmente utilizada nos hammams orientais, espalhou-se desde ent\u00e3o para se tornar uma pe\u00e7a indispens\u00e1vel nas nossas casas de banho ocidentais. Esta luva esfoliante pode ser comparada \u00e0 <b>luva kessa<\/b>, Isto porque limpa o corpo em profundidade. <b>Cuidar do seu corpo<\/b> \u00e9 importante para a sa\u00fade f\u00edsica e mental.<\/p>\n<h2><strong>A luva de lavagem de alta qualidade, com componentes para o satisfazer:\u00a0<\/strong><\/h2>\n<p>Fabricado em crepe, \u00e9 ideal para esfoliar em profundidade as c\u00e9lulas mortas da pele, deixando-a sedosa e livre de impurezas. Esfregar a pele desta forma \u00e9 tamb\u00e9m uma excelente forma de ativar a circula\u00e7\u00e3o sangu\u00ednea, facilitando a regenera\u00e7\u00e3o da pele.<\/p>\n<p>Relativamente \u00e0 nossa <b>CONSELHOS DE UTILIZA\u00c7\u00c3O<\/b> Para o utilizador final, recomendamos que aque\u00e7a previamente a casa de banho a uma temperatura elevada e que utilize sab\u00e3o preto em todo o corpo, por exemplo, deixando-o atuar durante 1 a 2 minutos e depois enxaguando com \u00e1gua morna. Uma vez terminada esta fase, pode utilizar a luva para esfregar todo o corpo de uma forma bastante vigorosa, antes de enxaguar com o seu gel de banho habitual.<\/p>\n<h3><strong>A rela\u00e7\u00e3o qualidade-pre\u00e7o de Marrocos \u00e9 muito boa:<\/strong><\/h3>\n<p>O seu <b>atacadista <\/b>tu<b> <\/b>oferece estes produtos para venda <b>luvas de lavagem de alta qualidade <\/b>em cor-de-rosa, vendidos em lotes de 12, diretamente de Marrocos, com um peso l\u00edquido de 410 g cada.<\/p>\n<p>Assim, pode comprar estas luvas <b>a granel<\/b>, a um pre\u00e7o muito competitivo. Al\u00e9m disso, quanto maior for a quantidade comprada, mais baixo ser\u00e1 o pre\u00e7o por lote. Para facilitar a sua vida, recomendamos um pre\u00e7o de revenda calculado com base nos pre\u00e7os de mercado.<\/p>\n<p>Pode comprar produtos complementares ao sabonete preto no nosso site online na categoria cuidados e bem-estar.<\/p>\n<p><strong>LIMPEZA:<\/strong><\/p>\n<p><strong>Cor:<\/strong>\u00a0vermelho carmim<\/p>","protected":false},"excerpt":{"rendered":"<p>Oferecemos-lhe este\u00a0<strong>Luva cir\u00fargica de alta qualidade\u00a0<\/strong>vendido em embalagens de 12 unidades.<\/p>\n<p>Pre\u00e7o de retalho recomendado: 3,90-4,90 euros.<\/p>\n<p>1 lote :\u00a0<span style=\"color: #0ad227;\">1,29\/pe\u00e7a X 12 = 15,48 euros<\/span><\/p>","protected":false},"featured_media":34545,"template":"","meta":[],"product_brand":[],"product_cat":[401],"product_tag":[258,386,974,274],"class_list":{"0":"post-34520","1":"product","2":"type-product","3":"status-publish","4":"has-post-thumbnail","6":"product_cat-produits-du-hammam","7":"product_tag-en-gros","8":"product_tag-gant-de-gommage-2","9":"product_tag-grossiste","10":"product_tag-qualite","11":"pa_lot-158","12":"pa_lot-160","13":"pa_lot-159","15":"first","16":"instock","17":"shipping-taxable","18":"purchasable","19":"product-type-simple"},"_links":{"self":[{"href":"https:\/\/ventesengros.fr\/pt\/wp-json\/wp\/v2\/product\/34520","targetHints":{"allow":["GET"]}}],"collection":[{"href":"https:\/\/ventesengros.fr\/pt\/wp-json\/wp\/v2\/product"}],"about":[{"href":"https:\/\/ventesengros.fr\/pt\/wp-json\/wp\/v2\/types\/product"}],"wp:featuredmedia":[{"embeddable":true,"href":"https:\/\/ventesengros.fr\/pt\/wp-json\/wp\/v2\/media\/34545"}],"wp:attachment":[{"href":"https:\/\/ventesengros.fr\/pt\/wp-json\/wp\/v2\/media?parent=34520"}],"wp:term":[{"taxonomy":"product_brand","embeddable":true,"href":"https:\/\/ventesengros.fr\/pt\/wp-json\/wp\/v2\/product_brand?post=34520"},{"taxonomy":"product_cat","embeddable":true,"href":"https:\/\/ventesengros.fr\/pt\/wp-json\/wp\/v2\/product_cat?post=34520"},{"taxonomy":"product_tag","embeddable":true,"href":"https:\/\/ventesengros.fr\/pt\/wp-json\/wp\/v2\/product_tag?post=34520"}],"curies":[{"name":"wp","href":"https:\/\/api.w.org\/{rel}","templated":true}]}}