{"id":34340,"date":"2016-04-20T08:49:25","date_gmt":"2016-04-20T07:49:25","guid":{"rendered":"https:\/\/ventesengros.fr\/grossiste\/huile-de-fourmi-hemani-30ml\/"},"modified":"2024-12-10T07:48:58","modified_gmt":"2024-12-10T06:48:58","slug":"huile-de-fourmi-hemani-30ml","status":"publish","type":"product","link":"https:\/\/ventesengros.fr\/pt\/grossiste\/oleo-de-formiga-hemani-30ml\/","title":{"rendered":"\u00d3leo de Formiga HEMANI 30 ml X 12"},"content":{"rendered":"<p><strong>Propriedade:<\/strong><\/p>\n<p>-Previne a germina\u00e7\u00e3o dos p\u00ealos<\/p>\n<p>\u00d3leo de formiga 30mL HEMANI<\/p>\n<p>&nbsp;<\/p>\n<p>HEMANI \u00e9 uma marca famosa conhecida pelos seus produtos de qualidade biol\u00f3gica certificada e totalmente naturais. Os seus <strong>atacadista <\/strong>A Orient Grossiste decidiu propor-lhe a venda de <strong>a granel<\/strong> <strong>\u00f3leo de formiga 30mL HEMANI<\/strong> para obter um produto de qualidade a um pre\u00e7o competitivo.<\/p>\n<p>O \u00f3leo de formiga \u00e9 um \u00f3leo que elimina progressivamente os p\u00ealos pela raiz ap\u00f3s cada utiliza\u00e7\u00e3o. Basta massajar durante 5 a 10 minutos ap\u00f3s cada sess\u00e3o de depila\u00e7\u00e3o - com cera, depiladora ou pin\u00e7a - e repetir a sua utiliza\u00e7\u00e3o diariamente, sobretudo ap\u00f3s cada depila\u00e7\u00e3o. Os resultados s\u00e3o vis\u00edveis muito rapidamente, mas os verdadeiros resultados conclusivos e definitivos podem ser observados ap\u00f3s 5 aplica\u00e7\u00f5es (ou mesmo mais, consoante o tipo de pelo que tem).<\/p>\n<p>O \u00f3leo de formiga \u00e9 produzido a partir de <strong>de \u00e1cido f\u00f3rmico <\/strong>contido nos ovos de formiga, que \u00e9 um <strong>produto sint\u00e9tico<\/strong>, O \u00f3leo n\u00e3o cont\u00e9m formigas ou ovos de formigas. \u00c9 certificado como livre de qu\u00edmicos, sem parabenos e adequado para todos os tipos de pele, incluindo a pele sens\u00edvel. HEMANI Ant Oil pode ser utilizado em todas as partes do corpo.<\/p>\n<p>A embalagem do \u00f3leo de formiga vendido pela <strong>Orient Wholesaler<\/strong> \u00e9 colorido e vem num frasco de vidro de 30 ml com um aplicador na ponta dos dedos para uma utiliza\u00e7\u00e3o f\u00e1cil e higi\u00e9nica.<\/p>\n<p>Recomendamos um pre\u00e7o de revenda de 9,90 euros para este produto, com base nos actuais pre\u00e7os de mercado e na procura. Quanto mais lotes comprar, mais baixo ser\u00e1 o pre\u00e7o unit\u00e1rio.<\/p>\n<p>Se tiver alguma d\u00favida, n\u00e3o hesite em contactar o nosso servi\u00e7o de apoio ao cliente.<\/p>\n<p>&nbsp;<\/p>\n<p>&nbsp;<\/p>","protected":false},"excerpt":{"rendered":"<p>Oferecemos este \u00f3leo de formiga HEMANI num lote de<strong><span style=\"color: #0000ff;\">\u00a012 frascos de 30 ml.<\/span><\/strong><\/p>\n<ul>\n<li><b>Pre\u00e7o por garrafa\u00a0<span class=\"Apple-converted-space\">\u00a0 <\/span>:<\/b>\u00a0<span style=\"color: #ff0000;\"><strong>3,99\u20ac<\/strong><\/span><\/li>\n<\/ul>\n<p>1 lote : <span style=\"color: #0ad227;\">3,99\/pe\u00e7a X 12 = 47,88 euros<\/span><\/p>","protected":false},"featured_media":34348,"template":"","meta":[],"product_brand":[],"product_cat":[290,201,59],"product_tag":[258,974,536,688],"class_list":{"0":"post-34340","1":"product","2":"type-product","3":"status-publish","4":"has-post-thumbnail","6":"product_cat-autre","7":"product_cat-huiles-soin-et-bien-etre","8":"product_cat-soin-et-bien-etre","9":"product_tag-en-gros","10":"product_tag-grossiste","11":"product_tag-huile-de-fourmi","12":"product_tag-maroc","13":"pa_lot-1-lot-12-huiles-5880e-soit-490e-lhuile","14":"pa_lot-2-lots-24-huiles-10680e-soit-445e-lhuile","15":"pa_lot-3-lots-36-huiles-14364e-soit-399e-lhuile","17":"first","18":"instock","19":"shipping-taxable","20":"purchasable","21":"product-type-simple"},"_links":{"self":[{"href":"https:\/\/ventesengros.fr\/pt\/wp-json\/wp\/v2\/product\/34340","targetHints":{"allow":["GET"]}}],"collection":[{"href":"https:\/\/ventesengros.fr\/pt\/wp-json\/wp\/v2\/product"}],"about":[{"href":"https:\/\/ventesengros.fr\/pt\/wp-json\/wp\/v2\/types\/product"}],"wp:featuredmedia":[{"embeddable":true,"href":"https:\/\/ventesengros.fr\/pt\/wp-json\/wp\/v2\/media\/34348"}],"wp:attachment":[{"href":"https:\/\/ventesengros.fr\/pt\/wp-json\/wp\/v2\/media?parent=34340"}],"wp:term":[{"taxonomy":"product_brand","embeddable":true,"href":"https:\/\/ventesengros.fr\/pt\/wp-json\/wp\/v2\/product_brand?post=34340"},{"taxonomy":"product_cat","embeddable":true,"href":"https:\/\/ventesengros.fr\/pt\/wp-json\/wp\/v2\/product_cat?post=34340"},{"taxonomy":"product_tag","embeddable":true,"href":"https:\/\/ventesengros.fr\/pt\/wp-json\/wp\/v2\/product_tag?post=34340"}],"curies":[{"name":"wp","href":"https:\/\/api.w.org\/{rel}","templated":true}]}}