{"id":34330,"date":"2016-04-19T11:43:37","date_gmt":"2016-04-19T10:43:37","guid":{"rendered":"https:\/\/ventesengros.fr\/grossiste\/gelules-de-curcuma-x60\/"},"modified":"2024-01-18T10:50:07","modified_gmt":"2024-01-18T09:50:07","slug":"gelules-de-curcuma-x60","status":"publish","type":"product","link":"https:\/\/ventesengros.fr\/pt\/grossiste\/capsulas-de-curcuma-x60\/","title":{"rendered":"C\u00e1psulas de curcuma (x60 c\u00e1psulas) (lote de 6 frascos)"},"content":{"rendered":"<div><strong>Propriedade:<\/strong><\/div>\n<div><\/div>\n<div><\/div>\n<div>A curcuma, um protetor gastrointestinal e um poderoso anti-inflamat\u00f3rio, tem muitos mais benef\u00edcios do que apenas a sua utiliza\u00e7\u00e3o na alimenta\u00e7\u00e3o:<\/div>\n<div><\/div>\n<div>-Trata os problemas digestivos<\/div>\n<div>-Alivia a dor da gastrite e de outras inflama\u00e7\u00f5es intestinais: ao contr\u00e1rio de certos anti-inflamat\u00f3rios, a curcuma n\u00e3o provoca \u00falceras nem o risco de hemorragias internas, mas protege eficazmente os \u00f3rg\u00e3os digestivos.<\/div>\n<div>Refor\u00e7o em profundidade de todo o sistema imunit\u00e1rio<\/div>\n<div>-Reduz as dores inflamat\u00f3rias cr\u00f3nicas como a artrite, a osteoartrite, a tendinite, a ci\u00e1tica, o lumbago e o reumatismo.<\/div>\n<div>-Purifica o sangue, a linfa, o f\u00edgado e a ves\u00edcula biliar de forma muito eficaz.<\/div>\n<div>-Actua na obstipa\u00e7\u00e3o cr\u00f3nica, na diarreia infecciosa e na gastroenterite.<\/div>\n<div>-Elimina muito eficazmente os parasitas e vermes intestinais como a Candida-Albicans e a Helicobacter-pilori, que est\u00e3o diretamente ligados a certas depend\u00eancias e perturba\u00e7\u00f5es alimentares, \u00e0 bulimia e \u00e0 inflama\u00e7\u00e3o cr\u00f3nica.<\/div>\n<div>-E assim por diante.<\/div>\n<div>A curcuma poderia tamb\u00e9m revelar-se muito eficaz na preven\u00e7\u00e3o de certos cancros.<\/div>\n<div><\/div>\n<div><strong>Como o utilizar:<\/strong><\/div>\n<div><\/div>\n<div>Tomar 1 c\u00e1psula de manh\u00e3, a meio do dia e \u00e0 noite, \u00e0s refei\u00e7\u00f5es e com um grande copo de \u00e1gua.<\/div>\n<div>A combina\u00e7\u00e3o de c\u00e1psulas de curcuma com c\u00e1psulas de gengibre ou de feno-grego aumenta o poder de absor\u00e7\u00e3o da curcuma pelo intestino.<\/div>\n<div><\/div>\n<div><strong>Ingredientes:\u00a0<\/strong><\/div>\n<div><\/div>\n<div>Rizoma de curcuma (curcuma longa), c\u00e1psula vegetal (hidroxipropilmetilcelulose).<\/div>\n<div><\/div>\n<div><strong>Precau\u00e7\u00f5es de utiliza\u00e7\u00e3o:\u00a0<\/strong><\/div>\n<div><\/div>\n<div>Conservar num local fresco e seco, ao abrigo da luz.<\/div>\n<div>Um suplemento alimentar n\u00e3o deve ser utilizado como substituto de um regime alimentar variado e equilibrado e de um estilo de vida saud\u00e1vel.<\/div>\n<div>Se estiver a fazer um tratamento m\u00e9dico, pe\u00e7a conselhos ao seu terapeuta.<\/div>\n<div>N\u00e3o exceder a dose di\u00e1ria recomendada.<\/div>\n<div>Manter fora do alcance das crian\u00e7as.<\/div>\n<div><\/div>\n<p>&nbsp;<\/p>","protected":false},"excerpt":{"rendered":"<p>Oferecemos-lhe <strong>C\u00farcuma em c\u00e1psulas (x60 c\u00e1psulas) <\/strong>vendido em embalagens de 6 garrafas.<\/p>\n<p>1 lote : <span style=\"color: #ff0000;\">4,49\/pe\u00e7a X 6 = e26,94<\/span><\/p>\n<p>Pre\u00e7o de venda recomendado: 9,90 euros.<\/p>","protected":false},"featured_media":57912,"template":"","meta":[],"product_brand":[],"product_cat":[206,285,1554,59],"product_tag":[],"class_list":{"0":"post-34330","1":"product","2":"type-product","3":"status-publish","4":"has-post-thumbnail","6":"product_cat-alimentation","7":"product_cat-autres","8":"product_cat-grossiste-gelules","9":"product_cat-soin-et-bien-etre","11":"first","12":"instock","13":"shipping-taxable","14":"purchasable","15":"product-type-simple"},"_links":{"self":[{"href":"https:\/\/ventesengros.fr\/pt\/wp-json\/wp\/v2\/product\/34330","targetHints":{"allow":["GET"]}}],"collection":[{"href":"https:\/\/ventesengros.fr\/pt\/wp-json\/wp\/v2\/product"}],"about":[{"href":"https:\/\/ventesengros.fr\/pt\/wp-json\/wp\/v2\/types\/product"}],"wp:featuredmedia":[{"embeddable":true,"href":"https:\/\/ventesengros.fr\/pt\/wp-json\/wp\/v2\/media\/57912"}],"wp:attachment":[{"href":"https:\/\/ventesengros.fr\/pt\/wp-json\/wp\/v2\/media?parent=34330"}],"wp:term":[{"taxonomy":"product_brand","embeddable":true,"href":"https:\/\/ventesengros.fr\/pt\/wp-json\/wp\/v2\/product_brand?post=34330"},{"taxonomy":"product_cat","embeddable":true,"href":"https:\/\/ventesengros.fr\/pt\/wp-json\/wp\/v2\/product_cat?post=34330"},{"taxonomy":"product_tag","embeddable":true,"href":"https:\/\/ventesengros.fr\/pt\/wp-json\/wp\/v2\/product_tag?post=34330"}],"curies":[{"name":"wp","href":"https:\/\/api.w.org\/{rel}","templated":true}]}}