{"id":34275,"date":"2016-04-13T11:47:56","date_gmt":"2016-04-13T10:47:56","guid":{"rendered":"https:\/\/ventesengros.fr\/grossiste\/miel-doranger-250g-2\/"},"modified":"2022-06-30T23:10:34","modified_gmt":"2022-06-30T22:10:34","slug":"miel-d-eucalyptus-250g","status":"publish","type":"product","link":"https:\/\/ventesengros.fr\/pt\/grossiste\/mel-de-eucalipto-250g\/","title":{"rendered":"Mel de eucalipto - frasco de 250g (embalagem de 8 frascos)"},"content":{"rendered":"<p>Le\u00a0<strong>Mel de eucalipto 250g<\/strong> \u00e9 conhecido pelos seus in\u00fameros benef\u00edcios para a sa\u00fade, mas existem muitos tipos diferentes de mel, cada um com o seu pr\u00f3prio sabor, aspeto, cor, origem e virtudes espec\u00edficas. Assim, cada mel \u00e9 \u00fanico e tem as suas pr\u00f3prias carater\u00edsticas especiais.<\/p>\n<h2><strong>Mel de eucalipto 250g um produto local de qualidade:\u00a0<\/strong><\/h2>\n<p>O seu <b>atacadista<\/b> Orient Grossiste traz-lhe <b>Mel de eucalipto 250g de Marrocos <\/b>vendido <b>a granel<\/b> por embalagem de 8 frascos de 250 gramas.  Este mel carater\u00edstico prov\u00e9m da madeira de eucalipto, que se encontra principalmente em Espanha, Marrocos, Arg\u00e9lia...<\/p>\n<p>O mel de eucalipto 250g tem um sabor frutado e ligeiramente mentolado. Possui numerosos benef\u00edcios terap\u00eauticos, sendo particularmente recomendado para as infec\u00e7\u00f5es respirat\u00f3rias como as constipa\u00e7\u00f5es, a tosse e a bronquite. \u00c9 tamb\u00e9m muito eficaz contra os problemas urin\u00e1rios e intestinais.<\/p>\n<p>O sabor leve e subtil do mel de eucalipto \u00e9 particularmente popular em ch\u00e1s de ervas para constipa\u00e7\u00f5es, mas tamb\u00e9m pode ser utilizado na culin\u00e1ria e na cosm\u00e9tica, uma vez que o mel em geral \u00e9 conhecido pelos seus incr\u00edveis benef\u00edcios curativos.<\/p>\n<p>O mel \u00e9 reconhecido n\u00e3o s\u00f3 na medicina tradicional, mas tamb\u00e9m em formas mais antigas de medicina e, em particular, na medicina prof\u00e9tica isl\u00e2mica. A utiliza\u00e7\u00e3o deste produto natural tem muitos benef\u00edcios.<\/p>\n<p><b>Orient Wholesaler<\/b> traz-lhe este mel de qualidade diretamente da<b> Marrocos<\/b> e vendidos em grandes quantidades a pre\u00e7os reduzidos.<\/p>\n<p>Este produto pode ser comprado em lotes individuais ou em grandes quantidades para venda a retalho.<\/p>\n<p>Se tiver alguma d\u00favida ou reclama\u00e7\u00e3o, n\u00e3o hesite em contactar a nossa equipa de apoio ao cliente.<\/p>\n<p>&nbsp;<\/p>","protected":false},"excerpt":{"rendered":"<p>Oferecemos-lhe este\u00a0<strong>Mel de eucalipto 250g\u00a0<\/strong>vendido em embalagens de 8 unidades.<\/p>\n<p>1 lote : <span style=\"color: #0ad227;\">5,75\/pe\u00e7a X 8 = 46 euros<\/span><\/p>\n<p>&nbsp;<\/p>","protected":false},"featured_media":34647,"template":"","meta":[],"product_brand":[],"product_cat":[206,596,59],"product_tag":[258,974,1168],"class_list":{"0":"post-34275","1":"product","2":"type-product","3":"status-publish","4":"has-post-thumbnail","6":"product_cat-alimentation","7":"product_cat-miel-alimentation","8":"product_cat-soin-et-bien-etre","9":"product_tag-en-gros","10":"product_tag-grossiste","11":"product_tag-miel-d-eucalyptus","13":"first","14":"instock","15":"shipping-taxable","16":"purchasable","17":"product-type-simple"},"_links":{"self":[{"href":"https:\/\/ventesengros.fr\/pt\/wp-json\/wp\/v2\/product\/34275","targetHints":{"allow":["GET"]}}],"collection":[{"href":"https:\/\/ventesengros.fr\/pt\/wp-json\/wp\/v2\/product"}],"about":[{"href":"https:\/\/ventesengros.fr\/pt\/wp-json\/wp\/v2\/types\/product"}],"wp:featuredmedia":[{"embeddable":true,"href":"https:\/\/ventesengros.fr\/pt\/wp-json\/wp\/v2\/media\/34647"}],"wp:attachment":[{"href":"https:\/\/ventesengros.fr\/pt\/wp-json\/wp\/v2\/media?parent=34275"}],"wp:term":[{"taxonomy":"product_brand","embeddable":true,"href":"https:\/\/ventesengros.fr\/pt\/wp-json\/wp\/v2\/product_brand?post=34275"},{"taxonomy":"product_cat","embeddable":true,"href":"https:\/\/ventesengros.fr\/pt\/wp-json\/wp\/v2\/product_cat?post=34275"},{"taxonomy":"product_tag","embeddable":true,"href":"https:\/\/ventesengros.fr\/pt\/wp-json\/wp\/v2\/product_tag?post=34275"}],"curies":[{"name":"wp","href":"https:\/\/api.w.org\/{rel}","templated":true}]}}