{"id":34263,"date":"2016-04-12T15:30:19","date_gmt":"2016-04-12T14:30:19","guid":{"rendered":"https:\/\/ventesengros.fr\/grossiste\/kit-de-hijama-6-pieces\/"},"modified":"2025-09-23T15:01:51","modified_gmt":"2025-09-23T14:01:51","slug":"kit-de-hijama-6-pieces","status":"publish","type":"product","link":"https:\/\/ventesengros.fr\/pt\/grossiste\/kit-de-6-pecas-para-hijama-2\/","title":{"rendered":"Kit Hijama 6 pe\u00e7as bege (lote de 12 kits)"},"content":{"rendered":"<p><b>O hijama<\/b><span style=\"font-weight: 400;\"> \u00e9 uma medicina ancestral amplamente comprovada como t\u00e9cnica terap\u00eautica eficaz, reconhecida desde 2004 pela OMS. Utilizada na medicina chinesa, eg\u00edpcia e grega, foi tamb\u00e9m utilizada pelo Profeta Maom\u00e9 (sws), pelo que a sua utiliza\u00e7\u00e3o faz parte da Sunnah. <\/span><\/p>\n<p><span style=\"font-weight: 400;\">O Hijama \u00e9 a pr\u00e1tica de extra\u00e7\u00e3o do sangue ruim com ventosas e uma bomba especializada; \u00e9 feita uma ligeira incis\u00e3o na epiderme para absorver os gl\u00f3bulos vermelhos defeituosos, o veneno e todo o tipo de impurezas contidas no sangue. <\/span><b>O hidjama<\/b><span style=\"font-weight: 400;\"> permite-nos livrarmo-nos de todo o tipo de doen\u00e7as como dores de costas, enxaquecas, menstrua\u00e7\u00f5es dolorosas, infertilidade, impot\u00eancia, diabetes, regenera a energia vital do corpo, restaura a pot\u00eancia do nosso sistema imunit\u00e1rio, etc... \u00a0<\/span><\/p>\n<p><span style=\"font-weight: 400;\">Este kit \u00e9 composto por 6 ventosas de diferentes tamanhos - pequeno, m\u00e9dio e grande - para atuar eficazmente em diferentes partes do corpo. O kit \u00e9 fornecido com uma pequena bomba especializada para aspirar o sangue para a ventosa e extra\u00ed-lo de forma limpa e indolor.<\/span><\/p>\n<p><span style=\"font-weight: 400;\">Tal como acontece com todos os produtos que vendemos, recomendamos um pre\u00e7o de venda ao p\u00fablico entre 7,90 e 8,90 euros para este artigo. <\/span><\/p>\n<p><span style=\"font-weight: 400;\">Tamb\u00e9m pode encontrar outros artigos complementares relacionados com o hijama no nosso site, tais como kits adicionais em diferentes cores, bombas especializadas, ventosas e muito mais.<\/span><\/p>\n<p><span style=\"font-weight: 400;\">Se tiver alguma d\u00favida, n\u00e3o hesite em contactar a nossa equipa de apoio ao cliente. <\/span><\/p>\n<p>&nbsp;<\/p>","protected":false},"excerpt":{"rendered":"<p>Oferecemos-lhe este\u00a0<strong>Kit de 6 pe\u00e7as Hijama<\/strong><strong>\u00a0<\/strong>vendido em embalagens de 12 unidades.<\/p>\n<p>Pre\u00e7o de venda recomendado: 7,90-8,90 euros.<\/p>\n<p>1 lote : <span style=\"color: #0ad227;\">5,25\/pe\u00e7a X 12 = 63 <\/span><span style=\"color: #0ad227;\">\u20ac<\/span><\/p>\n<p>&nbsp;<\/p>\n<p>&nbsp;<\/p>\n<p style=\"text-align: center;\">","protected":false},"featured_media":34268,"template":"","meta":[],"product_brand":[],"product_cat":[60,234],"product_tag":[236,235],"class_list":{"0":"post-34263","1":"product","2":"type-product","3":"status-publish","4":"has-post-thumbnail","6":"product_cat-bazar","7":"product_cat-kit-hijama","8":"product_tag-6-piece","9":"product_tag-kit-hijama-2","10":"pa_lot-158","11":"pa_lot-160","12":"pa_lot-159","14":"first","15":"instock","16":"featured","17":"shipping-taxable","18":"purchasable","19":"product-type-simple"},"_links":{"self":[{"href":"https:\/\/ventesengros.fr\/pt\/wp-json\/wp\/v2\/product\/34263","targetHints":{"allow":["GET"]}}],"collection":[{"href":"https:\/\/ventesengros.fr\/pt\/wp-json\/wp\/v2\/product"}],"about":[{"href":"https:\/\/ventesengros.fr\/pt\/wp-json\/wp\/v2\/types\/product"}],"wp:featuredmedia":[{"embeddable":true,"href":"https:\/\/ventesengros.fr\/pt\/wp-json\/wp\/v2\/media\/34268"}],"wp:attachment":[{"href":"https:\/\/ventesengros.fr\/pt\/wp-json\/wp\/v2\/media?parent=34263"}],"wp:term":[{"taxonomy":"product_brand","embeddable":true,"href":"https:\/\/ventesengros.fr\/pt\/wp-json\/wp\/v2\/product_brand?post=34263"},{"taxonomy":"product_cat","embeddable":true,"href":"https:\/\/ventesengros.fr\/pt\/wp-json\/wp\/v2\/product_cat?post=34263"},{"taxonomy":"product_tag","embeddable":true,"href":"https:\/\/ventesengros.fr\/pt\/wp-json\/wp\/v2\/product_tag?post=34263"}],"curies":[{"name":"wp","href":"https:\/\/api.w.org\/{rel}","templated":true}]}}