{"id":34226,"date":"2016-04-08T15:35:47","date_gmt":"2016-04-08T14:35:47","guid":{"rendered":"https:\/\/ventesengros.fr\/grossiste\/huile-de-lentisque-30ml\/"},"modified":"2022-06-30T23:10:37","modified_gmt":"2022-06-30T22:10:37","slug":"huile-de-lentisque","status":"publish","type":"product","link":"https:\/\/ventesengros.fr\/pt\/grossiste\/oleo-de-lentisco\/","title":{"rendered":"\u00d3leo de Lentisco 30mL X 12"},"content":{"rendered":"<p><strong>Propriedades:<\/strong><span style=\"color: #000000;\">\u00a0<\/span><\/p>\n<p>Trata a asma, a tosse e o desconforto no peito<br \/>\nDores de boca, doen\u00e7as das gengivas e dos dentes<br \/>\nQueimaduras e infec\u00e7\u00f5es cut\u00e2neas<br \/>\nSarna, sardas, vitiligo<br \/>\n\u00dalceras do est\u00f4mago<br \/>\nTumores hep\u00e1ticos e intestinais<br \/>\nHemorragia uterina<br \/>\nC\u00f3licas<br \/>\nIndigest\u00e3o<br \/>\nConvuls\u00f5es intestinais<br \/>\nC\u00f3lon<br \/>\nQueimaduras urin\u00e1rias, renais e intestinais<br \/>\nDores reum\u00e1ticas<br \/>\nDor neurop\u00e1tica<br \/>\nAnti-queda de cabelo<\/p>\n<p><b>Capacidade:\u00a0<\/b>30mL<\/p>\n<div id=\":9l.co\" class=\"JL\">\n<div id=\":9n.ma\" class=\"Mu SP\">\n<div class=\"tL8wMe xAWnQc\" dir=\"ltr\"><b>Nome da marca: <\/b>AL RIDOUAN<\/div>\n<div class=\"tL8wMe xAWnQc\" dir=\"ltr\"><\/div>\n<div class=\"tL8wMe xAWnQc\" dir=\"ltr\"><b>Proveni\u00eancia:\u00a0<\/b>Marrocos<\/div>\n<div class=\"tL8wMe xAWnQc\" dir=\"ltr\"><b><br \/>\n<\/b><b>Peso:\u00a0<\/b>100g\/pe\u00e7a<\/div>\n<\/div>\n<\/div>\n<p>&nbsp;<\/p>","protected":false},"excerpt":{"rendered":"<p>Oferecemos-lhe este\u00a0<strong>\u00d3leo Lentisque 30mL<\/strong><strong>\u00a0<\/strong>vendido em embalagens de 12 unidades.<\/p>\n<p>Pre\u00e7o de retalho recomendado: 4,00 euros.<\/p>\n<p>1 lote :\u00a0<span style=\"color: #0ad227;\">1,29\/pe\u00e7a X 12 = 15,48 euros<\/span><\/p>\n<h3><\/h3>\n<p>&nbsp;<\/p>","protected":false},"featured_media":34232,"template":"","meta":[],"product_brand":[],"product_cat":[290,201,59],"product_tag":[1187,258,974,1166],"class_list":{"0":"post-34226","1":"product","2":"type-product","3":"status-publish","4":"has-post-thumbnail","6":"product_cat-autre","7":"product_cat-huiles-soin-et-bien-etre","8":"product_cat-soin-et-bien-etre","9":"product_tag-al-ridouan","10":"product_tag-en-gros","11":"product_tag-grossiste","12":"product_tag-huile-de-lentisque","13":"pa_lot-158","14":"pa_lot-160","15":"pa_lot-159","17":"first","18":"instock","19":"shipping-taxable","20":"purchasable","21":"product-type-simple"},"_links":{"self":[{"href":"https:\/\/ventesengros.fr\/pt\/wp-json\/wp\/v2\/product\/34226","targetHints":{"allow":["GET"]}}],"collection":[{"href":"https:\/\/ventesengros.fr\/pt\/wp-json\/wp\/v2\/product"}],"about":[{"href":"https:\/\/ventesengros.fr\/pt\/wp-json\/wp\/v2\/types\/product"}],"wp:featuredmedia":[{"embeddable":true,"href":"https:\/\/ventesengros.fr\/pt\/wp-json\/wp\/v2\/media\/34232"}],"wp:attachment":[{"href":"https:\/\/ventesengros.fr\/pt\/wp-json\/wp\/v2\/media?parent=34226"}],"wp:term":[{"taxonomy":"product_brand","embeddable":true,"href":"https:\/\/ventesengros.fr\/pt\/wp-json\/wp\/v2\/product_brand?post=34226"},{"taxonomy":"product_cat","embeddable":true,"href":"https:\/\/ventesengros.fr\/pt\/wp-json\/wp\/v2\/product_cat?post=34226"},{"taxonomy":"product_tag","embeddable":true,"href":"https:\/\/ventesengros.fr\/pt\/wp-json\/wp\/v2\/product_tag?post=34226"}],"curies":[{"name":"wp","href":"https:\/\/api.w.org\/{rel}","templated":true}]}}