{"id":34119,"date":"2016-03-29T14:42:46","date_gmt":"2016-03-29T13:42:46","guid":{"rendered":"https:\/\/ventesengros.fr\/grossiste\/gelules-de-gingembre-de-palmier-x60\/"},"modified":"2024-01-18T10:53:07","modified_gmt":"2024-01-18T09:53:07","slug":"gelules-de-gingembre-de-palmier-x60","status":"publish","type":"product","link":"https:\/\/ventesengros.fr\/pt\/grossiste\/palm-ginger-capsulas-x60\/","title":{"rendered":"C\u00e1psulas de gengibre (x60 c\u00e1psulas) - 6 embalagens"},"content":{"rendered":"<div><strong>Propriedade:<\/strong><\/div>\n<div>O gengibre \u00e9 conhecido h\u00e1 mais de 5.000 anos em muitas partes do mundo pelas suas propriedades terap\u00eauticas:<\/div>\n<div><\/div>\n<div>-Estimula o sistema imunit\u00e1rio.<\/div>\n<div>-Anti-inflamat\u00f3rio, antibacteriano e antiviral: ajuda a combater a febre, a gripe e as alergias.<\/div>\n<div>-Alivia as dores (enxaquecas, dores musculares, menstrua\u00e7\u00e3o, espasmos digestivos, perturba\u00e7\u00f5es g\u00e1stricas).<\/div>\n<div>-Estimula o apetite e actua nos dist\u00farbios intestinais como n\u00e1useas, incha\u00e7o, gases, dores e diarreia.<\/div>\n<div>-Previne o v\u00f3mito ap\u00f3s opera\u00e7\u00f5es, devido a enjoos ou durante a gravidez.<\/div>\n<div>-Tonifica, estimula e fortalece o corpo.<\/div>\n<div>-Fortes propriedades antioxidantes.<\/div>\n<div>-Afrodis\u00edaco.<\/div>\n<p>&nbsp;<\/p>","protected":false},"excerpt":{"rendered":"<p>Oferecemos-lhe <strong>C\u00e1psulas de gengibre (x60)\u00a0<\/strong>vendido em embalagens de 12 unidades.<\/p>\n<p>1 lote : <span style=\"color: #ff0000;\">4,19\/pe\u00e7a X 6 = 25,14 euros<\/span><\/p>\n<p>&nbsp;<\/p>\n<p>Pre\u00e7o de venda recomendado: 9,90 euros.<\/p>","protected":false},"featured_media":57915,"template":"","meta":[],"product_brand":[],"product_cat":[206,285,1554,59],"product_tag":[],"class_list":{"0":"post-34119","1":"product","2":"type-product","3":"status-publish","4":"has-post-thumbnail","6":"product_cat-alimentation","7":"product_cat-autres","8":"product_cat-grossiste-gelules","9":"product_cat-soin-et-bien-etre","11":"first","12":"instock","13":"shipping-taxable","14":"purchasable","15":"product-type-simple"},"_links":{"self":[{"href":"https:\/\/ventesengros.fr\/pt\/wp-json\/wp\/v2\/product\/34119","targetHints":{"allow":["GET"]}}],"collection":[{"href":"https:\/\/ventesengros.fr\/pt\/wp-json\/wp\/v2\/product"}],"about":[{"href":"https:\/\/ventesengros.fr\/pt\/wp-json\/wp\/v2\/types\/product"}],"wp:featuredmedia":[{"embeddable":true,"href":"https:\/\/ventesengros.fr\/pt\/wp-json\/wp\/v2\/media\/57915"}],"wp:attachment":[{"href":"https:\/\/ventesengros.fr\/pt\/wp-json\/wp\/v2\/media?parent=34119"}],"wp:term":[{"taxonomy":"product_brand","embeddable":true,"href":"https:\/\/ventesengros.fr\/pt\/wp-json\/wp\/v2\/product_brand?post=34119"},{"taxonomy":"product_cat","embeddable":true,"href":"https:\/\/ventesengros.fr\/pt\/wp-json\/wp\/v2\/product_cat?post=34119"},{"taxonomy":"product_tag","embeddable":true,"href":"https:\/\/ventesengros.fr\/pt\/wp-json\/wp\/v2\/product_tag?post=34119"}],"curies":[{"name":"wp","href":"https:\/\/api.w.org\/{rel}","templated":true}]}}