{"id":34063,"date":"2016-03-21T13:00:06","date_gmt":"2016-03-21T12:00:06","guid":{"rendered":"https:\/\/ventesengros.fr\/grossiste\/peau-de-grenade-poudre-kilo\/"},"modified":"2023-03-27T17:15:51","modified_gmt":"2023-03-27T16:15:51","slug":"peau-de-grenade-poudre-kilo","status":"publish","type":"product","link":"https:\/\/ventesengros.fr\/pt\/grossiste\/po-de-pele-de-roma-quilo\/","title":{"rendered":"Casca de rom\u00e3 em p\u00f3 por quilo"},"content":{"rendered":"<p><b>Proveni\u00eancia:<\/b>Marrocos<\/p>\n<p><b>Peso:\u00a0<\/b>1 kg<\/p>","protected":false},"excerpt":{"rendered":"<p>Oferecemos-lhe este\u00a0<strong>P\u00f3 de casca de rom\u00e3\u00a0<\/strong>vendido por quilo.<\/p>\n<p>pre\u00e7o de retalho recomendado: 3,99 por saqueta de 50g<\/p>\n<p>1 lote :\u00a0<span style=\"color: #0ad227;\">12,99\/kg<\/span><\/p>","protected":false},"featured_media":34064,"template":"","meta":[],"product_brand":[],"product_cat":[360,59],"product_tag":[113,258,974,688,269,191,1152],"class_list":{"0":"post-34063","1":"product","2":"type-product","3":"status-publish","4":"has-post-thumbnail","6":"product_cat-produit-naturel-en-vrac","7":"product_cat-soin-et-bien-etre","8":"product_tag-cosmetique","9":"product_tag-en-gros","10":"product_tag-grossiste","11":"product_tag-maroc","12":"product_tag-naturelle","13":"product_tag-pas-cher","14":"product_tag-peau-de-grenade-en-poudre-au-kilo","16":"first","17":"instock","18":"shipping-taxable","19":"purchasable","20":"product-type-simple"},"_links":{"self":[{"href":"https:\/\/ventesengros.fr\/pt\/wp-json\/wp\/v2\/product\/34063","targetHints":{"allow":["GET"]}}],"collection":[{"href":"https:\/\/ventesengros.fr\/pt\/wp-json\/wp\/v2\/product"}],"about":[{"href":"https:\/\/ventesengros.fr\/pt\/wp-json\/wp\/v2\/types\/product"}],"wp:featuredmedia":[{"embeddable":true,"href":"https:\/\/ventesengros.fr\/pt\/wp-json\/wp\/v2\/media\/34064"}],"wp:attachment":[{"href":"https:\/\/ventesengros.fr\/pt\/wp-json\/wp\/v2\/media?parent=34063"}],"wp:term":[{"taxonomy":"product_brand","embeddable":true,"href":"https:\/\/ventesengros.fr\/pt\/wp-json\/wp\/v2\/product_brand?post=34063"},{"taxonomy":"product_cat","embeddable":true,"href":"https:\/\/ventesengros.fr\/pt\/wp-json\/wp\/v2\/product_cat?post=34063"},{"taxonomy":"product_tag","embeddable":true,"href":"https:\/\/ventesengros.fr\/pt\/wp-json\/wp\/v2\/product_tag?post=34063"}],"curies":[{"name":"wp","href":"https:\/\/api.w.org\/{rel}","templated":true}]}}