{"id":34006,"date":"2016-03-14T17:42:04","date_gmt":"2016-03-14T16:42:04","guid":{"rendered":"https:\/\/ventesengros.fr\/grossiste\/curcuma-poudre-kilo\/"},"modified":"2024-10-18T16:10:53","modified_gmt":"2024-10-18T15:10:53","slug":"curcuma-poudre-kilo","status":"publish","type":"product","link":"https:\/\/ventesengros.fr\/pt\/grossiste\/acafrao-da-terra-em-po-quilo\/","title":{"rendered":"A\u00e7afr\u00e3o em p\u00f3 por quilo"},"content":{"rendered":"<p><b>Proveni\u00eancia:\u00a0<\/b>Marrocos<\/p>\n<p><b>Peso:\u00a0<\/b>1 kg<\/p>","protected":false},"excerpt":{"rendered":"<p>Oferecemos-lhe este\u00a0<strong>A\u00e7afr\u00e3o-da-terra em p\u00f3 <\/strong>vendido em embalagens de 1kg.<\/p>\n<p>1 lote :\u00a0<span style=\"color: #0ad227;\">10,90\u20ac\/pe\u00e7a<\/span><\/p>","protected":false},"featured_media":34009,"template":"","meta":[],"product_brand":[],"product_cat":[360,59],"product_tag":[1150,974,688],"class_list":{"0":"post-34006","1":"product","2":"type-product","3":"status-publish","4":"has-post-thumbnail","6":"product_cat-produit-naturel-en-vrac","7":"product_cat-soin-et-bien-etre","8":"product_tag-curcuma-poudre-au-kilo","9":"product_tag-grossiste","10":"product_tag-maroc","12":"first","13":"instock","14":"shipping-taxable","15":"purchasable","16":"product-type-simple"},"_links":{"self":[{"href":"https:\/\/ventesengros.fr\/pt\/wp-json\/wp\/v2\/product\/34006","targetHints":{"allow":["GET"]}}],"collection":[{"href":"https:\/\/ventesengros.fr\/pt\/wp-json\/wp\/v2\/product"}],"about":[{"href":"https:\/\/ventesengros.fr\/pt\/wp-json\/wp\/v2\/types\/product"}],"wp:featuredmedia":[{"embeddable":true,"href":"https:\/\/ventesengros.fr\/pt\/wp-json\/wp\/v2\/media\/34009"}],"wp:attachment":[{"href":"https:\/\/ventesengros.fr\/pt\/wp-json\/wp\/v2\/media?parent=34006"}],"wp:term":[{"taxonomy":"product_brand","embeddable":true,"href":"https:\/\/ventesengros.fr\/pt\/wp-json\/wp\/v2\/product_brand?post=34006"},{"taxonomy":"product_cat","embeddable":true,"href":"https:\/\/ventesengros.fr\/pt\/wp-json\/wp\/v2\/product_cat?post=34006"},{"taxonomy":"product_tag","embeddable":true,"href":"https:\/\/ventesengros.fr\/pt\/wp-json\/wp\/v2\/product_tag?post=34006"}],"curies":[{"name":"wp","href":"https:\/\/api.w.org\/{rel}","templated":true}]}}