{"id":33993,"date":"2016-12-11T15:55:46","date_gmt":"2016-12-11T14:55:46","guid":{"rendered":"https:\/\/ventesengros.fr\/grossiste\/gelule-pollen-de-palmier\/"},"modified":"2025-01-03T11:38:24","modified_gmt":"2025-01-03T10:38:24","slug":"gelule-pollen-de-palmier","status":"publish","type":"product","link":"https:\/\/ventesengros.fr\/pt\/grossiste\/gel-de-polen-de-palma\/","title":{"rendered":"C\u00e1psulas de p\u00f3len de palmeira - 60 C\u00e1psulas (embalagem de 6)"},"content":{"rendered":"<p>&nbsp;<\/p>\n<p>O p\u00f3len de palma \u00e9 um produto totalmente natural, recomendado como rem\u00e9dio e complemento alimentar na medicina tradicional \u00e1rabe.<\/p>\n<p>A investiga\u00e7\u00e3o m\u00e9dica moderna confirmou os seus in\u00fameros benef\u00edcios, incluindo a sua efic\u00e1cia no tratamento da infertilidade masculina. Esta efic\u00e1cia \u00e9 explicada pela presen\u00e7a da hormona estrona no p\u00f3len (o p\u00f3len de palma \u00e9 um membro da fam\u00edlia dos fitoestrog\u00e9nios), que tamb\u00e9m se revela ben\u00e9fica na regula\u00e7\u00e3o da menstrua\u00e7\u00e3o feminina.<\/p>\n<p>O seu elevado teor de gordura, associado \u00e0 presen\u00e7a de estrona, explica os seus efeitos tonificantes e estimulantes. Esta \u00e9 a principal raz\u00e3o pela qual o p\u00f3len \u00e9 consumido na Ar\u00e1bia, mas a lista dos seus benef\u00edcios \u00e9 longa:<\/p>\n<p>Promove a fertilidade, limpa o \u00fatero durante e ap\u00f3s a menstrua\u00e7\u00e3o, apoia a produ\u00e7\u00e3o gonadal e combate a impot\u00eancia.<\/p>","protected":false},"excerpt":{"rendered":"<p>Oferecemos-lhe <strong>C\u00e1psulas de p\u00f3len de palmeira (x 60 c\u00e1psulas) <\/strong>vendido em embalagens de 6 unidades.<\/p>\n<p><strong><span style=\"color: #50b848;\">1 lote: 5,50 euros\/pe\u00e7a X6 = 33 euros<\/span><\/strong><\/p>\n<p><em><span style=\"font-size: 75%;\">Pre\u00e7o de venda recomendado: 13,90 euros<\/span><\/em><\/p>","protected":false},"featured_media":57907,"template":"","meta":[],"product_brand":[],"product_cat":[206,285,1515,1554,59],"product_tag":[],"class_list":{"0":"post-33993","1":"product","2":"type-product","3":"status-publish","4":"has-post-thumbnail","6":"product_cat-alimentation","7":"product_cat-autres","8":"product_cat-fertilite","9":"product_cat-grossiste-gelules","10":"product_cat-soin-et-bien-etre","12":"first","13":"instock","14":"shipping-taxable","15":"purchasable","16":"product-type-simple"},"_links":{"self":[{"href":"https:\/\/ventesengros.fr\/pt\/wp-json\/wp\/v2\/product\/33993","targetHints":{"allow":["GET"]}}],"collection":[{"href":"https:\/\/ventesengros.fr\/pt\/wp-json\/wp\/v2\/product"}],"about":[{"href":"https:\/\/ventesengros.fr\/pt\/wp-json\/wp\/v2\/types\/product"}],"wp:featuredmedia":[{"embeddable":true,"href":"https:\/\/ventesengros.fr\/pt\/wp-json\/wp\/v2\/media\/57907"}],"wp:attachment":[{"href":"https:\/\/ventesengros.fr\/pt\/wp-json\/wp\/v2\/media?parent=33993"}],"wp:term":[{"taxonomy":"product_brand","embeddable":true,"href":"https:\/\/ventesengros.fr\/pt\/wp-json\/wp\/v2\/product_brand?post=33993"},{"taxonomy":"product_cat","embeddable":true,"href":"https:\/\/ventesengros.fr\/pt\/wp-json\/wp\/v2\/product_cat?post=33993"},{"taxonomy":"product_tag","embeddable":true,"href":"https:\/\/ventesengros.fr\/pt\/wp-json\/wp\/v2\/product_tag?post=33993"}],"curies":[{"name":"wp","href":"https:\/\/api.w.org\/{rel}","templated":true}]}}