{"id":33927,"date":"2016-03-05T07:00:21","date_gmt":"2016-03-05T06:00:21","guid":{"rendered":"https:\/\/ventesengros.fr\/grossiste\/miel-de-sidr-250g\/"},"modified":"2023-12-21T10:25:59","modified_gmt":"2023-12-21T09:25:59","slug":"miel-de-sidr-250g","status":"publish","type":"product","link":"https:\/\/ventesengros.fr\/pt\/grossiste\/mel-sidr-250g\/","title":{"rendered":"Mel de Sidr em frasco de 250 g (lote de 8 frascos)"},"content":{"rendered":"<p>O mel \u00e9 um n\u00e9ctar doce que \u00e9 t\u00e3o bom para o seu paladar como para a sua sa\u00fade. \u00c9 um rem\u00e9dio natural com benef\u00edcios e virtudes excepcionais.<\/p>\n<p><span style=\"font-weight: 400;\">Existem muitos tipos diferentes de mel, com aromas, texturas e sabores muito diferentes consoante a sua origem. Atualmente, existem no mercado m\u00e9is de qualidade vari\u00e1vel, sendo que alguns dos melhores incluem <\/span><b>o famoso mel de jujuba<\/b><span style=\"font-weight: 400;\">, tamb\u00e9m conhecido como <\/span><b>Mel Sidr<\/b><span style=\"font-weight: 400;\">, da \u00e1rvore Sidr. \u00a0<\/span><\/p>\n<p><span style=\"font-weight: 400;\">O seu<\/span><b> atacadista online <\/b><span style=\"font-weight: 400;\">Orient Grossiste oferece-lhe <\/span><b>grossista<\/b><span style=\"font-weight: 400;\"> este <\/span><b>Mel Sidr<\/b><span style=\"font-weight: 400;\">\u00a0classificado como um mel topo de gama de qualidade muito elevada. <\/span><\/p>\n<p><span style=\"font-weight: 400;\">Este mel \u00e9 particularmente procurado pelas suas numerosas<\/span><b> propriedades terap\u00eauticas\u00a0 <\/b><span style=\"font-weight: 400;\">:<\/span><\/p>\n<p><span style=\"font-weight: 400;\">\u00c9 um estimulante que tem a capacidade de fortalecer o sistema imunit\u00e1rio e \u00e9 um antibi\u00f3tico natural contra v\u00e1rias doen\u00e7as, tais como diabetes, dist\u00farbios respirat\u00f3rios, problemas digestivos e outros, mas tamb\u00e9m pode ser utilizado em cosm\u00e9ticos contra eczema e acne. \u00a0\u00a0\u00a0\u00a0<\/span><\/p>\n<p><span style=\"font-weight: 400;\">Le <\/span><b>mel de jujuba<\/b><span style=\"font-weight: 400;\"> da Orient Grossiste est\u00e1 dispon\u00edvel em embalagens de 8 unidades a um pre\u00e7o de <\/span><b>pre\u00e7o muito competitivo<\/b><span style=\"font-weight: 400;\"> a partir de 6,99 euros cada, ou seja, 55,92 euros por lote. Pode vender a retalho este mel muito procurado, apreciado n\u00e3o s\u00f3 pelas suas virtudes, mas tamb\u00e9m pela sua textura agrad\u00e1vel e sabor ligeiramente caramelizado.\u00a0<\/span><\/p>\n<p><span style=\"font-weight: 400;\">O seu grossista em linha garante <\/span><b>mel puro e de qualidade<\/b><span style=\"font-weight: 400;\"> sem adi\u00e7\u00e3o de glucose. <\/span><\/p>\n<p><span style=\"font-weight: 400;\">Pode tirar partido de <\/span><b>diminui\u00e7\u00e3o do pre\u00e7o unit\u00e1rio<\/b><span style=\"font-weight: 400;\"> quanto maior for a quantidade comprada, <\/span><span style=\"font-weight: 400;\">. A nossa equipa de apoio ao cliente ter\u00e1 todo o prazer em responder a quaisquer perguntas que possa ter.<\/span><\/p>\n<p>Origem: Marrocos<\/p>","protected":false},"excerpt":{"rendered":"<p>Oferecemos-lhe este\u00a0<strong>Mel Sidr - 250g - API Sa\u00fade <span style=\"color: #000080;\">vendido em embalagens de 8 unidades<\/span><\/strong>.<\/p>\n<p>1 lote :\u00a0<span style=\"color: #0ad227;\">6,99\/unidade X 8 = 55,92 euros<\/span><\/p>\n<p>&nbsp;<\/p>","protected":false},"featured_media":34404,"template":"","meta":[],"product_brand":[],"product_cat":[206,596,59],"product_tag":[],"class_list":{"0":"post-33927","1":"product","2":"type-product","3":"status-publish","4":"has-post-thumbnail","6":"product_cat-alimentation","7":"product_cat-miel-alimentation","8":"product_cat-soin-et-bien-etre","10":"first","11":"instock","12":"shipping-taxable","13":"purchasable","14":"product-type-simple"},"_links":{"self":[{"href":"https:\/\/ventesengros.fr\/pt\/wp-json\/wp\/v2\/product\/33927","targetHints":{"allow":["GET"]}}],"collection":[{"href":"https:\/\/ventesengros.fr\/pt\/wp-json\/wp\/v2\/product"}],"about":[{"href":"https:\/\/ventesengros.fr\/pt\/wp-json\/wp\/v2\/types\/product"}],"wp:featuredmedia":[{"embeddable":true,"href":"https:\/\/ventesengros.fr\/pt\/wp-json\/wp\/v2\/media\/34404"}],"wp:attachment":[{"href":"https:\/\/ventesengros.fr\/pt\/wp-json\/wp\/v2\/media?parent=33927"}],"wp:term":[{"taxonomy":"product_brand","embeddable":true,"href":"https:\/\/ventesengros.fr\/pt\/wp-json\/wp\/v2\/product_brand?post=33927"},{"taxonomy":"product_cat","embeddable":true,"href":"https:\/\/ventesengros.fr\/pt\/wp-json\/wp\/v2\/product_cat?post=33927"},{"taxonomy":"product_tag","embeddable":true,"href":"https:\/\/ventesengros.fr\/pt\/wp-json\/wp\/v2\/product_tag?post=33927"}],"curies":[{"name":"wp","href":"https:\/\/api.w.org\/{rel}","templated":true}]}}