{"id":33675,"date":"2016-03-05T17:54:05","date_gmt":"2016-03-05T16:54:05","guid":{"rendered":"https:\/\/ventesengros.fr\/grossiste\/gelules-de-fenugrec-x90\/"},"modified":"2024-01-18T10:52:04","modified_gmt":"2024-01-18T09:52:04","slug":"gelules-de-fenugrec-x90","status":"publish","type":"product","link":"https:\/\/ventesengros.fr\/pt\/grossiste\/feno-grego-capsulas-x90\/","title":{"rendered":"C\u00e1psulas de feno-grego (60 c\u00e1psulas) - Embalagem de 6 frascos"},"content":{"rendered":"<p><span style=\"color: #000000;\"><strong>Finalmente, c\u00e1psulas naturais sem aditivos!<\/strong><\/span><\/p>\n<p><span style=\"color: #000000;\">Contrariamente \u00e0 maioria das c\u00e1psulas existentes no mercado, estas c\u00e1psulas de feno-grego em p\u00f3 s\u00e3o constitu\u00eddas apenas por sementes de feno-grego em p\u00f3 e pela pr\u00f3pria c\u00e1psula, que \u00e9 de origem vegetal (\u00e0 base de algas).<\/span><\/p>\n<p><span style=\"color: #000000;\"><strong>Composi\u00e7\u00e3o:<\/strong><b>\u00a0<\/b>Sementes de feno-grego em p\u00f3 (Trigonella foenum-graecum), c\u00e1psula vegetal.<\/span><\/p>\n<p>N\u00e3o cont\u00e9m gelatina animal nem aditivos (conservantes, corantes, antiaglomerantes, etc.).<\/p>\n<p><span style=\"color: #000000;\"><strong>Embalagem:<\/strong><b> 6<\/b>0 c\u00e1psulas vegetais de feno-grego natural em p\u00f3 numa caixa de comprimidos.<\/span><\/p>\n<p><span style=\"color: #000000;\"><strong>Conselhos de utiliza\u00e7\u00e3o:<\/strong> Tomar 2 c\u00e1psulas 3 vezes por dia com um copo de \u00e1gua durante um per\u00edodo renov\u00e1vel de 10 dias.<\/span><\/p>\n<p><span style=\"color: #000000;\"><strong>Precau\u00e7\u00f5es de utiliza\u00e7\u00e3o:\u00a0<\/strong>O feno-grego cont\u00e9m certas prote\u00ednas semelhantes \u00e0s encontradas no amendoim e no gr\u00e3o-de-bico, o que significa que o feno-grego pode causar reac\u00e7\u00f5es al\u00e9rgicas em pessoas que se sabe serem al\u00e9rgicas a estas fam\u00edlias de alimentos.<\/span><\/p>\n<p><span style=\"color: #000000;\">Conservar num local fresco e seco, ao abrigo da luz. Um suplemento alimentar n\u00e3o deve ser utilizado como substituto de um regime alimentar variado e equilibrado e de um modo de vida saud\u00e1vel. Consultar o seu terapeuta em caso de tratamento m\u00e9dico. N\u00e3o ultrapassar a dose di\u00e1ria recomendada. Manter fora do alcance das crian\u00e7as.<\/span><\/p>\n<p><b>Nome da marca:<\/b>\u00a0 Linabia<br \/>\n<b>Proveni\u00eancia:<\/b>Marrocos<br \/>\n<b>Peso:<\/b>78g\/pe\u00e7a<\/p>","protected":false},"excerpt":{"rendered":"<p>Oferecemos-lhe <strong>C\u00e1psulas de feno-grego (60 c\u00e1psulas) <\/strong>vendido em embalagens de 6 unidades.<\/p>\n<p>1 lote : <span style=\"color: #ff0000;\">4,19\/unidade X = 25,14 euros<\/span><\/p>\n<p>&nbsp;<\/p>\n<p>Pre\u00e7o de venda recomendado: 10,00-12,00 euros.<\/p>","protected":false},"featured_media":57914,"template":"","meta":[],"product_brand":[],"product_cat":[59,206,1532],"product_tag":[971,258,1131,974,688,191],"class_list":{"0":"post-33675","1":"product","2":"type-product","3":"status-publish","4":"has-post-thumbnail","6":"product_cat-soin-et-bien-etre","7":"product_cat-alimentation","8":"product_cat-grossiste-fenugrec","9":"product_tag-casablanca","10":"product_tag-en-gros","11":"product_tag-gelules-de-fenugrec","12":"product_tag-grossiste","13":"product_tag-maroc","14":"product_tag-pas-cher","16":"first","17":"instock","18":"shipping-taxable","19":"purchasable","20":"product-type-simple"},"_links":{"self":[{"href":"https:\/\/ventesengros.fr\/pt\/wp-json\/wp\/v2\/product\/33675","targetHints":{"allow":["GET"]}}],"collection":[{"href":"https:\/\/ventesengros.fr\/pt\/wp-json\/wp\/v2\/product"}],"about":[{"href":"https:\/\/ventesengros.fr\/pt\/wp-json\/wp\/v2\/types\/product"}],"wp:featuredmedia":[{"embeddable":true,"href":"https:\/\/ventesengros.fr\/pt\/wp-json\/wp\/v2\/media\/57914"}],"wp:attachment":[{"href":"https:\/\/ventesengros.fr\/pt\/wp-json\/wp\/v2\/media?parent=33675"}],"wp:term":[{"taxonomy":"product_brand","embeddable":true,"href":"https:\/\/ventesengros.fr\/pt\/wp-json\/wp\/v2\/product_brand?post=33675"},{"taxonomy":"product_cat","embeddable":true,"href":"https:\/\/ventesengros.fr\/pt\/wp-json\/wp\/v2\/product_cat?post=33675"},{"taxonomy":"product_tag","embeddable":true,"href":"https:\/\/ventesengros.fr\/pt\/wp-json\/wp\/v2\/product_tag?post=33675"}],"curies":[{"name":"wp","href":"https:\/\/api.w.org\/{rel}","templated":true}]}}